{"id":1391,"date":"2024-02-28T13:11:58","date_gmt":"2024-02-28T13:11:58","guid":{"rendered":"https:\/\/standify.org\/?post_type=product&#038;p=1391"},"modified":"2026-02-10T03:26:29","modified_gmt":"2026-02-09T17:26:29","slug":"playstation-premium-rgb-3mm-desk-pads-15-designs","status":"publish","type":"product","link":"https:\/\/standify.org\/lt\/parduotuve\/playstation-premium-rgb-3mm-desk-pads-15-designs\/","title":{"rendered":"\"Playstation Premium\" RGB 3 mm storio stalties\u0117s - 16 dizain\u0173"},"content":{"rendered":"<p>\u017denkite \u012f srit\u012f, kurioje kultinis \"PlayStation\" pasaulis dera su pa\u017eangiausiu dizainu, naudodami m\u016bs\u0173 \"PlayStation\" serijos RGB stalo kilim\u0117lius. Paverskite savo stal\u0105 \u017eaidim\u0173 j\u0117gaine, kuri palieka \u012fprastus pel\u0117s kilim\u0117lius toli u\u017e nugaros!<\/p>\n<p>Kod\u0117l tai yra tas stalinis kilim\u0117lis, kurio reikia kiekvienam \u017eaid\u0117jui: \ud83d\udd25 Neprilygstamos \"PlayStation\" temos: Rinkit\u0117s i\u0161 19 \u012fsp\u016bding\u0173, auk\u0161tos kokyb\u0117s pasirinktini\u0173 dizain\u0173. Pasinerkite \u012f \"PlayStation\" visat\u0105 su ry\u0161kiais vaizdais, kurie i\u0161skirs j\u016bs\u0173 \u017eaidim\u0173 stotel\u0119.<\/p>\n<p>\ud83c\udf0c RGB meistri\u0161kumas: J\u016bs\u0173 stalui suteikia daugiau nei tik spalv\u0105. Pasim\u0117gaukite dinami\u0161ku, pritaikomu LED RGB ap\u0161vietimu, kuris sukurtas taip, kad atspind\u0117t\u0173 kiekvien\u0105 nuotaik\u0105 ir \u017eaidim\u0173 sesij\u0105.<\/p>\n<p>\ud83d\uddb1\ufe0f Puikus \u017eaidim\u0173 na\u0161umas: Palikite plonus, nekokybi\u0161kus pel\u0117s kilim\u0117lius. M\u016bs\u0173 stalo kilim\u0117liai pasi\u017eymi auk\u0161\u010diausios kokyb\u0117s 3 mm storiu, u\u017etikrinan\u010diu skland\u0173, amortizuojant\u012f slydim\u0105 kiekvienu pel\u0117s judesiu, nesvarbu, ar tai b\u016bt\u0173 intensyv\u016bs \u017eaidim\u0173 m\u016b\u0161iai, ar nar\u0161ymas darbe.<\/p>\n<p>\u2728 Auk\u0161tos kokyb\u0117s med\u017eiaga: Pagaminti i\u0161 auk\u0161\u010diausios kokyb\u0117s gumos, \u0161ie ra\u0161omojo stalo kilim\u0117liai yra ne tik i\u0161vaizd\u016bs. Patirkite neprilygstam\u0105 stabilum\u0105 su neslystan\u010diu pagrindu ir ilgaam\u017ei\u0161kum\u0105, kuris pranoksta konkurent\u0173.<\/p>\n<p>I\u0161skirtin\u0117s savyb\u0117s:<\/p>\n<p>Pa\u017eangios ap\u0161vietimo ir LED funkcijos: Neapsistokite ties paprastais. Ap\u0161vieskite savo \u017eaidimus puikiais ap\u0161vietimo efektais. Svarbiausia \u017eaidim\u0173 \u012franga: Tai daugiau nei tik pel\u0117s kilim\u0117lis; tai b\u016btina j\u016bs\u0173 \u017eaidim\u0173 arsenalo dalis. PlayStation pasidid\u017eiavimas: Parodykite savo meil\u0119 \"PlayStation\" su \u0161iais unikalios tematikos kilim\u0117liais. Optimalus dydis kiekvienam nustatymui: Atsisveikinkite su ma\u017eais, netinkamais kilim\u0117liais. M\u016bs\u0173 dyd\u017ei\u0173 asortimentas u\u017etikrina tobul\u0105 bet kokio stalo padengim\u0105. Galimi dyd\u017eiai kiekvienam \u017eaid\u0117jui:<\/p>\n<p>RGB 300x600x3mm RGB 300x700x3mm RGB 250x350x3mm RGB 300x800x3mm RGB 400x900x3mm Kam tenkintis \u012fprastais dalykais, jei galite pasiekti \u017eaidim\u0173 meistri\u0161kum\u0105? M\u016bs\u0173 \"PlayStation\" serijos RGB stalo kilim\u0117lis - tai ne tik patobulinimas, bet ir j\u016bs\u0173 \u017eaidim\u0173 meistri\u0161kumo patvirtinimas. Nepraleiskite progos \u012fsigyti geriausio \u017eaidim\u0173 aksesuaro. Paverskite savo stal\u0105 \"PlayStation\" galios zona! \ud83c\udf1f\ud83c\udfae<\/p>","protected":false},"excerpt":{"rendered":"<p>Step into a realm where the iconic world of PlayStation meets cutting-edge design with our PlayStation Series RGB Desk Pads.<\/p>","protected":false},"featured_media":1488,"comment_status":"open","ping_status":"closed","template":"","meta":[],"product_brand":[],"product_cat":[16,28],"product_tag":[],"class_list":{"0":"post-1391","1":"product","2":"type-product","3":"status-publish","4":"has-post-thumbnail","6":"product_cat-standify","7":"product_cat-desk-pad","9":"first","10":"instock","11":"taxable","12":"shipping-taxable","13":"purchasable","14":"product-type-variable"},"jetpack_sharing_enabled":true,"_links":{"self":[{"href":"https:\/\/standify.org\/lt\/wp-json\/wp\/v2\/product\/1391","targetHints":{"allow":["GET"]}}],"collection":[{"href":"https:\/\/standify.org\/lt\/wp-json\/wp\/v2\/product"}],"about":[{"href":"https:\/\/standify.org\/lt\/wp-json\/wp\/v2\/types\/product"}],"replies":[{"embeddable":true,"href":"https:\/\/standify.org\/lt\/wp-json\/wp\/v2\/comments?post=1391"}],"version-history":[{"count":0,"href":"https:\/\/standify.org\/lt\/wp-json\/wp\/v2\/product\/1391\/revisions"}],"wp:featuredmedia":[{"embeddable":true,"href":"https:\/\/standify.org\/lt\/wp-json\/wp\/v2\/media\/1488"}],"wp:attachment":[{"href":"https:\/\/standify.org\/lt\/wp-json\/wp\/v2\/media?parent=1391"}],"wp:term":[{"taxonomy":"product_brand","embeddable":true,"href":"https:\/\/standify.org\/lt\/wp-json\/wp\/v2\/product_brand?post=1391"},{"taxonomy":"product_cat","embeddable":true,"href":"https:\/\/standify.org\/lt\/wp-json\/wp\/v2\/product_cat?post=1391"},{"taxonomy":"product_tag","embeddable":true,"href":"https:\/\/standify.org\/lt\/wp-json\/wp\/v2\/product_tag?post=1391"}],"curies":[{"name":"wp","href":"https:\/\/api.w.org\/{rel}","templated":true}]}}