{"id":1376,"date":"2023-11-07T15:23:50","date_gmt":"2023-11-07T15:23:50","guid":{"rendered":"https:\/\/standify.org\/?product=pink-crystal-controller-stand"},"modified":"2024-11-19T03:38:31","modified_gmt":"2024-11-18T17:38:31","slug":"pink-crystal-controller-stand","status":"publish","type":"product","link":"https:\/\/standify.org\/lt\/parduotuve\/pink-crystal-controller-stand\/","title":{"rendered":"Ro\u017einis kristal\u0173 valdiklio stovas"},"content":{"rendered":"<h1><\/h1>\n<p>Padidinkite savo \u017eaidim\u0173 \u012frang\u0105 elegancija ir \u012fmantrumu - pastelin\u0117s ro\u017ein\u0117s spalvos kristal\u0173 valdiklio stovas su\u017eav\u0117s! \ud83c\udfae\ud83d\udc96<\/p>\n<p><strong>Eleganti\u0161kas ir stiprus<\/strong> - U\u017eburkite savo \u017eaidim\u0173 stal\u0105, naudodami \u0161io pastelin\u0117s ro\u017ein\u0117s spalvos kri\u0161tolinio stovo ne\u017eemi\u0161k\u0105 gro\u017e\u012f. Tobulai atspausdintas 3D spausdintuvu, jis sujungia fantazijos ir funkcionalumo sferas ir suteikia tvirt\u0105 prieglobst\u012f j\u016bs\u0173 valdikliui.<\/p>\n<p><strong>Visuotinai \u017eavus<\/strong> - \u0160is stovas, pagamintas taip, kad jame b\u016bt\u0173 galima laikyti \u012fvairius \u017eaidim\u0173 konsoli\u0173 valdiklius, yra ne tik nuostabus, bet ir universalus. J\u016bs\u0173 \u017eaidim\u0173 \u012franga bus saugiai laikoma, apsupta \u0161velnaus kristalinio \u017eavesio.<\/p>\n<p><strong>Erdv\u0119 taupanti magija<\/strong> - Kompakti\u0161kas dizainas u\u017etikrina, kad jis skland\u017eiai \u012fsilies \u012f j\u016bs\u0173 \u017eaidim\u0173 erdv\u0119 ir suteiks prabang\u0173 ekran\u0105 be netvarkos.<\/p>\n<p>\u0160is pastelin\u0117s ro\u017ein\u0117s spalvos kristal\u0173 valdiklio stovas, kuriame dizainas susilieja su naudingumu, suteikia \u017eaidim\u0173 aplinkai \u0161velni\u0173 spalv\u0173 ir magi\u0161ko \u017eavesio.<\/p>","protected":false},"excerpt":{"rendered":"<p>Elevate your gaming setup with a touch of elegance and whimsy \u2013 the Pastel Pink Crystal Controller Stand is here<\/p>","protected":false},"featured_media":1381,"comment_status":"open","ping_status":"closed","template":"","meta":[],"product_brand":[],"product_cat":[16],"product_tag":[22,24],"class_list":{"0":"post-1376","1":"product","2":"type-product","3":"status-publish","4":"has-post-thumbnail","6":"product_cat-standify","7":"product_tag-for-her","8":"product_tag-controller-stand","10":"first","11":"instock","12":"taxable","13":"shipping-taxable","14":"purchasable","15":"product-type-variable"},"jetpack_sharing_enabled":true,"_links":{"self":[{"href":"https:\/\/standify.org\/lt\/wp-json\/wp\/v2\/product\/1376","targetHints":{"allow":["GET"]}}],"collection":[{"href":"https:\/\/standify.org\/lt\/wp-json\/wp\/v2\/product"}],"about":[{"href":"https:\/\/standify.org\/lt\/wp-json\/wp\/v2\/types\/product"}],"replies":[{"embeddable":true,"href":"https:\/\/standify.org\/lt\/wp-json\/wp\/v2\/comments?post=1376"}],"version-history":[{"count":0,"href":"https:\/\/standify.org\/lt\/wp-json\/wp\/v2\/product\/1376\/revisions"}],"wp:featuredmedia":[{"embeddable":true,"href":"https:\/\/standify.org\/lt\/wp-json\/wp\/v2\/media\/1381"}],"wp:attachment":[{"href":"https:\/\/standify.org\/lt\/wp-json\/wp\/v2\/media?parent=1376"}],"wp:term":[{"taxonomy":"product_brand","embeddable":true,"href":"https:\/\/standify.org\/lt\/wp-json\/wp\/v2\/product_brand?post=1376"},{"taxonomy":"product_cat","embeddable":true,"href":"https:\/\/standify.org\/lt\/wp-json\/wp\/v2\/product_cat?post=1376"},{"taxonomy":"product_tag","embeddable":true,"href":"https:\/\/standify.org\/lt\/wp-json\/wp\/v2\/product_tag?post=1376"}],"curies":[{"name":"wp","href":"https:\/\/api.w.org\/{rel}","templated":true}]}}