{"id":13687,"date":"2024-06-25T02:47:09","date_gmt":"2024-06-24T16:47:09","guid":{"rendered":"https:\/\/standify.org\/shop\/dbz-colorful-phone-cases\/"},"modified":"2025-12-11T07:17:05","modified_gmt":"2025-12-10T21:17:05","slug":"dbz-colorful-phone-cases","status":"publish","type":"product","link":"https:\/\/standify.org\/lt\/parduotuve\/dbz-colorful-phone-cases\/","title":{"rendered":"DBZ spalvingi iPhone d\u0117klai"},"content":{"rendered":"<p>\u012ekraukite savo telefon\u0105 su \"Dragon Ball Z\"! \ud83d\udc09\ud83d\udca5<\/p>\n<p>Paverskite savo \u012frengin\u012f Super Sajanu su m\u016bs\u0173 epine DBZ d\u0117kl\u0173 kolekcija:<\/p>\n<p>\ud83d\udd25 Ak\u012f traukiantis dizainas su kultiniais persona\u017eais \ud83d\udee1\ufe0f Patvari apsauga, verta Z-Fighterio \ud83c\udfa8 Ry\u0161kios spalvos, i\u0161ry\u0161k\u0117jan\u010dios kaip Kamehameha<\/p>\n<p>Pasirinkite savo kovotoj\u0105:<\/p>\n<ul>\n<li>Pikolo \u017eiauriai \u017ealias ir violetinis<\/li>\n<li>Goku firmin\u0117 oran\u017ein\u0117 ir m\u0117lyna spalvos \ud83d\udfe0\ud83d\udd35<\/li>\n<li>Tams\u016bs antiheroj\u0173 tonai \ud83d\udda4<\/li>\n<\/ul>\n<p>Kod\u0117l \u0161ios bylos yra svarbios:<\/p>\n<ol>\n<li>I\u0161siskirkite i\u0161 minios<\/li>\n<li>I\u0161gyvenkite m\u0117gstamiausias DBZ akimirkas<\/li>\n<li>U\u017emegzkite pokalbius su kitais gerb\u0117jais<\/li>\n<li>Stilinga telefono apsauga<\/li>\n<\/ol>\n<p>Padidinkite \u012frenginio lyg\u012f! \ud83d\udcf1\u2b06\ufe0f Nesitenkinkite nuobod\u017eiu d\u0117klu. Parodykite savo galios lyg\u012f ir anime aistr\u0105 visur, kur tik eisite!<\/p>\n<p>Ar esate pasiruo\u0161\u0119 tapti Super Saiyan? Griebkite DBZ d\u0117kl\u0105 dabar ir leiskite savo telefonui \u012fgauti galutin\u0119 form\u0105! \ud83d\udd25\ud83d\udc4a<\/p>","protected":false},"excerpt":{"rendered":"<p>Power Up Your Phone with Dragon Ball Z! \ud83d\udc09\ud83d\udca5 Transform your device into a Super Saiyan with our epic DBZ<\/p>","protected":false},"featured_media":13669,"comment_status":"open","ping_status":"closed","template":"","meta":[],"product_brand":[],"product_cat":[641,658,16,20],"product_tag":[19],"class_list":{"0":"post-13687","1":"product","2":"type-product","3":"status-publish","4":"has-post-thumbnail","6":"product_cat-dragon-ball-z-super-saiyan","7":"product_cat-phone-cases","8":"product_cat-standify","9":"product_cat-apparel","10":"product_tag-clothing","12":"first","13":"instock","14":"sale","15":"taxable","16":"shipping-taxable","17":"purchasable","18":"product-type-variable","19":"has-default-attributes"},"jetpack_sharing_enabled":true,"_links":{"self":[{"href":"https:\/\/standify.org\/lt\/wp-json\/wp\/v2\/product\/13687","targetHints":{"allow":["GET"]}}],"collection":[{"href":"https:\/\/standify.org\/lt\/wp-json\/wp\/v2\/product"}],"about":[{"href":"https:\/\/standify.org\/lt\/wp-json\/wp\/v2\/types\/product"}],"replies":[{"embeddable":true,"href":"https:\/\/standify.org\/lt\/wp-json\/wp\/v2\/comments?post=13687"}],"version-history":[{"count":0,"href":"https:\/\/standify.org\/lt\/wp-json\/wp\/v2\/product\/13687\/revisions"}],"wp:featuredmedia":[{"embeddable":true,"href":"https:\/\/standify.org\/lt\/wp-json\/wp\/v2\/media\/13669"}],"wp:attachment":[{"href":"https:\/\/standify.org\/lt\/wp-json\/wp\/v2\/media?parent=13687"}],"wp:term":[{"taxonomy":"product_brand","embeddable":true,"href":"https:\/\/standify.org\/lt\/wp-json\/wp\/v2\/product_brand?post=13687"},{"taxonomy":"product_cat","embeddable":true,"href":"https:\/\/standify.org\/lt\/wp-json\/wp\/v2\/product_cat?post=13687"},{"taxonomy":"product_tag","embeddable":true,"href":"https:\/\/standify.org\/lt\/wp-json\/wp\/v2\/product_tag?post=13687"}],"curies":[{"name":"wp","href":"https:\/\/api.w.org\/{rel}","templated":true}]}}