{"id":13040,"date":"2024-05-05T16:34:57","date_gmt":"2024-05-05T06:34:57","guid":{"rendered":"https:\/\/standify.org\/?post_type=product&#038;p=13040"},"modified":"2025-11-07T00:00:38","modified_gmt":"2025-11-06T14:00:38","slug":"pokemon-friends-og-rug-switch-pikachu-charmander-bulbasaur-squirtle","status":"publish","type":"product","link":"https:\/\/standify.org\/lt\/parduotuve\/pokemon-friends-og-rug-switch-pikachu-charmander-bulbasaur-squirtle\/","title":{"rendered":"Pokemon\u0173 draugai OG kilimas"},"content":{"rendered":"<p>\u017denkite \u012f pasaul\u012f, kuriame nuotykiai laukia kiekviename kampe, su m\u016bs\u0173 pokemon\u0173 kilimu! \ud83c\udf1f Su \u0161iuo ry\u0161kiu, \"Nintendo Switch\" \u012fkv\u0117ptu kilimu, kuriame pavaizduoti mylimi Pikachu, Charmander, Squirtle ir Bulbasaur, \u017eaidim\u0173 erdv\u0119 paversite did\u017eiausiu Pokemon\u0173 m\u016b\u0161io lauku.<\/p>\n<h5>\ud83d\udc7e Kam tenkintis \u012fprastu \u017eaidimu, jei galite \u017eaisti stilingai?<\/h5>\n<ul>\n<li><strong>Ikoni\u0161kas dizainas<\/strong>: M\u0117gaukit\u0117s m\u0117gstamiausi\u0173 Pokemon\u0173 persona\u017e\u0173 buvimu stulbinan\u010diomis spalvomis ir detal\u0117mis.<\/li>\n<li><strong>Komfortas ir stilius<\/strong>: Pagamintas i\u0161 mink\u0161t\u0173 ir patvari\u0173 med\u017eiag\u0173, jis puikiai tinka ilgoms \u017eaidim\u0173 sesijoms.<\/li>\n<li><strong>Universalus dydis:<\/strong> Puikiai tinka miegamajame, svetain\u0117je ar \u017eaidim\u0173 erdv\u0117je.<\/li>\n<\/ul>\n<p><strong>\ud83c\udf1f Specialus pasi\u016blymas:<\/strong> Ribot\u0105 laik\u0105 \u012fsigykite \"Pok\u00e9mon\" kilim\u0117l\u012f su nuolaida ir prie kiekvieno pirkimo nemokamai gaukite \"Pok\u00e9mon\" plakat\u0105!<\/p>\n<p>Ne tik \u017eaiskite \u017eaidim\u0105, bet ir gyvenkite juo! Parsine\u0161kite namo pokemon\u0173 magij\u0105 ir kiekvien\u0105 \u017eaidim\u0173 sesij\u0105 paverskite legendine. Spustel\u0117kite toliau, kad u\u017esisakytum\u0117te dabar, ir paverskite savo kambar\u012f Pokemon\u0173 rojumi! \ud83c\udfae\u2728<\/p>\n<p>U\u017esisakykite dabar - atsine\u0161kite pokemonus \u012f savo kambar\u012f<\/p>","protected":false},"excerpt":{"rendered":"<p>\u2665\ufe0f daro jus laimingus<br \/>\n\u2600\ufe0f Parsiveskite vaikyst\u0117s draugus \u012f namus<br \/>\n\ud83c\udf08 Jau\u010diasi toks mink\u0161tas<\/p>","protected":false},"featured_media":13045,"comment_status":"open","ping_status":"closed","template":"","meta":[],"product_brand":[],"product_cat":[443,861,16,28,20,141],"product_tag":[413,442],"class_list":{"0":"post-13040","1":"product","2":"type-product","3":"status-publish","4":"has-post-thumbnail","6":"product_cat-rugs","7":"product_cat-pokemon","8":"product_cat-standify","9":"product_cat-desk-pad","10":"product_cat-apparel","11":"product_cat-for-her","12":"product_tag-pokemon","13":"product_tag-rug","15":"first","16":"instock","17":"sale","18":"taxable","19":"shipping-taxable","20":"purchasable","21":"product-type-variable","22":"has-default-attributes"},"jetpack_sharing_enabled":true,"_links":{"self":[{"href":"https:\/\/standify.org\/lt\/wp-json\/wp\/v2\/product\/13040","targetHints":{"allow":["GET"]}}],"collection":[{"href":"https:\/\/standify.org\/lt\/wp-json\/wp\/v2\/product"}],"about":[{"href":"https:\/\/standify.org\/lt\/wp-json\/wp\/v2\/types\/product"}],"replies":[{"embeddable":true,"href":"https:\/\/standify.org\/lt\/wp-json\/wp\/v2\/comments?post=13040"}],"version-history":[{"count":1,"href":"https:\/\/standify.org\/lt\/wp-json\/wp\/v2\/product\/13040\/revisions"}],"predecessor-version":[{"id":33445,"href":"https:\/\/standify.org\/lt\/wp-json\/wp\/v2\/product\/13040\/revisions\/33445"}],"wp:featuredmedia":[{"embeddable":true,"href":"https:\/\/standify.org\/lt\/wp-json\/wp\/v2\/media\/13045"}],"wp:attachment":[{"href":"https:\/\/standify.org\/lt\/wp-json\/wp\/v2\/media?parent=13040"}],"wp:term":[{"taxonomy":"product_brand","embeddable":true,"href":"https:\/\/standify.org\/lt\/wp-json\/wp\/v2\/product_brand?post=13040"},{"taxonomy":"product_cat","embeddable":true,"href":"https:\/\/standify.org\/lt\/wp-json\/wp\/v2\/product_cat?post=13040"},{"taxonomy":"product_tag","embeddable":true,"href":"https:\/\/standify.org\/lt\/wp-json\/wp\/v2\/product_tag?post=13040"}],"curies":[{"name":"wp","href":"https:\/\/api.w.org\/{rel}","templated":true}]}}