{"id":1254,"date":"2024-02-28T13:13:24","date_gmt":"2024-02-28T13:13:24","guid":{"rendered":"https:\/\/standify.org\/?post_type=product&#038;p=1254"},"modified":"2024-11-19T03:37:42","modified_gmt":"2024-11-18T17:37:42","slug":"holographic-dbz-stickers-25-designs%ef%bc%89","status":"publish","type":"product","link":"https:\/\/standify.org\/lt\/parduotuve\/holographic-dbz-stickers-25-designs%ef%bc%89\/","title":{"rendered":"Holografiniai DBZ lipdukai (25 dizainai\uff09"},"content":{"rendered":"<p><strong>\u00a0Animacini\u0173 film\u0173 holografiniai animacijos lazeriniai lipdukai (25 dizainai)<\/p>\n<p>~ Atsparus vandeniui, atsparus audrai, atsparus saulei, nekenkia automobilio da\u017eams ir yra nuimamas.<\/p>\n<p>~\u0160is lipdukas pagamintas i\u0161 auk\u0161tos kokyb\u0117s vinilo.<\/p>\n<p>~Visi m\u016bs\u0173 lipdukai yra nuimami, ta\u010diau NEperklijuojami.<\/p>\n<p>~ \u0160ie lipdukai atrodo nuostabiai ir suteikia individual\u0173 vaizd\u0105!<\/p>\n<p>~Lapeliai lengvai prilimpa prie bet kokio lygaus pavir\u0161iaus.<\/p>\n<p>~ Kompiuteriai i\u0161kirpti. Ant \u0161i\u0173 lipduk\u0173 n\u0117ra fono.<\/p>\n<p>~ Ekologi\u0161ka ir lipni vinilo med\u017eiaga.<\/p>\n<p>~ Atsparus vandeniui ir itin atsparus atmosferos poveikiui.<\/p>\n<p>~ Lengvai u\u017etepkite ir nuimkite be liku\u010di\u0173.<\/p>\n<p>Pastaba: D\u0117l skirting\u0173 monitoriaus nustatym\u0173, fotografavimo \u012frangos, ap\u0161vietimo s\u0105lyg\u0173 ir kt. gali \u0161iek tiek skirtis gaunamo elemento spalvos, tikiuosi, kad suprasite.<br \/>\n<strong><strong><img decoding=\"async\" src=\"https:\/\/ae01.alicdn.com\/kf\/S24e588a3cb6b46ada3a8ff3210ae44f86.jpg?width=1200&amp;height=1200&amp;hash=2400\" alt=\"Standify Anime Dragon Ball Z fig\u016br\u0117l\u0117s ir Goku ausini\u0173 stovas\"><strong><strong><img decoding=\"async\" src=\"https:\/\/ae01.alicdn.com\/kf\/S7b2e9525279e43a2a879ca91f4d05cedX.jpg?width=1001&amp;height=1001&amp;hash=2002\" alt=\"Standify Anime Dragon Ball Z fig\u016br\u0117l\u0117s ir Goku ausini\u0173 stovas\"><\/strong><\/strong><\/strong><\/strong><\/strong><br \/>\n\u00a0<\/p>\n<p>\u00a0<\/p>\n<p>\u00a0<\/p>","protected":false},"excerpt":{"rendered":"<p>\u00a0Cartoon Holographic Anime Laser Stickers (25\u00a0designs) ~Waterproof, Storm Proof, Sun-proof, No harm to car paint &amp; Removable. ~This decal is<\/p>","protected":false},"featured_media":1280,"comment_status":"open","ping_status":"closed","template":"","meta":[],"product_brand":[],"product_cat":[641,16],"product_tag":[],"class_list":{"0":"post-1254","1":"product","2":"type-product","3":"status-publish","4":"has-post-thumbnail","6":"product_cat-dragon-ball-z-super-saiyan","7":"product_cat-standify","9":"first","10":"instock","11":"taxable","12":"shipping-taxable","13":"purchasable","14":"product-type-variable"},"jetpack_sharing_enabled":true,"_links":{"self":[{"href":"https:\/\/standify.org\/lt\/wp-json\/wp\/v2\/product\/1254","targetHints":{"allow":["GET"]}}],"collection":[{"href":"https:\/\/standify.org\/lt\/wp-json\/wp\/v2\/product"}],"about":[{"href":"https:\/\/standify.org\/lt\/wp-json\/wp\/v2\/types\/product"}],"replies":[{"embeddable":true,"href":"https:\/\/standify.org\/lt\/wp-json\/wp\/v2\/comments?post=1254"}],"version-history":[{"count":0,"href":"https:\/\/standify.org\/lt\/wp-json\/wp\/v2\/product\/1254\/revisions"}],"wp:featuredmedia":[{"embeddable":true,"href":"https:\/\/standify.org\/lt\/wp-json\/wp\/v2\/media\/1280"}],"wp:attachment":[{"href":"https:\/\/standify.org\/lt\/wp-json\/wp\/v2\/media?parent=1254"}],"wp:term":[{"taxonomy":"product_brand","embeddable":true,"href":"https:\/\/standify.org\/lt\/wp-json\/wp\/v2\/product_brand?post=1254"},{"taxonomy":"product_cat","embeddable":true,"href":"https:\/\/standify.org\/lt\/wp-json\/wp\/v2\/product_cat?post=1254"},{"taxonomy":"product_tag","embeddable":true,"href":"https:\/\/standify.org\/lt\/wp-json\/wp\/v2\/product_tag?post=1254"}],"curies":[{"name":"wp","href":"https:\/\/api.w.org\/{rel}","templated":true}]}}