{"id":1163,"date":"2024-02-28T13:13:24","date_gmt":"2024-02-28T13:13:24","guid":{"rendered":"https:\/\/standify.org\/?post_type=product&#038;p=1163"},"modified":"2026-04-17T04:47:18","modified_gmt":"2026-04-16T18:47:18","slug":"goku-dvasios-bomba-lempa","status":"publish","type":"product","link":"https:\/\/standify.org\/lt\/parduotuve\/goku-dvasios-bomba-lempa\/","title":{"rendered":"Goku Spirit Bomb Lamp"},"content":{"rendered":"<p>Ap\u0161vieskite savo kambar\u012f Sajan\u0173 kario galia! Pristatome \"Goku Spirit Bomb\" \u0161viestuv\u0105, kur\u012f b\u016btina tur\u0117ti kiekvienam <em>Dragon Ball Z<\/em> entuziastas. Precizi\u0161kai pagamintas \u0161is 25 cm auk\u0161\u010dio \u012felektrintas dirbinys yra ikoninio Goku paskutinio pasiprie\u0161inimo blogiui \u0161vyturys. \u0160tai kod\u0117l jums reikia \u0161io kolekcionavimo objekto:<\/p>\n<ul>\n<li><strong>\"Fierce Design<\/strong> \ud83d\udd25: \u0160is \u0161viestuvas, kuriame u\u017efiksuotas Goku intensyvus susikaupimas, kai jis naudoja vis\u0173 gyv\u0173 b\u016btybi\u0173 energij\u0105, skleid\u017eia ry\u0161k\u0173 \u0161vyt\u0117jim\u0105, simbolizuojant\u012f galing\u0105 \"Spirit Bomb\".<\/li>\n<li><strong>Puikus dydis<\/strong> \ud83d\udccf: Tai puikus 25 cm auk\u0161\u010dio \u0161viestuvas, kuris idealiai tinka stalams, lentynoms ar kaip naktinis \u0161viestuvas, kad tamsa neleist\u0173 u\u017egesti su Super Saiyan j\u0117ga.<\/li>\n<li><strong>Auk\u0161tos kokyb\u0117s med\u017eiaga<\/strong> \ud83d\udee0\ufe0f: Pagamintas i\u0161 patvari\u0173, auk\u0161tos kokyb\u0117s med\u017eiag\u0173, jis sukurtas taip, kad tarnaut\u0173 taip ilgai, kaip Goku palikimas.<\/li>\n<li><strong>Puikiai tinka dovanoti<\/strong> \ud83c\udf81: Nesvarbu, ar tai b\u016bt\u0173 gimtadienis, \u0161vent\u0117, ar tiesiog tod\u0117l, kad \u0161i lempa yra fantasti\u0161ka dovana bet kuriam <em>DBZ<\/em> ventiliatorius.<\/li>\n<\/ul>\n<p><strong>Produkto savyb\u0117s:<\/strong><\/p>\n<ul>\n<li><strong>Ry\u0161kus ap\u0161vietimas<\/strong> \ud83d\udca1: M\u0117gaukit\u0117s \u0161ilta, aplinkos \u0161viesa, kuri kaip tik tinka heroji\u0161kai atmosferai sukurti bet kuriame kambaryje.<\/li>\n<li><strong>I\u0161samus meistri\u0161kumas<\/strong> \ud83c\udfa8: Nuo ugnin\u0117s auros iki ry\u017etingos Goku i\u0161rai\u0161kos - kiekviena detal\u0117 kruop\u0161\u010diai sukurta, kad b\u016bt\u0173 autenti\u0161ka. <em>DBZ<\/em> patirtis.<\/li>\n<li><strong>Efektyvus energijos vartojimas<\/strong> \ud83d\udc9a: LED ap\u0161vietimas u\u017etikrina, kad \"Spirit Bomb\" spind\u0117t\u0173 ry\u0161kiai ir kartu taupyt\u0173 energij\u0105.<\/li>\n<\/ul>\n<p><em>Atkreipkite d\u0117mes\u012f, kad m\u0117lynus \u0161oninius apvadus reik\u0117s pritvirtinti. Apatinis rutulys ne\u0161vie\u010dia.\u00a0<\/em><\/p>","protected":false},"excerpt":{"rendered":"<p>Light up your room with the power of a Saiyan warrior! Introducing the Goku Spirit Bomb Lamp, a must-have for<\/p>","protected":false},"featured_media":1166,"comment_status":"open","ping_status":"closed","template":"","meta":[],"product_brand":[],"product_cat":[641,16,18,20,183],"product_tag":[21,143,17],"class_list":{"0":"post-1163","1":"product","2":"type-product","3":"status-publish","4":"has-post-thumbnail","6":"product_cat-dragon-ball-z-super-saiyan","7":"product_cat-standify","8":"product_cat-action-figure","9":"product_cat-apparel","10":"product_cat-featured-items","11":"product_tag-decoration","12":"product_tag-dbz","13":"product_tag-figurine","15":"first","16":"instock","17":"sale","18":"featured","19":"taxable","20":"shipping-taxable","21":"purchasable","22":"product-type-variable","23":"has-default-attributes"},"jetpack_sharing_enabled":true,"_links":{"self":[{"href":"https:\/\/standify.org\/lt\/wp-json\/wp\/v2\/product\/1163","targetHints":{"allow":["GET"]}}],"collection":[{"href":"https:\/\/standify.org\/lt\/wp-json\/wp\/v2\/product"}],"about":[{"href":"https:\/\/standify.org\/lt\/wp-json\/wp\/v2\/types\/product"}],"replies":[{"embeddable":true,"href":"https:\/\/standify.org\/lt\/wp-json\/wp\/v2\/comments?post=1163"}],"version-history":[{"count":12,"href":"https:\/\/standify.org\/lt\/wp-json\/wp\/v2\/product\/1163\/revisions"}],"predecessor-version":[{"id":17354,"href":"https:\/\/standify.org\/lt\/wp-json\/wp\/v2\/product\/1163\/revisions\/17354"}],"wp:featuredmedia":[{"embeddable":true,"href":"https:\/\/standify.org\/lt\/wp-json\/wp\/v2\/media\/1166"}],"wp:attachment":[{"href":"https:\/\/standify.org\/lt\/wp-json\/wp\/v2\/media?parent=1163"}],"wp:term":[{"taxonomy":"product_brand","embeddable":true,"href":"https:\/\/standify.org\/lt\/wp-json\/wp\/v2\/product_brand?post=1163"},{"taxonomy":"product_cat","embeddable":true,"href":"https:\/\/standify.org\/lt\/wp-json\/wp\/v2\/product_cat?post=1163"},{"taxonomy":"product_tag","embeddable":true,"href":"https:\/\/standify.org\/lt\/wp-json\/wp\/v2\/product_tag?post=1163"}],"curies":[{"name":"wp","href":"https:\/\/api.w.org\/{rel}","templated":true}]}}