{"id":11512,"date":"2024-03-11T23:53:53","date_gmt":"2024-03-11T13:53:53","guid":{"rendered":"https:\/\/standify.org\/?post_type=product&#038;p=11512"},"modified":"2024-12-20T19:28:45","modified_gmt":"2024-12-20T09:28:45","slug":"wireless-charger-pikachu-neon-lamp","status":"publish","type":"product","link":"https:\/\/standify.org\/lt\/parduotuve\/wireless-charger-pikachu-neon-lamp\/","title":{"rendered":"\"PikaBuddy\" belaid\u017eio \u012fkrovimo lempa"},"content":{"rendered":"<p class=\"p1\"><strong><span class=\"s1\">\ud83d\udca1 Kod\u0117l tur\u0117tum\u0117te \u012fsigyti Pikachu lemp\u0105! \u2665\ufe0f<\/span><\/strong><\/p>\n<p class=\"p1\"><span class=\"s1\"><strong>\ud83d\ude80 \u0160viesa ir \u012fkrovimas:<\/strong> \u0160is \u0161viestuvas u\u017etikrina, kad j\u016bs\u0173 kambaryje b\u016bt\u0173 \u0161viesu, o telefonas b\u016bt\u0173 visada pasiruo\u0161\u0119s veikti.<\/span><\/p>\n<p class=\"p1\"><span class=\"s1\">\u00a0<strong>\ud83c\udf89 \u0160aunus ir naudingas:<\/strong> Parodykite savo meil\u0119 Pokemonams naudodami patog\u0173 \u0161viestuv\u0105.<\/span><\/p>\n<p class=\"p1\"><span class=\"s1\"><strong>\ud83c\udf81 Nuostabi dovana:<\/strong> Tai smagi ir naudinga dovana, kuri patiks visiems.<\/span><\/p>\n<p class=\"p1\"><strong><span class=\"s1\">\ud83c\udf08 Paveikslas:<\/span><\/strong><\/p>\n<p class=\"p1\"><span class=\"s1\">\u012ejungiate Pikachu lemp\u0105 ir j\u016bs\u0173 kambaryje pasidaro jaukiau. Esate pasiruo\u0161\u0119s atsipalaiduoti, o j\u016bs\u0173 telefonas \u012fkraunamas \u010dia pat. Jokios netvarkos!<\/span><\/p>\n<p class=\"p1\"><strong><span class=\"s1\">\ud83c\udf81 Nori Pikachu savo kambaryje?<\/span><\/strong><\/p>\n<p class=\"p1\"><span class=\"s1\">\u012esigykite \u0161i\u0105 lemp\u0105 \u0161iandien. Ji linksma, naudinga ir pavers j\u016bs\u0173 kambar\u012f laiminga vieta.<\/span><\/p>\n<div style=\"flex-direction: column\"><img fetchpriority=\"high\" decoding=\"async\" class=\"alignnone wp-image-11516 size-full\" src=\"https:\/\/standify.org\/wp-content\/uploads\/2024\/03\/Pika_03.jpg\" alt=\"Standify Anime Dragon Ball Z fig\u016br\u0117l\u0117s ir Goku ausini\u0173 stovas\" width=\"600\" height=\"1130\" srcset=\"https:\/\/standify.org\/wp-content\/uploads\/2024\/03\/Pika_03.jpg 600w, https:\/\/standify.org\/wp-content\/uploads\/2024\/03\/Pika_03-159x300.jpg 159w, https:\/\/standify.org\/wp-content\/uploads\/2024\/03\/Pika_03-544x1024.jpg 544w, https:\/\/standify.org\/wp-content\/uploads\/2024\/03\/Pika_03-150x283.jpg 150w\" sizes=\"(max-width: 600px) 100vw, 600px\" \/><a href=\"https:\/\/standify.org\/wp-content\/uploads\/2024\/03\/IMG_8182.jpeg\"><img decoding=\"async\" class=\"alignnone wp-image-16385\" src=\"https:\/\/standify.org\/wp-content\/uploads\/2024\/03\/IMG_8182.jpeg\" alt=\"Standify Anime Dragon Ball Z fig\u016br\u0117l\u0117s ir Goku ausini\u0173 stovas\" width=\"600\" height=\"600\" srcset=\"https:\/\/standify.org\/wp-content\/uploads\/2024\/03\/IMG_8182.jpeg 1000w, https:\/\/standify.org\/wp-content\/uploads\/2024\/03\/IMG_8182-300x300.jpeg 300w, https:\/\/standify.org\/wp-content\/uploads\/2024\/03\/IMG_8182-150x150.jpeg 150w, https:\/\/standify.org\/wp-content\/uploads\/2024\/03\/IMG_8182-768x768.jpeg 768w, https:\/\/standify.org\/wp-content\/uploads\/2024\/03\/IMG_8182-12x12.jpeg 12w, https:\/\/standify.org\/wp-content\/uploads\/2024\/03\/IMG_8182-600x600.jpeg 600w\" sizes=\"(max-width: 600px) 100vw, 600px\" \/><\/a><img decoding=\"async\" class=\"alignnone wp-image-11518 size-full\" src=\"https:\/\/standify.org\/wp-content\/uploads\/2024\/03\/Pika_05.jpg\" alt=\"Standify Anime Dragon Ball Z fig\u016br\u0117l\u0117s ir Goku ausini\u0173 stovas\" width=\"600\" height=\"736\" srcset=\"https:\/\/standify.org\/wp-content\/uploads\/2024\/03\/Pika_05.jpg 600w, https:\/\/standify.org\/wp-content\/uploads\/2024\/03\/Pika_05-245x300.jpg 245w, https:\/\/standify.org\/wp-content\/uploads\/2024\/03\/Pika_05-150x184.jpg 150w\" sizes=\"(max-width: 600px) 100vw, 600px\" \/><img loading=\"lazy\" decoding=\"async\" class=\"alignnone wp-image-11522 size-full\" src=\"https:\/\/standify.org\/wp-content\/uploads\/2024\/03\/Pika_09.jpg\" alt=\"Standify Anime Dragon Ball Z fig\u016br\u0117l\u0117s ir Goku ausini\u0173 stovas\" width=\"600\" height=\"586\" srcset=\"https:\/\/standify.org\/wp-content\/uploads\/2024\/03\/Pika_09.jpg 600w, https:\/\/standify.org\/wp-content\/uploads\/2024\/03\/Pika_09-300x293.jpg 300w, https:\/\/standify.org\/wp-content\/uploads\/2024\/03\/Pika_09-150x147.jpg 150w\" sizes=\"(max-width: 600px) 100vw, 600px\" \/><img loading=\"lazy\" decoding=\"async\" class=\"alignnone wp-image-11523 size-full\" src=\"https:\/\/standify.org\/wp-content\/uploads\/2024\/03\/Pika_10.jpg\" alt=\"Standify Anime Dragon Ball Z fig\u016br\u0117l\u0117s ir Goku ausini\u0173 stovas\" width=\"600\" height=\"926\" srcset=\"https:\/\/standify.org\/wp-content\/uploads\/2024\/03\/Pika_10.jpg 600w, https:\/\/standify.org\/wp-content\/uploads\/2024\/03\/Pika_10-194x300.jpg 194w, https:\/\/standify.org\/wp-content\/uploads\/2024\/03\/Pika_10-150x232.jpg 150w\" sizes=\"(max-width: 600px) 100vw, 600px\" \/><\/div>\n<p>&nbsp;<\/p>","protected":false},"excerpt":{"rendered":"<p>\ud83c\udf81 Priimk savo Pikachu<br \/>\n\ud83d\ude9a Nemokamas greitas pristatymas<br \/>\n\u2665\ufe0f daro jus laimingus<br \/>\n\ud83c\udd95 Atnaujintas dizainas<\/p>","protected":false},"featured_media":16381,"comment_status":"open","ping_status":"closed","template":"","meta":[],"product_brand":[],"product_cat":[16,18,141],"product_tag":[412,413,414,415],"class_list":{"0":"post-11512","1":"product","2":"type-product","3":"status-publish","4":"has-post-thumbnail","6":"product_cat-standify","7":"product_cat-action-figure","8":"product_cat-for-her","9":"product_tag-pikachu","10":"product_tag-pokemon","11":"product_tag-lamp","12":"product_tag-charger","14":"first","15":"outofstock","16":"sale","17":"taxable","18":"shipping-taxable","19":"purchasable","20":"product-type-simple"},"jetpack_sharing_enabled":true,"_links":{"self":[{"href":"https:\/\/standify.org\/lt\/wp-json\/wp\/v2\/product\/11512","targetHints":{"allow":["GET"]}}],"collection":[{"href":"https:\/\/standify.org\/lt\/wp-json\/wp\/v2\/product"}],"about":[{"href":"https:\/\/standify.org\/lt\/wp-json\/wp\/v2\/types\/product"}],"replies":[{"embeddable":true,"href":"https:\/\/standify.org\/lt\/wp-json\/wp\/v2\/comments?post=11512"}],"version-history":[{"count":5,"href":"https:\/\/standify.org\/lt\/wp-json\/wp\/v2\/product\/11512\/revisions"}],"predecessor-version":[{"id":25688,"href":"https:\/\/standify.org\/lt\/wp-json\/wp\/v2\/product\/11512\/revisions\/25688"}],"wp:featuredmedia":[{"embeddable":true,"href":"https:\/\/standify.org\/lt\/wp-json\/wp\/v2\/media\/16381"}],"wp:attachment":[{"href":"https:\/\/standify.org\/lt\/wp-json\/wp\/v2\/media?parent=11512"}],"wp:term":[{"taxonomy":"product_brand","embeddable":true,"href":"https:\/\/standify.org\/lt\/wp-json\/wp\/v2\/product_brand?post=11512"},{"taxonomy":"product_cat","embeddable":true,"href":"https:\/\/standify.org\/lt\/wp-json\/wp\/v2\/product_cat?post=11512"},{"taxonomy":"product_tag","embeddable":true,"href":"https:\/\/standify.org\/lt\/wp-json\/wp\/v2\/product_tag?post=11512"}],"curies":[{"name":"wp","href":"https:\/\/api.w.org\/{rel}","templated":true}]}}