{"id":6,"date":"2024-02-28T09:03:33","date_gmt":"2024-02-28T09:03:33","guid":{"rendered":"https:\/\/standify.org\/?page_id=6"},"modified":"2024-02-28T09:03:33","modified_gmt":"2024-02-28T09:03:33","slug":"krepselis","status":"publish","type":"page","link":"https:\/\/standify.org\/lt\/krepselis\/","title":{"rendered":"Krep\u0161elis"},"content":{"rendered":"<div data-block-name=\"woocommerce\/cart\" class=\"wp-block-woocommerce-cart alignwide is-loading\">\n<div data-block-name=\"woocommerce\/filled-cart-block\" class=\"wp-block-woocommerce-filled-cart-block\">\n<div data-block-name=\"woocommerce\/cart-items-block\" class=\"wp-block-woocommerce-cart-items-block\">\n<div data-block-name=\"woocommerce\/cart-line-items-block\" class=\"wp-block-woocommerce-cart-line-items-block\"><\/div>\n\n\n\n<div data-block-name=\"woocommerce\/cart-cross-sells-block\" class=\"wp-block-woocommerce-cart-cross-sells-block\">\n<h2 class=\"wp-block-heading has-large-font-size\">Jus gali dominti...<\/h2>\n\n\n\n<div data-block-name=\"woocommerce\/cart-cross-sells-products-block\" class=\"wp-block-woocommerce-cart-cross-sells-products-block\"><\/div>\n<\/div>\n<\/div>\n\n\n\n<div data-block-name=\"woocommerce\/cart-totals-block\" class=\"wp-block-woocommerce-cart-totals-block\">\n<div data-block-name=\"woocommerce\/cart-order-summary-block\" class=\"wp-block-woocommerce-cart-order-summary-block\">\n<div data-block-name=\"woocommerce\/cart-order-summary-heading-block\" class=\"wp-block-woocommerce-cart-order-summary-heading-block\"><\/div><div data-block-name=\"woocommerce\/cart-order-summary-coupon-form-block\" class=\"wp-block-woocommerce-cart-order-summary-coupon-form-block\"><\/div><div data-block-name=\"woocommerce\/cart-order-summary-totals-block\" class=\"wp-block-woocommerce-cart-order-summary-totals-block\">\n<div data-block-name=\"woocommerce\/cart-order-summary-subtotal-block\" class=\"wp-block-woocommerce-cart-order-summary-subtotal-block\"><\/div>\n<div data-block-name=\"woocommerce\/cart-order-summary-discount-block\" class=\"wp-block-woocommerce-cart-order-summary-discount-block\"><\/div>\n<div data-block-name=\"woocommerce\/cart-order-summary-fee-block\" class=\"wp-block-woocommerce-cart-order-summary-fee-block\"><\/div>\n<div data-block-name=\"woocommerce\/cart-order-summary-shipping-block\" class=\"wp-block-woocommerce-cart-order-summary-shipping-block\"><\/div>\n<div data-block-name=\"woocommerce\/cart-order-summary-taxes-block\" class=\"wp-block-woocommerce-cart-order-summary-taxes-block\"><\/div><\/div>\n<\/div>\n\n\n\n<div data-block-name=\"woocommerce\/cart-express-payment-block\" class=\"wp-block-woocommerce-cart-express-payment-block\"><\/div>\n\n\n\n<div data-block-name=\"woocommerce\/proceed-to-checkout-block\" class=\"wp-block-woocommerce-proceed-to-checkout-block\"><\/div>\n<div id=\"ppcp-recaptcha-v2-container\" style=\"margin:20px 0;\"><\/div>\n\n\n<div data-block-name=\"woocommerce\/cart-accepted-payment-methods-block\" class=\"wp-block-woocommerce-cart-accepted-payment-methods-block\"><\/div>\n<\/div>\n<\/div>\n\n\n\n<div data-block-name=\"woocommerce\/empty-cart-block\" class=\"wp-block-woocommerce-empty-cart-block\">\n<h2 class=\"wp-block-heading has-text-align-center with-empty-cart-icon wc-block-cart__empty-cart__title\">J\u016bs\u0173 krep\u0161elis \u0161iuo metu tu\u0161\u010dias!<\/h2>\n\n\n\n<hr class=\"wp-block-separator has-alpha-channel-opacity is-style-dots\"\/>\n\n\n\n<h2 class=\"wp-block-heading has-text-align-center\">Naujiena parduotuv\u0117je<\/h2>\n\n\n<div data-block-name=\"woocommerce\/product-new\" data-columns=\"4\" data-rows=\"1\" class=\"wc-block-grid wp-block-product-new wp-block-woocommerce-product-new wc-block-product-new has-4-columns\"><ul class=\"wc-block-grid__products\"><li data-gtm_item_name=\"DBZ Magnetic Goku Kamehameha Desk Lamp with Inbuilt Battery\" data-gtm_item_brand=\"\" data-gtm_item_id=\"34137\" data-gtm_item_sku=\"d4guml43dkm000cuj6dg\" data-gtm_price=\"41.00\" data-gtm_item_category=\"Figurine Lamps\" data-gtm_index=\"1\"class=\"wc-block-grid__product\">\n\t\t\t\t<a href=\"https:\/\/standify.org\/lt\/parduotuve\/dbz-magnetic-goku-kamehameha-desk-lamp-with-inbuilt-battery\/\" class=\"wc-block-grid__product-link\">\n\t\t\t\t\t<div class=\"wc-block-grid__product-onsale\">\n\t\t\t<span aria-hidden=\"true\" data-no-translation=\"\" data-trp-gettext=\"\">Pardavimas<\/span>\n\t\t\t<span class=\"screen-reader-text\" data-no-translation=\"\" data-trp-gettext=\"\">Produktas su nuolaida<\/span>\n\t\t<\/div>\n\t\t\t\t\t<div class=\"wc-block-grid__product-image\"><img fetchpriority=\"high\" decoding=\"async\" width=\"600\" height=\"600\" src=\"https:\/\/standify.org\/wp-content\/uploads\/2025\/11\/S392345f33a574d6cacc90467f0c4ee9cx-600x600.webp\" class=\"attachment-woocommerce_thumbnail size-woocommerce_thumbnail\" alt=\"DBZ Magnetinis Goku Kamehameha stalinis \u0161viestuvas su \u012fmontuota baterija\" srcset=\"https:\/\/standify.org\/wp-content\/uploads\/2025\/11\/S392345f33a574d6cacc90467f0c4ee9cx-600x600.webp 600w, https:\/\/standify.org\/wp-content\/uploads\/2025\/11\/S392345f33a574d6cacc90467f0c4ee9cx-300x300.webp 300w, https:\/\/standify.org\/wp-content\/uploads\/2025\/11\/S392345f33a574d6cacc90467f0c4ee9cx-150x150.webp 150w, https:\/\/standify.org\/wp-content\/uploads\/2025\/11\/S392345f33a574d6cacc90467f0c4ee9cx-768x768.webp 768w, https:\/\/standify.org\/wp-content\/uploads\/2025\/11\/S392345f33a574d6cacc90467f0c4ee9cx-12x12.webp 12w, https:\/\/standify.org\/wp-content\/uploads\/2025\/11\/S392345f33a574d6cacc90467f0c4ee9cx-500x500.webp 500w, https:\/\/standify.org\/wp-content\/uploads\/2025\/11\/S392345f33a574d6cacc90467f0c4ee9cx-64x64.webp 64w, https:\/\/standify.org\/wp-content\/uploads\/2025\/11\/S392345f33a574d6cacc90467f0c4ee9cx.webp 800w\" sizes=\"(max-width: 600px) 100vw, 600px\" \/><\/div>\n\t\t\t\t\t<div class=\"wc-block-grid__product-title\">DBZ Magnetinis Goku Kamehameha stalinis \u0161viestuvas su \u012fmontuota baterija<\/div>\n\t\t\t\t<\/a>\n\t\t\t\t<div class=\"wc-block-grid__product-price price\"><span class=\"woocs_price_code\" data-currency=\"USD\" data-redraw-id=\"69df94685dd94\" data-product-id=\"34137\"><del aria-hidden=\"true\"><span class=\"woocommerce-Price-amount amount\"><span class=\"woocommerce-Price-currencySymbol\">$<\/span>63.00<\/span><\/del> <span class=\"screen-reader-text\" data-no-translation=\"\" data-trp-gettext=\"\">Pradin\u0117 kaina buvo: $63.00.<\/span><ins aria-hidden=\"true\"><span class=\"woocommerce-Price-amount amount\"><span class=\"woocommerce-Price-currencySymbol\">$<\/span>41.00<\/span><\/ins><span class=\"screen-reader-text\" data-no-translation=\"\" data-trp-gettext=\"\">Dabartin\u0117 kaina yra: $41.00.<\/span><\/span><\/div>\n\t\t\t\t<div class=\"wc-block-grid__product-rating\"><div class=\"star-rating\" role=\"img\" aria-label=\"\u012evertinimas: 5.00 i\u0161 5\" data-no-translation-aria-label=\"\"><span style=\"width:100%\" data-no-translation=\"\" data-trp-gettext=\"\">\u012evertintas <strong class=\"rating\">5.00<\/strong> i\u0161 5 remiantis <span class=\"rating\">32<\/span> klient\u0173 vertinimais<\/span><\/div><\/div>\n\t\t\t\t<div class=\"wp-block-button wc-block-grid__product-add-to-cart\"><a href=\"\/lt\/wp-json\/wp\/v2\/pages\/6?add-to-cart=34137\" aria-label=\"Prid\u0117ti \u012f krep\u0161el\u012f: &quot;DBZ Magnetic Goku Kamehameha Desk Lamp with Inbuilt Battery&quot;\" data-quantity=\"1\" data-product_id=\"34137\" data-product_sku=\"d4guml43dkm000cuj6dg\" data-price=\"41\" rel=\"nofollow\" class=\"wp-block-button__link  add_to_cart_button ajax_add_to_cart\" data-no-translation=\"\" data-trp-gettext=\"\" data-no-translation-aria-label=\"\">\u012e krep\u0161el\u012f<\/a><\/div>\n\t\t\t<\/li><li class=\"wc-block-grid__product\">\n\t\t\t\t<a href=\"https:\/\/standify.org\/lt\/parduotuve\/one-piece-28cm-luffy-action-figure-face-changing\/\" class=\"wc-block-grid__product-link\">\n\t\t\t\t\t<div class=\"wc-block-grid__product-onsale\">\n\t\t\t<span aria-hidden=\"true\" data-no-translation=\"\" data-trp-gettext=\"\">Pardavimas<\/span>\n\t\t\t<span class=\"screen-reader-text\" data-no-translation=\"\" data-trp-gettext=\"\">Produktas su nuolaida<\/span>\n\t\t<\/div>\n\t\t\t\t\t<div class=\"wc-block-grid__product-image\"><img decoding=\"async\" width=\"600\" height=\"600\" src=\"https:\/\/standify.org\/wp-content\/uploads\/2025\/11\/S2bb39ad346964de0b80dfa32fa1cd337t-600x600.webp\" class=\"attachment-woocommerce_thumbnail size-woocommerce_thumbnail\" alt=\"&quot;One Piece&quot; 28 cm Luffy fig\u016br\u0117l\u0117 - kei\u010diantis veidas\" srcset=\"https:\/\/standify.org\/wp-content\/uploads\/2025\/11\/S2bb39ad346964de0b80dfa32fa1cd337t-600x600.webp 600w, https:\/\/standify.org\/wp-content\/uploads\/2025\/11\/S2bb39ad346964de0b80dfa32fa1cd337t-300x300.webp 300w, https:\/\/standify.org\/wp-content\/uploads\/2025\/11\/S2bb39ad346964de0b80dfa32fa1cd337t-150x150.webp 150w, https:\/\/standify.org\/wp-content\/uploads\/2025\/11\/S2bb39ad346964de0b80dfa32fa1cd337t-768x768.webp 768w, https:\/\/standify.org\/wp-content\/uploads\/2025\/11\/S2bb39ad346964de0b80dfa32fa1cd337t-12x12.webp 12w, https:\/\/standify.org\/wp-content\/uploads\/2025\/11\/S2bb39ad346964de0b80dfa32fa1cd337t-500x500.webp 500w, https:\/\/standify.org\/wp-content\/uploads\/2025\/11\/S2bb39ad346964de0b80dfa32fa1cd337t-64x64.webp 64w, https:\/\/standify.org\/wp-content\/uploads\/2025\/11\/S2bb39ad346964de0b80dfa32fa1cd337t.webp 800w\" sizes=\"(max-width: 600px) 100vw, 600px\" \/><\/div>\n\t\t\t\t\t<div class=\"wc-block-grid__product-title\">\"One Piece\" 28 cm Luffy fig\u016br\u0117l\u0117 - kei\u010diantis veidas<\/div>\n\t\t\t\t<\/a>\n\t\t\t\t<div class=\"wc-block-grid__product-price price\"><span class=\"woocs_price_code\" data-currency=\"USD\" data-redraw-id=\"69df94685f205\" data-product-id=\"34046\"><span class=\"woocommerce-Price-amount amount\" aria-hidden=\"true\"><span class=\"woocommerce-Price-currencySymbol\">$<\/span>17.00<\/span> <span aria-hidden=\"true\">&#8211;<\/span> <span class=\"woocommerce-Price-amount amount\" aria-hidden=\"true\"><span class=\"woocommerce-Price-currencySymbol\">$<\/span>19.00<\/span><span class=\"screen-reader-text\" data-no-translation=\"\" data-trp-gettext=\"\">Kain\u0173 intervalas: Nuo $17.00 iki $19.00<\/span><\/span><\/div>\n\t\t\t\t<div class=\"wc-block-grid__product-rating\"><div class=\"star-rating\" role=\"img\" aria-label=\"\u012evertinimas: 5.00 i\u0161 5\" data-no-translation-aria-label=\"\"><span style=\"width:100%\" data-no-translation=\"\" data-trp-gettext=\"\">\u012evertinimas: <strong class=\"rating\">5.00<\/strong> i\u0161 5 (viso \u012fvertinim\u0173: <span class=\"rating\">40<\/span>)<\/span><\/div><\/div>\n\t\t\t\t<div class=\"wp-block-button wc-block-grid__product-add-to-cart\"><a href=\"https:\/\/standify.org\/lt\/parduotuve\/one-piece-28cm-luffy-action-figure-face-changing\/\" aria-label=\"Pasirinkite &quot;One Piece 28cm Luffy Action Figure \u2013 Face Changing&quot; parinktis\" data-quantity=\"1\" data-product_id=\"34046\" data-product_sku=\"d4gucl0jrfg000ar3dsg\" data-price=\"17\" rel=\"nofollow\" class=\"wp-block-button__link  add_to_cart_button\" data-no-translation=\"\" data-trp-gettext=\"\" data-no-translation-aria-label=\"\">Pasirinkti savybes<\/a><\/div>\n\t\t\t<\/li><li class=\"wc-block-grid__product\">\n\t\t\t\t<a href=\"https:\/\/standify.org\/lt\/parduotuve\/dbz-goku-%e4%ba%80-kame-baseball-cap\/\" class=\"wc-block-grid__product-link\">\n\t\t\t\t\t<div class=\"wc-block-grid__product-onsale\">\n\t\t\t<span aria-hidden=\"true\" data-no-translation=\"\" data-trp-gettext=\"\">Pardavimas<\/span>\n\t\t\t<span class=\"screen-reader-text\" data-no-translation=\"\" data-trp-gettext=\"\">Produktas su nuolaida<\/span>\n\t\t<\/div>\n\t\t\t\t\t<div class=\"wc-block-grid__product-image\"><img decoding=\"async\" width=\"600\" height=\"600\" src=\"https:\/\/standify.org\/wp-content\/uploads\/2025\/11\/S1a1b5f696196472dabd6334f6f2ff754M-600x600.webp\" class=\"attachment-woocommerce_thumbnail size-woocommerce_thumbnail\" alt=\"DBZ Goku \u4e80 Kame beisbolo kepurait\u0117\" srcset=\"https:\/\/standify.org\/wp-content\/uploads\/2025\/11\/S1a1b5f696196472dabd6334f6f2ff754M-600x600.webp 600w, https:\/\/standify.org\/wp-content\/uploads\/2025\/11\/S1a1b5f696196472dabd6334f6f2ff754M-300x300.webp 300w, https:\/\/standify.org\/wp-content\/uploads\/2025\/11\/S1a1b5f696196472dabd6334f6f2ff754M-150x150.webp 150w, https:\/\/standify.org\/wp-content\/uploads\/2025\/11\/S1a1b5f696196472dabd6334f6f2ff754M-768x768.webp 768w, https:\/\/standify.org\/wp-content\/uploads\/2025\/11\/S1a1b5f696196472dabd6334f6f2ff754M-12x12.webp 12w, https:\/\/standify.org\/wp-content\/uploads\/2025\/11\/S1a1b5f696196472dabd6334f6f2ff754M-500x500.webp 500w, https:\/\/standify.org\/wp-content\/uploads\/2025\/11\/S1a1b5f696196472dabd6334f6f2ff754M-64x64.webp 64w, https:\/\/standify.org\/wp-content\/uploads\/2025\/11\/S1a1b5f696196472dabd6334f6f2ff754M.webp 1000w\" sizes=\"(max-width: 600px) 100vw, 600px\" \/><\/div>\n\t\t\t\t\t<div class=\"wc-block-grid__product-title\">DBZ Goku \u4e80 Kame beisbolo kepurait\u0117<\/div>\n\t\t\t\t<\/a>\n\t\t\t\t<div class=\"wc-block-grid__product-price price\"><span class=\"woocs_price_code\" data-currency=\"USD\" data-redraw-id=\"69df94685ff89\" data-product-id=\"34031\"><del aria-hidden=\"true\"><span class=\"woocommerce-Price-amount amount\"><span class=\"woocommerce-Price-currencySymbol\">$<\/span>25.00<\/span><\/del> <span class=\"screen-reader-text\" data-no-translation=\"\" data-trp-gettext=\"\">Pradin\u0117 kaina buvo: $25.00.<\/span><ins aria-hidden=\"true\"><span class=\"woocommerce-Price-amount amount\"><span class=\"woocommerce-Price-currencySymbol\">$<\/span>13.00<\/span><\/ins><span class=\"screen-reader-text\" data-no-translation=\"\" data-trp-gettext=\"\">Dabartin\u0117 kaina yra: $13.00.<\/span><\/span><\/div>\n\t\t\t\t\n\t\t\t\t<div class=\"wp-block-button wc-block-grid__product-add-to-cart\"><a href=\"https:\/\/standify.org\/lt\/parduotuve\/dbz-goku-%e4%ba%80-kame-baseball-cap\/\" aria-label=\"Pasirinkite &quot;DBZ Goku \u4e80 Kame Baseball Cap&quot; parinktis\" data-quantity=\"1\" data-product_id=\"34031\" data-product_sku=\"d4gu80ltvte000bpan5g\" data-price=\"13\" rel=\"nofollow\" class=\"wp-block-button__link  add_to_cart_button\" data-no-translation=\"\" data-trp-gettext=\"\" data-no-translation-aria-label=\"\">Pasirinkti savybes<\/a><\/div>\n\t\t\t<\/li><li class=\"wc-block-grid__product\">\n\t\t\t\t<a href=\"https:\/\/standify.org\/lt\/parduotuve\/core-memories-memory-orb-video-globe\/\" class=\"wc-block-grid__product-link\">\n\t\t\t\t\t<div class=\"wc-block-grid__product-onsale\">\n\t\t\t<span aria-hidden=\"true\" data-no-translation=\"\" data-trp-gettext=\"\">Pardavimas<\/span>\n\t\t\t<span class=\"screen-reader-text\" data-no-translation=\"\" data-trp-gettext=\"\">Produktas su nuolaida<\/span>\n\t\t<\/div>\n\t\t\t\t\t<div class=\"wc-block-grid__product-image\"><img loading=\"lazy\" decoding=\"async\" width=\"600\" height=\"600\" src=\"https:\/\/standify.org\/wp-content\/uploads\/2025\/11\/core_memories_memory_orb_video_globe_player_2-600x600.webp\" class=\"attachment-woocommerce_thumbnail size-woocommerce_thumbnail\" alt=\"Atminties stiklo rutulys, kuriame rodomas dviej\u0173 besituokian\u010di\u0173 \u017emoni\u0173 vaizdo \u012fra\u0161as\" srcset=\"https:\/\/standify.org\/wp-content\/uploads\/2025\/11\/core_memories_memory_orb_video_globe_player_2-600x600.webp 600w, https:\/\/standify.org\/wp-content\/uploads\/2025\/11\/core_memories_memory_orb_video_globe_player_2-300x300.webp 300w, https:\/\/standify.org\/wp-content\/uploads\/2025\/11\/core_memories_memory_orb_video_globe_player_2-1024x1024.webp 1024w, https:\/\/standify.org\/wp-content\/uploads\/2025\/11\/core_memories_memory_orb_video_globe_player_2-150x150.webp 150w, https:\/\/standify.org\/wp-content\/uploads\/2025\/11\/core_memories_memory_orb_video_globe_player_2-768x768.webp 768w, https:\/\/standify.org\/wp-content\/uploads\/2025\/11\/core_memories_memory_orb_video_globe_player_2-12x12.webp 12w, https:\/\/standify.org\/wp-content\/uploads\/2025\/11\/core_memories_memory_orb_video_globe_player_2-64x64.webp 64w, https:\/\/standify.org\/wp-content\/uploads\/2025\/11\/core_memories_memory_orb_video_globe_player_2.webp 1140w\" sizes=\"(max-width: 600px) 100vw, 600px\" \/><\/div>\n\t\t\t\t\t<div class=\"wc-block-grid__product-title\">\u0160erdis Atmintis Atmintis Orb Vaizdo \u012fra\u0161as Globe<\/div>\n\t\t\t\t<\/a>\n\t\t\t\t<div class=\"wc-block-grid__product-price price\"><span class=\"woocs_price_code\" data-currency=\"USD\" data-redraw-id=\"69df946860da8\" data-product-id=\"33638\"><span class=\"woocommerce-Price-amount amount\" aria-hidden=\"true\"><span class=\"woocommerce-Price-currencySymbol\">$<\/span>63.00<\/span> <span aria-hidden=\"true\">&#8211;<\/span> <span class=\"woocommerce-Price-amount amount\" aria-hidden=\"true\"><span class=\"woocommerce-Price-currencySymbol\">$<\/span>177.00<\/span><span class=\"screen-reader-text\" data-no-translation=\"\" data-trp-gettext=\"\">Kain\u0173 intervalas: Nuo $63.00 iki $177.00<\/span><\/span><\/div>\n\t\t\t\t<div class=\"wc-block-grid__product-rating\"><div class=\"star-rating\" role=\"img\" aria-label=\"\u012evertinimas: 4.89 i\u0161 5\" data-no-translation-aria-label=\"\"><span style=\"width:97.8%\" data-no-translation=\"\" data-trp-gettext=\"\">\u012evertinimas: <strong class=\"rating\">4.89<\/strong> i\u0161 5 (viso \u012fvertinim\u0173: <span class=\"rating\">19<\/span>)<\/span><\/div><\/div>\n\t\t\t\t<div class=\"wp-block-button wc-block-grid__product-add-to-cart\"><a href=\"https:\/\/standify.org\/lt\/parduotuve\/core-memories-memory-orb-video-globe\/\" aria-label=\"Pasirinkite &quot;Core Memories Memory Orb Video Globe&quot; parinktis\" data-quantity=\"1\" data-product_id=\"33638\" data-product_sku=\"\" data-price=\"63\" rel=\"nofollow\" class=\"wp-block-button__link  add_to_cart_button\" data-no-translation=\"\" data-trp-gettext=\"\" data-no-translation-aria-label=\"\">Pasirinkti savybes<\/a><\/div>\n\t\t\t<\/li><\/ul><\/div><\/div>\n<\/div>","protected":false},"excerpt":{"rendered":"","protected":false},"author":1,"featured_media":0,"parent":0,"menu_order":0,"comment_status":"closed","ping_status":"closed","template":"","meta":{"footnotes":""},"class_list":["post-6","page","type-page","status-publish","hentry"],"jetpack_sharing_enabled":true,"_links":{"self":[{"href":"https:\/\/standify.org\/lt\/wp-json\/wp\/v2\/pages\/6","targetHints":{"allow":["GET"]}}],"collection":[{"href":"https:\/\/standify.org\/lt\/wp-json\/wp\/v2\/pages"}],"about":[{"href":"https:\/\/standify.org\/lt\/wp-json\/wp\/v2\/types\/page"}],"author":[{"embeddable":true,"href":"https:\/\/standify.org\/lt\/wp-json\/wp\/v2\/users\/1"}],"replies":[{"embeddable":true,"href":"https:\/\/standify.org\/lt\/wp-json\/wp\/v2\/comments?post=6"}],"version-history":[{"count":0,"href":"https:\/\/standify.org\/lt\/wp-json\/wp\/v2\/pages\/6\/revisions"}],"wp:attachment":[{"href":"https:\/\/standify.org\/lt\/wp-json\/wp\/v2\/media?parent=6"}],"curies":[{"name":"wp","href":"https:\/\/api.w.org\/{rel}","templated":true}]}}