{"id":10856,"date":"2024-03-08T00:12:21","date_gmt":"2024-03-07T14:12:21","guid":{"rendered":"https:\/\/standify.org\/?page_id=10856"},"modified":"2024-05-30T20:41:28","modified_gmt":"2024-05-30T10:41:28","slug":"refund-policy","status":"publish","type":"page","link":"https:\/\/standify.org\/lt\/refund-policy\/","title":{"rendered":"Gr\u0105\u017einimo politika"},"content":{"rendered":"<h1 class=\"wp-block-heading\">AT\u0160AUKIMAI IR (ARBA) PAKEITIMAI<\/h1>\n\n\n\n<p>&nbsp;U\u017esakymus apdorojame labai greitai ir, deja, paprastai negalime atlikti pakeitim\u0173 po u\u017esakymo pateikimo. Jei norite at\u0161aukti u\u017esakym\u0105 arba j\u012f atnaujinti, susisiekite su mumis el. pa\u0161tu info@standify.org, kad su\u017einotum\u0117te, ar galima atlikti pakeitimus.&nbsp;<\/p>\n\n\n\n<p>&nbsp;<strong>Pastaba<\/strong>: Atkreipkite d\u0117mes\u012f, kad standartinis $2 sandorio mokestis negr\u0105\u017einamas.<\/p>\n\n\n\n<p>Jei j\u016bs\u0173 u\u017esakymas jau \u012fvykdytas, negalime gr\u0105\u017einti pinig\u0173 (nes j\u016bs\u0173 siuntinys jau yra pakeliui).&nbsp;&nbsp;<\/p>\n\n\n\n<p>U\u017e at\u0161aukt\u0105 u\u017esakym\u0105 pinigai bus gr\u0105\u017einti per 2-7 darbo dienas, priklausomai nuo mok\u0117jimo b\u016bdo. \"Paypal\" - i\u0161 karto, o kredito korteli\u0173 ir debeto korteli\u0173 pirk\u0117jams gali tekti palaukti \u0161iek tiek ilgiau.<\/p>\n\n\n\n<h1 class=\"wp-block-heading\">GR\u0104\u017dINIMAS<\/h1>\n\n\n\n<p>Klientas gali pra\u0161yti gr\u0105\u017einti pinigus tik tuo atveju, jei pristatytas daiktas yra su tr\u016bkumais. Tokiu atveju klientas tur\u0117s pateikti nuotraukas arba vaizdo \u012fra\u0161us, pagrind\u017eian\u010dius pretenzij\u0105.<\/p>\n\n\n\n<p>Gr\u0105\u017einamos l\u0117\u0161os nesvarstomos, jei klientas:<\/p>\n\n\n\n<p>1. Klaida, padaryta u\u017esakant prekes, pavyzd\u017eiui (\u012fskaitant, bet neapsiribojant) neteisingai pasirinktas modelis, neteisingai pasirinktas kiekis, suklysta d\u0117l preki\u0173 pob\u016bd\u017eio.<\/p>\n\n\n\n<p>2.  At\u0161aukia u\u017esakym\u0105 po to, kai pirkimas buvo u\u017ebaigtas ir apmok\u0117tas platformoje.&nbsp;<\/p>\n\n\n\n<p>Kad gal\u0117tum\u0117te atgauti pinigus, j\u016bs\u0173 prek\u0117 turi b\u016bti nenaudota ir tokios pat b\u016bkl\u0117s, kokios j\u0105 gavote. Prek\u0117 taip pat turi b\u016bti originalioje pakuot\u0117je su visomis originaliomis etiket\u0117mis ir \u017eymomis. Gav\u0119 ir patikrin\u0119 gr\u0105\u017eint\u0105 prek\u0119, gal\u0117site pra\u0161yti gr\u0105\u017einti dal\u012f pinig\u0173 arba parduotuv\u0117s kredit\u0105. Gr\u0105\u017einimas bus apdorotas ir kreditas bus automati\u0161kai pritaikytas j\u016bs\u0173 kredito kortelei arba pradiniam mok\u0117jimo b\u016bdui per 2-7 darbo dienas.&nbsp;<\/p>\n\n\n\n<p>&nbsp;<strong>Pastaba<\/strong>: J\u016bs b\u016bsite atsakingi u\u017e tai, kad patys apmok\u0117tum\u0117te siuntimo i\u0161laidas, susijusias su prek\u0117s gr\u0105\u017einimu. Siuntimo i\u0161laidos negr\u0105\u017einamos.<\/p>\n\n\n\n<h1 class=\"wp-block-heading\">SIUNTIMO S\u0104MATOS<\/h1>\n\n\n\n<p>Ve\u017eant gali \u012fvykti nelaiming\u0173 atsitikim\u0173. Galite b\u016bti tikri, kad esame \u010dia d\u0117l j\u016bs\u0173. Jei gavote sugadint\u0105 prek\u0119, per 48 valandas nuo jos gavimo prane\u0161kite apie tai adresu info@standify.org ir prid\u0117kite nuotrauk\u0105, kurioje matyt\u0173si gaminio (-i\u0173) pa\u017eeidimai. El. lai\u0161ke nurodykite savo u\u017esakymo numer\u012f. Sugadinto gaminio gr\u0105\u017einti nereikia.<\/p>\n\n\n\n<p>&nbsp;<strong>Pastaba<\/strong>: Mes neatsakome u\u017e gaminio sugadinim\u0105 d\u0117l netinkamo naudojimo.<\/p>\n\n\n\n<h1 class=\"wp-block-heading\">GR\u0104\u017dINIMAS<\/h1>\n\n\n\n<p>Kad gal\u0117tum\u0117te atgauti pinigus, turite gr\u0105\u017einti u\u017esakym\u0105. Gav\u0119 ir patikrin\u0119 gr\u0105\u017einam\u0105 u\u017esakym\u0105, gal\u0117site pra\u0161yti gr\u0105\u017einti dal\u012f pinig\u0173 arba parduotuv\u0117s kredit\u0105. Gr\u0105\u017einimas bus apdorotas ir kreditas automati\u0161kai bus pritaikytas j\u016bs\u0173 kredito kortelei arba pradiniam mok\u0117jimo b\u016bdui per 2-7 darbo dienas.&nbsp;<\/p>\n\n\n\n<p>&nbsp;<strong>Pastaba<\/strong>: Siuntimo mokes\u010diai (jei yra) ir sandorio mokes\u010diai negr\u0105\u017einami.<\/p>\n\n\n\n<h1 class=\"wp-block-heading\">GABENIMO S\u0104NAUDOS<\/h1>\n\n\n\n<p>Gr\u0105\u017eindami prek\u0119 tur\u0117site apmok\u0117ti siuntimo i\u0161laidas. Siuntimo i\u0161laidos negr\u0105\u017einamos. Privaloma naudotis atsekamo siuntimo paslauga - jei nesinaudosite atsekamo siuntimo paslauga, negal\u0117sime gr\u0105\u017einti pinig\u0173.<\/p>\n\n\n\n<h1 class=\"wp-block-heading\">NETEISINGAS ADRESAS<\/h1>\n\n\n\n<p>Atkreipkite d\u0117mes\u012f, kad jei pakuot\u0117 nepasiekia j\u016bs\u0173 nurod\u017eius neteising\u0105 ar nei\u0161sam\u0173 adres\u0105, mes u\u017e tai neatsakysime ir negal\u0117sime gr\u0105\u017einti visos u\u017esakymo sumos - j\u016bs esate atsakingi u\u017e tai, kad pateikdami u\u017esakym\u0105 pateiktum\u0117te ai\u0161ki\u0105 ir teising\u0105 pristatymo ir s\u0105skaitos informacij\u0105.<\/p>\n\n\n\n<p>\u00a0Jei turite daugiau klausim\u0173, kreipkit\u0117s adresu info@standify.org.<br><\/p>\n\n\n\n<h1 class=\"wp-block-heading\">PAVOGTOS IR (ARBA) PAMESTOS PAKUOT\u0116S.<\/h1>\n\n\n\n<p>Nors stengiam\u0117s pristatyti j\u016bs\u0173 u\u017esakym\u0105 laiku, negalime b\u016bti atsakingi u\u017e bet kok\u012f nuo m\u016bs\u0173 nepriklausant\u012f siuntimo ar pristatymo v\u0117lavim\u0105. Jei kyla problem\u0173 d\u0117l pristatymo, d\u0117l pagalbos kreipkit\u0117s tiesiogiai \u012f kurjer\u012f. Mes neatsakome u\u017e prarastas, pavogtas ar v\u0117luojan\u010dias siuntas.<br><\/p>\n\n\n\n<h1 class=\"wp-block-heading\">Gr\u0105\u017einimai, keitimai ir gr\u0105\u017einimai<\/h1>\n\n\n\n<p>Thank you for your purchase. We hope you are happy with your purchase. However, if you are not completely satisfied with your purchase due to a default, you may return it. Please see below for more information on our return policy.<\/p>\n\n\n\n<h1 class=\"wp-block-heading\"><strong>Gr\u0105\u017einimai, keitimai ir gr\u0105\u017einimai<\/strong><\/h1>\n\n\n\n<p>Apie visus gr\u0105\u017einimus ir u\u017esakymo problemas reikia prane\u0161ti per trisde\u0161imt (30) dien\u0173 nuo pristatymo datos.&nbsp;<\/p>\n\n\n\n<p><em>Standify&nbsp;<\/em><em>pakeis prek\u0119, jei ji bus sugadinta, tr\u016bks elemento ar bus prastai pagaminta.&nbsp;<\/em><\/p>\n\n\n\n<p>Jei tiesiogiai sugadinsite, sulau\u017eysite ar prarasite prek\u0119, ji nebus pakeista ar gr\u0105\u017einta.<\/p>\n\n\n\n<ul class=\"wp-block-list\">\n<li><strong>Pra\u0161ymas pakeisti<\/strong>&nbsp;d\u0117l sugadinimo, tr\u016bkstamos detal\u0117s ar prasto meistri\u0161kumo ra\u0161ykite m\u016bs\u0173 klient\u0173 aptarnavimo komandai el. pa\u0161tu info@standify.org.<\/li>\n\n\n\n<li><strong>Kad gal\u0117tum\u0117te susigr\u0105\u017einti pinigus (jei norite gr\u0105\u017einti u\u017esakym\u0105)<\/strong>, j\u016bs\u0173 prek\u0117 turi b\u016bti nenaudota ir tokios pat b\u016bkl\u0117s, kokios j\u0105 gavote. Jis taip pat turi b\u016bti originalioje pakuot\u0117je su visomis originaliomis etiket\u0117mis ir etiket\u0117mis.<\/li>\n<\/ul>\n\n\n\n<p>Mes NEGALIME gr\u0105\u017einti pinig\u0173 u\u017e u\u017esakymus, kurie buvo pateikti pra\u0117jus daugiau nei 30 dien\u0173 nuo pristatymo datos.<\/p>\n\n\n\n<p>Nor\u0117dami gr\u0105\u017einti prek\u0119, ra\u0161ykite m\u016bs\u0173 klient\u0173 aptarnavimo komandai el. pa\u0161tu info@standify.org<\/p>\n\n\n\n<p>Nor\u0117dami gr\u0105\u017einti pinigus, reikalaujame pateikti pirkimo \u010dek\u012f arba pirkimo \u012frodym\u0105.<\/p>\n\n\n\n<ul class=\"wp-block-list\">\n<li>Susisiekite su mumis ir su\u017einokite gr\u0105\u017einimo adres\u0105. Atsi\u0173sime jums artimiausios m\u016bs\u0173 \u012fmon\u0117s, esan\u010dios netoli j\u016bs\u0173, pristatymo duomenis.<\/li>\n\n\n\n<li>Gr\u0105\u017einus prek\u0119, atsi\u0173skite siuntos \u012frodym\u0105 (t. y. el. pa\u0161tu \/ tiesiogine \u017einute atsi\u0173skite kvito nuotrauk\u0105), kad gal\u0117tume juo remtis.<\/li>\n\n\n\n<li>Gav\u0119 ir patikrin\u0119 j\u016bs\u0173 gr\u0105\u017einam\u0105 prek\u0119, i\u0161si\u0173sime jums el. lai\u0161k\u0105, kuriuo informuosime, kad gr\u0105\u017einam\u0105 prek\u0119 gavome. Taip pat informuosime jus apie pinig\u0173 gr\u0105\u017einimo patvirtinim\u0105 arba atmetim\u0105.<\/li>\n\n\n\n<li>Jei j\u016bs\u0173 pra\u0161ymas bus patenkintas, bus atliktas pinig\u0173 gr\u0105\u017einimas ir kreditas bus automati\u0161kai pervestas \u012f j\u016bs\u0173 kredito kortel\u0119 arba pradin\u012f mok\u0117jimo b\u016bd\u0105. Kompensacij\u0105 gausite per 2-7 darbo dienas.&nbsp;&nbsp;<\/li>\n<\/ul>\n\n\n\n<p><strong>I\u0160IMTYS<\/strong><\/p>\n\n\n\n<p><br>Mes NEpriimame gr\u0105\u017einim\u0173, jei:<br><br>\u25cf Prek\u0117s jau buvo atidarytos ir naudotos.<\/p>\n\n\n\n<p>\u25cf Klientas suklydo u\u017esakydamas prekes, pavyzd\u017eiui (\u012fskaitant, bet neapsiribojant) neteisingai pasirinko model\u012f, neteisingai pasirinko kiek\u012f, suklydo d\u0117l preki\u0173 pob\u016bd\u017eio.<\/p>\n\n\n\n<p><strong>Pristatymas:<\/strong><\/p>\n\n\n\n<ul class=\"wp-block-list\">\n<li>Nor\u0117dami gr\u0105\u017einti gamin\u012f, susisiekite su mumis el. pa\u0161tu ir mes jums nurodysime, kaip elgtis toliau.<\/li>\n<\/ul>\n\n\n\n<p>J\u016bs b\u016bsite atsakingi u\u017e tai, kad patys apmok\u0117tum\u0117te siuntimo i\u0161laidas, susijusias su prek\u0117s gr\u0105\u017einimu. Siuntimo i\u0161laidos negr\u0105\u017einamos.<br><br>Priklausomai nuo to, kur gyvenate, gali skirtis laikas, per kur\u012f jus pasieks pakaitinis produktas.<br><br>D\u0117l nekokybi\u0161k\u0173 ar sugadint\u0173 gamini\u0173 nedvejodami kreipkit\u0117s \u012f m\u016bs\u0173 klient\u0173 aptarnavimo komand\u0105 adresu info@standify.org ir susitarkite d\u0117l pinig\u0173 gr\u0105\u017einimo ar keitimo.<\/p>","protected":false},"excerpt":{"rendered":"<p>ATSISAKYMAI \/ PAKEITIMAI U\u017esakymus apdorojame labai greitai ir, deja, paprastai negalime daryti pakeitim\u0173 po to, kai u\u017esakymas jau pateiktas. Jei<\/p>","protected":false},"author":1,"featured_media":0,"parent":0,"menu_order":0,"comment_status":"closed","ping_status":"closed","template":"","meta":{"footnotes":""},"class_list":["post-10856","page","type-page","status-publish","hentry"],"jetpack_sharing_enabled":true,"_links":{"self":[{"href":"https:\/\/standify.org\/lt\/wp-json\/wp\/v2\/pages\/10856","targetHints":{"allow":["GET"]}}],"collection":[{"href":"https:\/\/standify.org\/lt\/wp-json\/wp\/v2\/pages"}],"about":[{"href":"https:\/\/standify.org\/lt\/wp-json\/wp\/v2\/types\/page"}],"author":[{"embeddable":true,"href":"https:\/\/standify.org\/lt\/wp-json\/wp\/v2\/users\/1"}],"replies":[{"embeddable":true,"href":"https:\/\/standify.org\/lt\/wp-json\/wp\/v2\/comments?post=10856"}],"version-history":[{"count":0,"href":"https:\/\/standify.org\/lt\/wp-json\/wp\/v2\/pages\/10856\/revisions"}],"wp:attachment":[{"href":"https:\/\/standify.org\/lt\/wp-json\/wp\/v2\/media?parent=10856"}],"curies":[{"name":"wp","href":"https:\/\/api.w.org\/{rel}","templated":true}]}}