{"id":464,"date":"2023-11-07T15:03:41","date_gmt":"2023-11-07T15:03:41","guid":{"rendered":"https:\/\/standify.org\/?product=controller-stand-zombie-hand"},"modified":"2025-12-17T03:35:32","modified_gmt":"2025-12-16T17:35:32","slug":"controller-stand-zombie-hand","status":"publish","type":"product","link":"https:\/\/standify.org\/it\/negozio\/controller-stand-zombie-hand\/","title":{"rendered":"Supporto per controller Mano di zombie"},"content":{"rendered":"<p>Scatenate i non morti per organizzare la vostra attrezzatura da gioco con la Zombie Hand, il supporto per controller e cuffie che promette di dare vita alla vostra postazione di gioco!<\/p>\n<p>\ud83c\udfae <strong>Supporto per cuffie - Il custode dei vostri dispositivi<\/strong> Migliorate il vostro gioco con un supporto non solo funzionale ma anche diabolicamente elegante. Non \u00e8 solo un posto dove appendere le cuffie dopo un'estenuante sessione di gioco: \u00e8 una dichiarazione. Un faro nella notte che grida: \"Ben fatto!\". Lasciate che questa mano zombie emerga dalle profondit\u00e0 della vostra scrivania per cullare le vostre cuffie, mantenendole intatte, districate e sempre a portata di mano.<\/p>\n<p>\ud83c\udfa7 <strong>Controllore Haven - Abbracciare la morsa dei non morti<\/strong> Non temete, perch\u00e9 questo supporto non fa discriminazioni: \u00e8 un supporto per le pari opportunit\u00e0. Che siate fedeli a Xbox, PlayStation o Switch, lasciate che questa mano afferri il vostro controller, tenendolo in alto e con orgoglio. Realizzato in resina resistente e meticolosamente dipinto a mano, questo non \u00e8 solo un supporto, ma un trofeo che testimonia innumerevoli battaglie e vittorie. Non \u00e8 solo costruito: \u00e8 forgiato per l'eternit\u00e0, promettendo un supporto incrollabile per i vostri pi\u00f9 nobili strumenti del mestiere.<\/p>\n<p>\ud83c\udfae <strong>Supporto per telefono - La vostra tecnologia, afferrata dai morti<\/strong> Avete mai pensato che il vostro telefono potrebbe avere un tocco di macabro? Non cercate oltre. Questo supporto afferra il vostro dispositivo mobile con le mani fredde e morte dell'apocalisse, assicurandovi una visione chiara dello schermo anche nel pieno della battaglia. iPhone o Samsung, Google o qualsiasi altro dispositivo, con o senza custodia, questo zombie non giudica. Si limita a tenere... senza sosta.<\/p>\n<p>\ud83c\udfa7 <strong>Il Dono della Tomba - Sorpresa inaudita per i videogiocatori<\/strong> Siete alla ricerca del regalo perfetto per stupire un appassionato di videogiochi? La Zombie Hand \u00e8 racchiusa in una confezione progettata con la stessa cura del supporto, per garantire che arrivi dall'aldil\u00e0 alla vostra porta di casa in condizioni impeccabili. Con dimensioni di 17x27x18,5 cm, \u00e8 il punto di appoggio ideale per i controller ufficiali di PS5, XBOX Serie X|S e per la maggior parte delle cuffie in commercio.<\/p>\n<p>Osate aggiungere un tocco straordinario alla vostra configurazione con questo accessorio di gioco unico. Ogni sguardo alla mano dello zombie vi ricorder\u00e0 che nel mondo dei giocatori ordinari voi siete il sopravvissuto, l'ultimo rimasto, l'invidia dell'orda.<\/p>","protected":false},"excerpt":{"rendered":"<p>Scatenate i non-morti per organizzare la vostra attrezzatura da gioco con la Zombie Hand, il supporto per controller e cuffie definitivo che<\/p>","protected":false},"featured_media":466,"comment_status":"open","ping_status":"closed","template":"","meta":[],"product_brand":[],"product_cat":[16,25],"product_tag":[24],"class_list":{"0":"post-464","1":"product","2":"type-product","3":"status-publish","4":"has-post-thumbnail","6":"product_cat-standify","7":"product_cat-controller-stand","8":"product_tag-controller-stand","10":"first","11":"instock","12":"sale","13":"taxable","14":"shipping-taxable","15":"purchasable","16":"product-type-simple"},"jetpack_sharing_enabled":true,"_links":{"self":[{"href":"https:\/\/standify.org\/it\/wp-json\/wp\/v2\/product\/464","targetHints":{"allow":["GET"]}}],"collection":[{"href":"https:\/\/standify.org\/it\/wp-json\/wp\/v2\/product"}],"about":[{"href":"https:\/\/standify.org\/it\/wp-json\/wp\/v2\/types\/product"}],"replies":[{"embeddable":true,"href":"https:\/\/standify.org\/it\/wp-json\/wp\/v2\/comments?post=464"}],"version-history":[{"count":0,"href":"https:\/\/standify.org\/it\/wp-json\/wp\/v2\/product\/464\/revisions"}],"wp:featuredmedia":[{"embeddable":true,"href":"https:\/\/standify.org\/it\/wp-json\/wp\/v2\/media\/466"}],"wp:attachment":[{"href":"https:\/\/standify.org\/it\/wp-json\/wp\/v2\/media?parent=464"}],"wp:term":[{"taxonomy":"product_brand","embeddable":true,"href":"https:\/\/standify.org\/it\/wp-json\/wp\/v2\/product_brand?post=464"},{"taxonomy":"product_cat","embeddable":true,"href":"https:\/\/standify.org\/it\/wp-json\/wp\/v2\/product_cat?post=464"},{"taxonomy":"product_tag","embeddable":true,"href":"https:\/\/standify.org\/it\/wp-json\/wp\/v2\/product_tag?post=464"}],"curies":[{"name":"wp","href":"https:\/\/api.w.org\/{rel}","templated":true}]}}