{"id":31906,"date":"2025-07-16T22:35:55","date_gmt":"2025-07-16T12:35:55","guid":{"rendered":"https:\/\/standify.org\/shop\/pokemon-universal-game-controller-stand\/"},"modified":"2026-04-16T23:30:36","modified_gmt":"2026-04-16T13:30:36","slug":"pokemon-universal-game-controller-stand","status":"publish","type":"product","link":"https:\/\/standify.org\/it\/negozio\/pokemon-universal-game-controller-stand\/","title":{"rendered":"Supporto universale per controller di gioco Pokemon"},"content":{"rendered":"<p><em>Portate i vostri partner preferiti di Pallet Town nel vostro spazio di gioco.<\/em><\/p>\n<p>Se avete legato con il sorriso impertinente di Squirtle, se avete sentito il calore della fiamma della coda di Charmander, se avete assistito allo sbocciare del primo germoglio di Bulbasaur, se avete riso dello sguardo perplesso di Psyduck o se avete onorato il coraggioso casco a teschio di Cubone, questi supporti mantengono il vostro controller al sicuro e la vostra nostalgia viva.<\/p>\n<p>Perch\u00e9 i formatori scelgono la collezione<\/p>\n<ul>\n<li><strong>Culla universale, resistente alle oscillazioni<\/strong><br \/>\nSostiene in modo sicuro Switch Pro, DualSense, Xbox Series X|S e la maggior parte degli altri controller, senza che si ribaltino.<\/li>\n<li><strong>Stampa 3D perfetta per i personaggi<\/strong><br \/>\nLe costruzioni in PLA su richiesta catturano ogni dettaglio - le creste del guscio di Squirtle, la coda arricciata di Charmander, la chioma di foglie di Bulbasaur, gli occhi spalancati di Psyduck, la cresta ossea di Cubone - con colori vividi e precisi per i Pok\u00e9mon.<\/li>\n<li><strong>Morbidi cuscinetti di supporto in TPU<\/strong><br \/>\nGli inserti integrati ammortizzano joystick e pulsanti, proteggendo le finiture dai graffi.<\/li>\n<li><strong>Produzione eco-compatibile<\/strong><br \/>\nStampati per ordine per eliminare le scorte in eccesso e gli sprechi - locali, sostenibili, approvati dai formatori.<\/li>\n<\/ul>\n<p>La nostalgia incontra la funzione<\/p>\n<p>Ogni stand non \u00e8 solo un elemento decorativo, ma un portale che riporta alla prima battaglia in palestra, al primo scambio e alla prima vittoria. Aggancia il tuo controller e senti la scintilla che ti ha fatto diventare un Allenatore. E se il vostro compagno non \u00e8 in grado di illuminare la vostra configurazione, il nostro <strong>Garanzia di 30 giorni di Indigo Plateau<\/strong> vi copre, senza fare domande.<\/p>\n<blockquote><p>\u201cIl mio stand Bulbasaur \u00e8 fantastico: mi rende cos\u00ec felice solo a guardarlo, e il mio controller \u00e8 davvero ben posizionato\u201d.\u201d<br \/>\n- Riley, Allenatore verificato \u2b50\u2b50\u2b50\u2b50\u2b50<\/p><\/blockquote>\n<hr \/>\n<h3>\ud83d\udecd\ufe0f Raccogli e risparmia: Acquista 2, ottieni 10% di sconto<\/h3>\n<p>Mescolate e abbinate i due elementi: costruite la vostra squadra dei sogni e guardate <strong>10%<\/strong> alla cassa in modo automatico.<\/p>\n<p><strong>Siete pronti a lasciare che i vostri partner di Kanto sorveglino la vostra prossima avventura?<\/strong><br \/>\nColpire <strong>AGGIUNGI AL CARRELLO<\/strong> ora e potenzia il tuo spazio di gioco con il Pok\u00e9-pride.<\/p>\n<p><em>Non affiliato a Nintendo. Realizzato con passione da altri allenatori.<\/em><\/p>","protected":false},"excerpt":{"rendered":"<p>Porta i tuoi compagni preferiti di Pallet Town nel tuo spazio di gioco. Sia che abbiate legato con il sorriso impertinente di Squirtle, sia che abbiate sentito la<\/p>","protected":false},"featured_media":34622,"comment_status":"open","ping_status":"closed","template":"","meta":[],"product_brand":[],"product_cat":[25,861,16],"product_tag":[21,24,413],"class_list":{"0":"post-31906","1":"product","2":"type-product","3":"status-publish","4":"has-post-thumbnail","6":"product_cat-controller-stand","7":"product_cat-pokemon","8":"product_cat-standify","9":"product_tag-decoration","10":"product_tag-controller-stand","11":"product_tag-pokemon","13":"first","14":"instock","15":"sale","16":"taxable","17":"shipping-taxable","18":"purchasable","19":"product-type-variable","20":"has-default-attributes"},"jetpack_sharing_enabled":true,"_links":{"self":[{"href":"https:\/\/standify.org\/it\/wp-json\/wp\/v2\/product\/31906","targetHints":{"allow":["GET"]}}],"collection":[{"href":"https:\/\/standify.org\/it\/wp-json\/wp\/v2\/product"}],"about":[{"href":"https:\/\/standify.org\/it\/wp-json\/wp\/v2\/types\/product"}],"replies":[{"embeddable":true,"href":"https:\/\/standify.org\/it\/wp-json\/wp\/v2\/comments?post=31906"}],"version-history":[{"count":3,"href":"https:\/\/standify.org\/it\/wp-json\/wp\/v2\/product\/31906\/revisions"}],"predecessor-version":[{"id":31942,"href":"https:\/\/standify.org\/it\/wp-json\/wp\/v2\/product\/31906\/revisions\/31942"}],"wp:featuredmedia":[{"embeddable":true,"href":"https:\/\/standify.org\/it\/wp-json\/wp\/v2\/media\/34622"}],"wp:attachment":[{"href":"https:\/\/standify.org\/it\/wp-json\/wp\/v2\/media?parent=31906"}],"wp:term":[{"taxonomy":"product_brand","embeddable":true,"href":"https:\/\/standify.org\/it\/wp-json\/wp\/v2\/product_brand?post=31906"},{"taxonomy":"product_cat","embeddable":true,"href":"https:\/\/standify.org\/it\/wp-json\/wp\/v2\/product_cat?post=31906"},{"taxonomy":"product_tag","embeddable":true,"href":"https:\/\/standify.org\/it\/wp-json\/wp\/v2\/product_tag?post=31906"}],"curies":[{"name":"wp","href":"https:\/\/api.w.org\/{rel}","templated":true}]}}