{"id":16790,"date":"2024-10-16T22:43:36","date_gmt":"2024-10-16T12:43:36","guid":{"rendered":"https:\/\/standify.org\/shop\/roronoa-zoro-three-sword-style-haki-action-figure-one-piece-collectible-16-cm\/"},"modified":"2026-04-13T05:46:24","modified_gmt":"2026-04-12T19:46:24","slug":"roronoa-zoro-three-sword-style-haki-action-figure-one-piece-collectible-16-cm","status":"publish","type":"product","link":"https:\/\/standify.org\/it\/negozio\/roronoa-zoro-three-sword-style-haki-action-figure-one-piece-collectible-16-cm\/","title":{"rendered":"Figura d'azione di Roronoa Zoro con tre spade stile Haki - One Piece da collezione (16 cm)"},"content":{"rendered":"<p>\ud83d\udd25 <strong>Unisciti a migliaia di fan di One Piece!<\/strong> Questo <strong>Roronoa Zoro<\/strong> \u00e8 la figura preferita dai fan! I collezionisti e gli appassionati sono entusiasti degli incredibili dettagli e della fattura! Non perdete l'occasione di aggiungere questo pezzo iconico alla vostra collezione! \ud83d\ude0d<\/p>\n<p><strong>\ud83c\udf1f Perch\u00e9 avete bisogno di questa figura epica:<\/strong><\/p>\n<ul>\n<li>\ud83d\udde1\ufe0f <strong>Tre spade leggendarie<\/strong> - Wado Ichimonji, Sandai Kitetsu ed Enma, tutti perfettamente ricreati!<\/li>\n<li>\ud83d\udca5 <strong>Infuso di potere Haki<\/strong> - Sentite l'intensit\u00e0 dell'Haki di Zoro che si irradia da ogni lama!<\/li>\n<li>\ud83d\udcaa <strong>Posa d'azione dinamica<\/strong> - Cattura il Santoryu (stile delle tre spade) di Zoro in tutto il suo splendore!<\/li>\n<li>\ud83c\udfa8 <strong>Artigianato di qualit\u00e0 superiore<\/strong> - Dettagliato nei minimi particolari, dalle cicatrici di battaglia alla sua potente posizione!<\/li>\n<li>\ud83c\udfaf <strong>16 cm di pura meraviglia<\/strong> - Una dimensione perfetta per essere esposta su qualsiasi scaffale o scrivania!<\/li>\n<\/ul>\n<p><strong>Cosa dicono i fan:<\/strong> \ud83d\udcac <em>\"Questa figura \u00e8 cos\u00ec realistica che si pu\u00f2 quasi sentire la forza di Zoro!\".<\/em><br \/>\n\ud83d\udcac <em>\"Un must assoluto per ogni amante di One Piece!\".<\/em><br \/>\n\ud83d\udcac <em>\"Il dettaglio \u00e8 incredibile, soprattutto l'effetto Haki sulle spade!\".<\/em><\/p>\n<p>\ud83c\udff4\u200d\u2620\ufe0f <strong>Fai parte dell'equipaggio!<\/strong> Se siete fan sfegatati di One Piece o collezionisti di figure epiche, questa statua di Zoro \u00e8 un'aggiunta essenziale alla vostra collezione. La leggendaria forza, la determinazione e la lealt\u00e0 di Zoro sono immortalate in questa posa impressionante! \u2694\ufe0f<\/p>\n<p>\ud83d\udca5 <strong>Stock limitato disponibile - Non aspettate!<\/strong> Fai clic su \"Aggiungi al carrello\" e rivendica il tuo posto tra le migliaia di persone che hanno gi\u00e0 fatto di questa figura di Zoro il gioiello della loro collezione!<\/p>","protected":false},"excerpt":{"rendered":"<p>\ud83d\udd25 Unisciti a migliaia di fan di One Piece! Questa figura di Roronoa Zoro \u00e8 la preferita dai fan! I collezionisti e gli appassionati sono entusiasti<\/p>","protected":false},"featured_media":16767,"comment_status":"open","ping_status":"closed","template":"","meta":[],"product_brand":[],"product_cat":[696,18],"product_tag":[683],"class_list":{"0":"post-16790","1":"product","2":"type-product","3":"status-publish","4":"has-post-thumbnail","6":"product_cat-one-piece","7":"product_cat-action-figure","8":"product_tag-one-piece","10":"first","11":"instock","12":"sale","13":"taxable","14":"shipping-taxable","15":"purchasable","16":"product-type-simple"},"jetpack_sharing_enabled":true,"_links":{"self":[{"href":"https:\/\/standify.org\/it\/wp-json\/wp\/v2\/product\/16790","targetHints":{"allow":["GET"]}}],"collection":[{"href":"https:\/\/standify.org\/it\/wp-json\/wp\/v2\/product"}],"about":[{"href":"https:\/\/standify.org\/it\/wp-json\/wp\/v2\/types\/product"}],"replies":[{"embeddable":true,"href":"https:\/\/standify.org\/it\/wp-json\/wp\/v2\/comments?post=16790"}],"version-history":[{"count":2,"href":"https:\/\/standify.org\/it\/wp-json\/wp\/v2\/product\/16790\/revisions"}],"predecessor-version":[{"id":16887,"href":"https:\/\/standify.org\/it\/wp-json\/wp\/v2\/product\/16790\/revisions\/16887"}],"wp:featuredmedia":[{"embeddable":true,"href":"https:\/\/standify.org\/it\/wp-json\/wp\/v2\/media\/16767"}],"wp:attachment":[{"href":"https:\/\/standify.org\/it\/wp-json\/wp\/v2\/media?parent=16790"}],"wp:term":[{"taxonomy":"product_brand","embeddable":true,"href":"https:\/\/standify.org\/it\/wp-json\/wp\/v2\/product_brand?post=16790"},{"taxonomy":"product_cat","embeddable":true,"href":"https:\/\/standify.org\/it\/wp-json\/wp\/v2\/product_cat?post=16790"},{"taxonomy":"product_tag","embeddable":true,"href":"https:\/\/standify.org\/it\/wp-json\/wp\/v2\/product_tag?post=16790"}],"curies":[{"name":"wp","href":"https:\/\/api.w.org\/{rel}","templated":true}]}}