{"id":1586,"date":"2024-02-28T13:11:58","date_gmt":"2024-02-28T13:11:58","guid":{"rendered":"https:\/\/standify.org\/?post_type=product&#038;p=1586"},"modified":"2024-11-19T03:38:16","modified_gmt":"2024-11-18T17:38:16","slug":"ps-symbols-neon-sign","status":"publish","type":"product","link":"https:\/\/standify.org\/it\/negozio\/ps-symbols-neon-sign\/","title":{"rendered":"Simboli PS Segno al neon"},"content":{"rendered":"<h3>\ud83c\udf1f Illuminate il vostro spazio di gioco con l'insegna al neon a LED Playstation Symbol \ud83c\udfae<\/h3>\n<p><strong>Illumina la tua tana di videogiocatore con un tocco iconico \u2728<\/strong><\/p>\n<p>Scatenate la vibrante energia del gioco nella vostra stanza con la Playstation Symbol LED Neon Sign. Questa sorprendente insegna al neon d\u00e0 vita agli iconici simboli dei pulsanti della Playstation \ud83d\udd3a\ud83d\udd35\u274c\u2b1c in un arcobaleno di gloria al neon, rendendola l'aggiunta perfetta a qualsiasi installazione di gioco o area di intrattenimento.<\/p>\n<p><strong>Caratteristiche del prodotto:<\/strong><\/p>\n<ul>\n<li><strong>Colori vivaci<\/strong>: Ogni simbolo (Triangolo, Cerchio, Croce, Quadrato) brilla con il suo colore unico - verde, rosso, blu e rosa - offrendo un'esperienza visiva accattivante. \ud83c\udf08<\/li>\n<li><strong>LED ad alta efficienza energetica<\/strong>: Realizzata con la pi\u00f9 recente tecnologia LED, l'insegna offre un basso consumo energetico e una durata impressionante, garantendo notti infinite di sessioni di gioco illuminate. \ud83d\udca1<\/li>\n<li><strong>Posizionamento versatile<\/strong>: Di dimensioni convenienti, questa insegna al neon \u00e8 perfetta per essere montata a parete o esposta su scaffali, scrivanie o centri di intrattenimento. \ud83d\udccd<\/li>\n<li><strong>Design resistente<\/strong>: Racchiusa in un resistente supporto acrilico, l'insegna \u00e8 progettata per garantire stabilit\u00e0 e longevit\u00e0, resistendo all'usura e agli strappi dovuti all'uso regolare. \ud83d\udcaa<\/li>\n<li><strong>Installazione semplice<\/strong>: Viene fornito completo di fori preforati e di un kit di accessori per un'installazione senza problemi. \ud83d\udd27<\/li>\n<li><strong>Sicuro per uso interno<\/strong>: Il design a LED emette un calore minimo, rendendone sicuro l'utilizzo in spazi chiusi e intorno alle apparecchiature di gioco. \ud83d\udd12<\/li>\n<\/ul>\n<p><strong>Elevare l'esperienza di gioco \ud83d\ude80<\/strong><\/p>\n<p>Trasformate il vostro spazio con l'insegna LED al neon Playstation Symbol e immergetevi nell'essenza della cultura del gioco. Sia che stiate trasmettendo in streaming \ud83c\udfa5, gareggiando \ud83c\udfc6 o semplicemente rilassandovi \ud83d\udecb\ufe0f, questa insegna aggiunge un tocco di personalit\u00e0 e nostalgia al vostro ambiente.<\/p>","protected":false},"excerpt":{"rendered":"<p>\ud83c\udf1f Illuminate Your Gaming Space with the Playstation Symbol LED Neon Sign \ud83c\udfae Light Up Your Gamer&#8217;s Den with Iconic<\/p>","protected":false},"featured_media":11502,"comment_status":"open","ping_status":"closed","template":"","meta":[],"product_brand":[],"product_cat":[16],"product_tag":[],"class_list":{"0":"post-1586","1":"product","2":"type-product","3":"status-publish","4":"has-post-thumbnail","6":"product_cat-standify","8":"first","9":"instock","10":"taxable","11":"shipping-taxable","12":"purchasable","13":"product-type-variable"},"jetpack_sharing_enabled":true,"_links":{"self":[{"href":"https:\/\/standify.org\/it\/wp-json\/wp\/v2\/product\/1586","targetHints":{"allow":["GET"]}}],"collection":[{"href":"https:\/\/standify.org\/it\/wp-json\/wp\/v2\/product"}],"about":[{"href":"https:\/\/standify.org\/it\/wp-json\/wp\/v2\/types\/product"}],"replies":[{"embeddable":true,"href":"https:\/\/standify.org\/it\/wp-json\/wp\/v2\/comments?post=1586"}],"version-history":[{"count":0,"href":"https:\/\/standify.org\/it\/wp-json\/wp\/v2\/product\/1586\/revisions"}],"wp:featuredmedia":[{"embeddable":true,"href":"https:\/\/standify.org\/it\/wp-json\/wp\/v2\/media\/11502"}],"wp:attachment":[{"href":"https:\/\/standify.org\/it\/wp-json\/wp\/v2\/media?parent=1586"}],"wp:term":[{"taxonomy":"product_brand","embeddable":true,"href":"https:\/\/standify.org\/it\/wp-json\/wp\/v2\/product_brand?post=1586"},{"taxonomy":"product_cat","embeddable":true,"href":"https:\/\/standify.org\/it\/wp-json\/wp\/v2\/product_cat?post=1586"},{"taxonomy":"product_tag","embeddable":true,"href":"https:\/\/standify.org\/it\/wp-json\/wp\/v2\/product_tag?post=1586"}],"curies":[{"name":"wp","href":"https:\/\/api.w.org\/{rel}","templated":true}]}}