{"id":14281,"date":"2024-06-25T04:06:30","date_gmt":"2024-06-24T18:06:30","guid":{"rendered":"https:\/\/standify.org\/shop\/anime-gym-shorts\/"},"modified":"2026-05-11T23:29:38","modified_gmt":"2026-05-11T13:29:38","slug":"anime-gym-shorts","status":"publish","type":"product","link":"https:\/\/standify.org\/it\/negozio\/anime-gym-shorts\/","title":{"rendered":"Pantaloncini da ginnastica Anime"},"content":{"rendered":"<p><strong>Materiale eccezionale: I pantaloncini da uomo 2 in 1 sono realizzati in tessuto potenziato in poliestere + spandex, morbido e confortevole, la tecnologia stretch a 4 vie favorisce la flessibilit\u00e0 e la libert\u00e0 di movimento. Il tessuto ad asciugatura rapida non d\u00e0 la sensazione di soffocamento durante l'attivit\u00e0 fisica, \u00e8 fresco, traspirante e confortevole.<\/strong><\/p>\n<p>Design perfetto: La coulisse in vita pu\u00f2 essere regolata in base alla propria figura e l'elastico in vita garantisce il massimo comfort. Due tasche laterali, sufficienti per trasportare telefono, portafoglio e altri piccoli oggetti.<\/p>\n<p>Fodera aggiornata: La fodera interna \u00e8 rinforzata e pi\u00f9 elastica. Al tatto si percepisce la differenza rispetto ai normali pantaloncini e la qualit\u00e0 \u00e8 superiore. Il tessuto \u00e8 di ottima fattura, delicato e confortevole, e non presenta sensazioni negative come l'attrito.<\/p>\n<p>Stampa unica: Il design grafico stampato offre un look elegante, ispirato al vostro personaggio anime preferito, alla moda e cool.<\/p>\n<p>Scenari applicabili: I pantaloncini 2 in 1 sono adatti per essere indossati a casa, per correre all'aperto, per lo sport, per la palestra, per l'esercizio fisico, per lo yoga, per la spiaggia e per altre occasioni, con un elevato comfort, uno stile classico e alla moda.<\/p>\n<p>Consigli per il lavaggio: Pu\u00f2 essere lavato a mano o in lavatrice. Il colore non sbiadisce dopo ripetuti lavaggi. Non candeggiare.<br \/>\n<img decoding=\"async\" src=\"https:\/\/ae01.alicdn.com\/kf\/S7696f4a1b2a7483fbbfa3933408d6b6fz.jpg?width=606&amp;height=340&amp;hash=946\" alt=\"Standify Anime Dragon Ball Z figurine e supporto per cuffie Goku\"><br \/>\n<img decoding=\"async\" src=\"https:\/\/ae01.alicdn.com\/kf\/Sfdae12f0a0b54f5ea6f1c6e12f26aebbB.jpg?width=800&amp;height=800&amp;hash=1600\" alt=\"Standify Anime Dragon Ball Z figurine e supporto per cuffie Goku\"><br \/>\n<strong>. <\/strong> <img decoding=\"async\" src=\"https:\/\/ae01.alicdn.com\/kf\/Sb9bc18c5b15d4a6f89911f7bb4a35161d.jpg?width=800&amp;height=800&amp;hash=1600\" alt=\"Standify Anime Dragon Ball Z figurine e supporto per cuffie Goku\">\u00a0<img decoding=\"async\" src=\"https:\/\/ae01.alicdn.com\/kf\/Sdae5e77c1f224ec2a2765f75c49da18aQ.jpg?width=750&amp;height=1333&amp;hash=2083\" alt=\"Standify Anime Dragon Ball Z figurine e supporto per cuffie Goku\"> <img decoding=\"async\" src=\"https:\/\/ae01.alicdn.com\/kf\/S2b118ff0eeff486c81e12e57f35b580eH.jpg?width=800&amp;height=800&amp;hash=1600\" alt=\"Standify Anime Dragon Ball Z figurine e supporto per cuffie Goku\"> <img decoding=\"async\" src=\"https:\/\/ae01.alicdn.com\/kf\/S93043a3799ce48549641fa1c266d6e2eI.jpg?width=800&amp;height=800&amp;hash=1600\" alt=\"Standify Anime Dragon Ball Z figurine e supporto per cuffie Goku\"> <img decoding=\"async\" src=\"https:\/\/ae01.alicdn.com\/kf\/Sf06bec503a9a47389f8fc3b8ec2d225eU.jpg?width=800&amp;height=800&amp;hash=1600\" alt=\"Standify Anime Dragon Ball Z figurine e supporto per cuffie Goku\"> <img decoding=\"async\" src=\"https:\/\/ae01.alicdn.com\/kf\/S4a24b1b0b9bd45dca0d8c52cedde39eaW.jpg?width=800&amp;height=800&amp;hash=1600\" alt=\"Standify Anime Dragon Ball Z figurine e supporto per cuffie Goku\"><\/p>","protected":false},"excerpt":{"rendered":"<p>Outstanding Material: The 2 In 1 men&#8217;s shorts are made of polyester + spandex upgraded fabric, soft and comfortable, the<\/p>","protected":false},"featured_media":14227,"comment_status":"open","ping_status":"closed","template":"","meta":[],"product_brand":[],"product_cat":[641,16,20],"product_tag":[],"class_list":{"0":"post-14281","1":"product","2":"type-product","3":"status-publish","4":"has-post-thumbnail","6":"product_cat-dragon-ball-z-super-saiyan","7":"product_cat-standify","8":"product_cat-apparel","10":"first","11":"instock","12":"taxable","13":"shipping-taxable","14":"purchasable","15":"product-type-variable"},"jetpack_sharing_enabled":true,"_links":{"self":[{"href":"https:\/\/standify.org\/it\/wp-json\/wp\/v2\/product\/14281","targetHints":{"allow":["GET"]}}],"collection":[{"href":"https:\/\/standify.org\/it\/wp-json\/wp\/v2\/product"}],"about":[{"href":"https:\/\/standify.org\/it\/wp-json\/wp\/v2\/types\/product"}],"replies":[{"embeddable":true,"href":"https:\/\/standify.org\/it\/wp-json\/wp\/v2\/comments?post=14281"}],"version-history":[{"count":0,"href":"https:\/\/standify.org\/it\/wp-json\/wp\/v2\/product\/14281\/revisions"}],"wp:featuredmedia":[{"embeddable":true,"href":"https:\/\/standify.org\/it\/wp-json\/wp\/v2\/media\/14227"}],"wp:attachment":[{"href":"https:\/\/standify.org\/it\/wp-json\/wp\/v2\/media?parent=14281"}],"wp:term":[{"taxonomy":"product_brand","embeddable":true,"href":"https:\/\/standify.org\/it\/wp-json\/wp\/v2\/product_brand?post=14281"},{"taxonomy":"product_cat","embeddable":true,"href":"https:\/\/standify.org\/it\/wp-json\/wp\/v2\/product_cat?post=14281"},{"taxonomy":"product_tag","embeddable":true,"href":"https:\/\/standify.org\/it\/wp-json\/wp\/v2\/product_tag?post=14281"}],"curies":[{"name":"wp","href":"https:\/\/api.w.org\/{rel}","templated":true}]}}