{"id":1391,"date":"2024-02-28T13:11:58","date_gmt":"2024-02-28T13:11:58","guid":{"rendered":"https:\/\/standify.org\/?post_type=product&#038;p=1391"},"modified":"2026-02-10T03:26:29","modified_gmt":"2026-02-09T17:26:29","slug":"playstation-premium-rgb-3mm-desk-pads-15-designs","status":"publish","type":"product","link":"https:\/\/standify.org\/it\/negozio\/playstation-premium-rgb-3mm-desk-pads-15-designs\/","title":{"rendered":"Tappetini da scrivania Playstation Premium RGB da 3 mm - 16 disegni"},"content":{"rendered":"<p>Entrate in un regno in cui l'iconico mondo di PlayStation incontra un design all'avanguardia con i nostri tappetini da scrivania RGB della serie PlayStation. Trasformate la vostra scrivania in una centrale di gioco che si lascia alle spalle i normali tappetini per mouse!<\/p>\n<p>Perch\u00e9 questo \u00e8 il desk pad di cui ogni giocatore ha bisogno: \ud83d\udd25 Temi PlayStation impareggiabili: Scegliete tra un'ampia gamma di 19 design personalizzati di alta qualit\u00e0 e di grande impatto. Immergetevi nell'universo di PlayStation con immagini vivaci che distinguono la vostra postazione di gioco.<\/p>\n<p>\ud83c\udf0c Eccellenza RGB: Elevate la vostra scrivania con qualcosa di pi\u00f9 di un semplice colore. Godetevi l'illuminazione LED RGB dinamica e personalizzabile, progettata per riflettere ogni stato d'animo e sessione di gioco.<\/p>\n<p>\ud83d\uddb1\ufe0f Prestazioni di gioco superiori: Lasciatevi alle spalle i tappetini per mouse sottili e di qualit\u00e0 inferiore. I nostri tappetini da scrivania vantano uno spessore di 3 mm, che garantisce uno scorrimento fluido e ammortizzato per ogni movimento del mouse, sia nelle intense battaglie di gioco che nel lavoro.<\/p>\n<p>Materiale di alta qualit\u00e0: Realizzati con gomma di prima qualit\u00e0, questi tappetini da scrivania non si limitano all'aspetto estetico. La stabilit\u00e0 \u00e8 impareggiabile grazie alla base antiscivolo e alla durata che supera la concorrenza.<\/p>\n<p>Caratteristiche che ci distinguono:<\/p>\n<p>Caratteristiche avanzate di retroilluminazione e LED: Non accontentatevi dell'ordinario. Illuminate il vostro gioco con brillanti effetti di luce. Attrezzatura essenziale per il gioco: Questo \u00e8 pi\u00f9 di un semplice tappetino per mouse: \u00e8 una parte essenziale del vostro arsenale di gioco. Orgoglio PlayStation: Mostra il tuo amore per la PlayStation con questi tappetini da scrivania dal tema unico. Dimensioni ottimali per ogni configurazione: Dite addio ai pad piccoli e inadeguati. La nostra gamma di dimensioni garantisce una copertura perfetta per qualsiasi scrivania. Dimensioni disponibili per ogni giocatore:<\/p>\n<p>RGB 300x600x3mm RGB 300x700x3mm RGB 250x350x3mm RGB 300x800x3mm RGB 400x900x3mm Perch\u00e9 accontentarsi dell'ordinario quando si pu\u00f2 raggiungere l'eccellenza nel gioco? Il nostro Desk Pad RGB della serie PlayStation non \u00e8 solo un aggiornamento, ma un'affermazione della vostra abilit\u00e0 di gioco. Non lasciatevi sfuggire l'accessorio di gioco definitivo. Trasforma la tua scrivania in una zona di potenza PlayStation! \ud83c\udf1f\ud83c\udfae<\/p>","protected":false},"excerpt":{"rendered":"<p>Entrate in un regno in cui l'iconico mondo di PlayStation incontra un design all'avanguardia con i nostri tappetini da scrivania RGB della serie PlayStation.<\/p>","protected":false},"featured_media":1488,"comment_status":"open","ping_status":"closed","template":"","meta":[],"product_brand":[],"product_cat":[16,28],"product_tag":[],"class_list":{"0":"post-1391","1":"product","2":"type-product","3":"status-publish","4":"has-post-thumbnail","6":"product_cat-standify","7":"product_cat-desk-pad","9":"first","10":"instock","11":"taxable","12":"shipping-taxable","13":"purchasable","14":"product-type-variable"},"jetpack_sharing_enabled":true,"_links":{"self":[{"href":"https:\/\/standify.org\/it\/wp-json\/wp\/v2\/product\/1391","targetHints":{"allow":["GET"]}}],"collection":[{"href":"https:\/\/standify.org\/it\/wp-json\/wp\/v2\/product"}],"about":[{"href":"https:\/\/standify.org\/it\/wp-json\/wp\/v2\/types\/product"}],"replies":[{"embeddable":true,"href":"https:\/\/standify.org\/it\/wp-json\/wp\/v2\/comments?post=1391"}],"version-history":[{"count":0,"href":"https:\/\/standify.org\/it\/wp-json\/wp\/v2\/product\/1391\/revisions"}],"wp:featuredmedia":[{"embeddable":true,"href":"https:\/\/standify.org\/it\/wp-json\/wp\/v2\/media\/1488"}],"wp:attachment":[{"href":"https:\/\/standify.org\/it\/wp-json\/wp\/v2\/media?parent=1391"}],"wp:term":[{"taxonomy":"product_brand","embeddable":true,"href":"https:\/\/standify.org\/it\/wp-json\/wp\/v2\/product_brand?post=1391"},{"taxonomy":"product_cat","embeddable":true,"href":"https:\/\/standify.org\/it\/wp-json\/wp\/v2\/product_cat?post=1391"},{"taxonomy":"product_tag","embeddable":true,"href":"https:\/\/standify.org\/it\/wp-json\/wp\/v2\/product_tag?post=1391"}],"curies":[{"name":"wp","href":"https:\/\/api.w.org\/{rel}","templated":true}]}}