{"id":1376,"date":"2023-11-07T15:23:50","date_gmt":"2023-11-07T15:23:50","guid":{"rendered":"https:\/\/standify.org\/?product=pink-crystal-controller-stand"},"modified":"2024-11-19T03:38:31","modified_gmt":"2024-11-18T17:38:31","slug":"pink-crystal-controller-stand","status":"publish","type":"product","link":"https:\/\/standify.org\/it\/negozio\/pink-crystal-controller-stand\/","title":{"rendered":"Supporto per controller in cristallo rosa"},"content":{"rendered":"<h1><\/h1>\n<p>Elevate la vostra configurazione di gioco con un tocco di eleganza e stravaganza: il supporto per controller in cristallo rosa pastello \u00e8 qui per incantare! \ud83c\udfae\ud83d\udc96<\/p>\n<p><strong>Chic e forte<\/strong> - Incantate la vostra scrivania di gioco con la bellezza eterea di questo supporto in cristallo rosa pastello. Stampato in 3D alla perfezione, fonde i regni della fantasia e della funzionalit\u00e0, offrendo un rifugio durevole per il vostro controller.<\/p>\n<p><strong>Universalmente incantevole<\/strong> - Realizzato per ospitare una variet\u00e0 di controller e console di gioco, questo supporto \u00e8 tanto versatile quanto straordinario. La vostra attrezzatura da gioco sar\u00e0 tenuta al sicuro, circondata dal dolce abbraccio di un fascino cristallino.<\/p>\n<p><strong>Magia salvaspazio<\/strong> - Il suo design compatto lo inserisce perfettamente nel vostro spazio di gioco, offrendo un display opulento senza ingombri.<\/p>\n<p>Aggiungete un tocco di colore e fascino magico al vostro ambiente di gioco con questo supporto per controller in cristallo rosa pastello, dove il design incontra l'utilit\u00e0 in una fusione da favola.<\/p>","protected":false},"excerpt":{"rendered":"<p>Elevate la vostra configurazione di gioco con un tocco di eleganza e stravaganza: \u00e8 arrivato il supporto per controller in cristallo rosa pastello.<\/p>","protected":false},"featured_media":1381,"comment_status":"open","ping_status":"closed","template":"","meta":[],"product_brand":[],"product_cat":[16],"product_tag":[22,24],"class_list":{"0":"post-1376","1":"product","2":"type-product","3":"status-publish","4":"has-post-thumbnail","6":"product_cat-standify","7":"product_tag-for-her","8":"product_tag-controller-stand","10":"first","11":"instock","12":"taxable","13":"shipping-taxable","14":"purchasable","15":"product-type-variable"},"jetpack_sharing_enabled":true,"_links":{"self":[{"href":"https:\/\/standify.org\/it\/wp-json\/wp\/v2\/product\/1376","targetHints":{"allow":["GET"]}}],"collection":[{"href":"https:\/\/standify.org\/it\/wp-json\/wp\/v2\/product"}],"about":[{"href":"https:\/\/standify.org\/it\/wp-json\/wp\/v2\/types\/product"}],"replies":[{"embeddable":true,"href":"https:\/\/standify.org\/it\/wp-json\/wp\/v2\/comments?post=1376"}],"version-history":[{"count":0,"href":"https:\/\/standify.org\/it\/wp-json\/wp\/v2\/product\/1376\/revisions"}],"wp:featuredmedia":[{"embeddable":true,"href":"https:\/\/standify.org\/it\/wp-json\/wp\/v2\/media\/1381"}],"wp:attachment":[{"href":"https:\/\/standify.org\/it\/wp-json\/wp\/v2\/media?parent=1376"}],"wp:term":[{"taxonomy":"product_brand","embeddable":true,"href":"https:\/\/standify.org\/it\/wp-json\/wp\/v2\/product_brand?post=1376"},{"taxonomy":"product_cat","embeddable":true,"href":"https:\/\/standify.org\/it\/wp-json\/wp\/v2\/product_cat?post=1376"},{"taxonomy":"product_tag","embeddable":true,"href":"https:\/\/standify.org\/it\/wp-json\/wp\/v2\/product_tag?post=1376"}],"curies":[{"name":"wp","href":"https:\/\/api.w.org\/{rel}","templated":true}]}}