{"id":13313,"date":"2024-05-30T21:46:48","date_gmt":"2024-05-30T11:46:48","guid":{"rendered":"https:\/\/standify.org\/shop\/gods-of-war-kratos-headphone-stand\/"},"modified":"2025-12-31T05:46:16","modified_gmt":"2025-12-30T19:46:16","slug":"god-of-war-kratos-headphone-stand","status":"publish","type":"product","link":"https:\/\/standify.org\/it\/negozio\/god-of-war-kratos-headphone-stand\/","title":{"rendered":"Supporto per cuffie God Of War Kratos"},"content":{"rendered":"<p>Sentite la potenza ogni volta che prendete le cuffie. Questo supporto non \u00e8 solo funzionale: \u00e8 un tributo a uno dei personaggi pi\u00f9 iconici dei videogiochi. Che siate giocatori occasionali o fan sfegatati, avere Kratos sulla vostra scrivania elever\u00e0 la vostra configurazione di gioco a uno status leggendario.<\/p>\n<p>Non perdete l'occasione di possedere questo epico pezzo di memorabilia del gioco. Fate clic su \"Aggiungi al carrello\" e lasciate che Kratos protegga le vostre cuffie con la forza di un dio.<\/p>\n<h3>Caratteristiche del prodotto:<\/h3>\n<ul>\n<li><strong>Design epico<\/strong>: La stampa 3D dettagliata cattura l'aspetto feroce di Kratos.<\/li>\n<li><strong>Struttura robusta<\/strong>: Realizzato con materiali di alta qualit\u00e0 per supportare anche le cuffie pi\u00f9 pesanti.<\/li>\n<li><strong>Omaggio iconico<\/strong>: Un must per i fan della serie God of War.<\/li>\n<li><strong>Regalo perfetto<\/strong>: Ideale per i giocatori che apprezzano accessori unici e funzionali.<\/li>\n<li><strong>Risparmio di spazio<\/strong>: Consente di tenere in ordine le cuffie e di liberare la scrivania.<\/li>\n<\/ul>\n<h3>Come si usa:<\/h3>\n<ol>\n<li>Scoprite il vostro supporto per cuffie Kratos.<\/li>\n<li>Posizionare il supporto sulla scrivania o sulla postazione di gioco.<\/li>\n<li>Appendere le cuffie alla testa di Kratos.<\/li>\n<\/ol>","protected":false},"excerpt":{"rendered":"<p>Sentite la potenza ogni volta che prendete le vostre cuffie. Questo supporto non \u00e8 solo funzionale, ma \u00e8 anche un tributo a uno dei pi\u00f9 grandi artisti del mondo.<\/p>","protected":false},"featured_media":13340,"comment_status":"open","ping_status":"closed","template":"","meta":[],"product_brand":[],"product_cat":[16],"product_tag":[],"class_list":{"0":"post-13313","1":"product","2":"type-product","3":"status-publish","4":"has-post-thumbnail","6":"product_cat-standify","8":"first","9":"instock","10":"sale","11":"taxable","12":"shipping-taxable","13":"purchasable","14":"product-type-variable","15":"has-default-attributes"},"jetpack_sharing_enabled":true,"_links":{"self":[{"href":"https:\/\/standify.org\/it\/wp-json\/wp\/v2\/product\/13313","targetHints":{"allow":["GET"]}}],"collection":[{"href":"https:\/\/standify.org\/it\/wp-json\/wp\/v2\/product"}],"about":[{"href":"https:\/\/standify.org\/it\/wp-json\/wp\/v2\/types\/product"}],"replies":[{"embeddable":true,"href":"https:\/\/standify.org\/it\/wp-json\/wp\/v2\/comments?post=13313"}],"version-history":[{"count":0,"href":"https:\/\/standify.org\/it\/wp-json\/wp\/v2\/product\/13313\/revisions"}],"wp:featuredmedia":[{"embeddable":true,"href":"https:\/\/standify.org\/it\/wp-json\/wp\/v2\/media\/13340"}],"wp:attachment":[{"href":"https:\/\/standify.org\/it\/wp-json\/wp\/v2\/media?parent=13313"}],"wp:term":[{"taxonomy":"product_brand","embeddable":true,"href":"https:\/\/standify.org\/it\/wp-json\/wp\/v2\/product_brand?post=13313"},{"taxonomy":"product_cat","embeddable":true,"href":"https:\/\/standify.org\/it\/wp-json\/wp\/v2\/product_cat?post=13313"},{"taxonomy":"product_tag","embeddable":true,"href":"https:\/\/standify.org\/it\/wp-json\/wp\/v2\/product_tag?post=13313"}],"curies":[{"name":"wp","href":"https:\/\/api.w.org\/{rel}","templated":true}]}}