{"id":10856,"date":"2024-03-08T00:12:21","date_gmt":"2024-03-07T14:12:21","guid":{"rendered":"https:\/\/standify.org\/?page_id=10856"},"modified":"2024-05-30T20:41:28","modified_gmt":"2024-05-30T10:41:28","slug":"refund-policy","status":"publish","type":"page","link":"https:\/\/standify.org\/it\/refund-policy\/","title":{"rendered":"Politica di rimborso"},"content":{"rendered":"<h1 class=\"wp-block-heading\">CANCELLAZIONI\/MODIFICHE<\/h1>\n\n\n\n<p>&nbsp;Elaboriamo gli ordini molto rapidamente e purtroppo non possiamo apportare modifiche dopo che l'ordine \u00e8 stato effettuato. Se si desidera annullare o apportare modifiche all'ordine, si prega di contattarci all'indirizzo info@standify.org per verificare se \u00e8 possibile apportare una modifica.&nbsp;<\/p>\n\n\n\n<p>&nbsp;<strong>Nota<\/strong>: Si noti che la commissione di transazione standard $2 non \u00e8 rimborsabile.<\/p>\n\n\n\n<p>Se l'ordine \u00e8 gi\u00e0 stato evaso, non \u00e8 possibile effettuare un rimborso (poich\u00e9 il pacco \u00e8 gi\u00e0 in viaggio).&nbsp;&nbsp;<\/p>\n\n\n\n<p>Il rimborso per un ordine annullato richieder\u00e0 2-7 giorni lavorativi a seconda del metodo di pagamento. Paypal \u00e8 istantaneo, mentre per gli acquirenti di carte di credito\/debito potrebbe essere necessario attendere un po' di pi\u00f9.<\/p>\n\n\n\n<h1 class=\"wp-block-heading\">RIMBORSI<\/h1>\n\n\n\n<p>Un cliente pu\u00f2 richiedere un rimborso solo in caso di difetti dell'articolo consegnato. In tal caso, il cliente dovr\u00e0 fornire immagini o video a sostegno della richiesta.<\/p>\n\n\n\n<p>I rimborsi non sono presi in considerazione nel caso in cui il cliente:<\/p>\n\n\n\n<p>1. Errore al momento dell'ordine della merce, ad esempio (a titolo esemplificativo e non esaustivo) selezione del modello sbagliato, selezione della quantit\u00e0 sbagliata, errore nella natura della merce.<\/p>\n\n\n\n<p>2.  Annulla l'ordine dopo che l'acquisto \u00e8 stato finalizzato e pagato sulla piattaforma.&nbsp;<\/p>\n\n\n\n<p>Per poter ottenere un rimborso, l'articolo deve essere inutilizzato e nelle stesse condizioni in cui \u00e8 stato ricevuto. Deve inoltre essere nella confezione originale con tutti i cartellini e le etichette originali attaccati. Una volta ricevuto e ispezionato il reso, \u00e8 possibile richiedere un rimborso parziale o un credito del negozio. Il rimborso verr\u00e0 elaborato e l'accredito verr\u00e0 automaticamente applicato alla carta di credito o al metodo di pagamento originale entro 2-7 giorni lavorativi.&nbsp;<\/p>\n\n\n\n<p>&nbsp;<strong>Nota<\/strong>: Le spese di spedizione per la restituzione dell'articolo sono a carico del cliente. Le spese di spedizione non sono rimborsabili.<\/p>\n\n\n\n<h1 class=\"wp-block-heading\">STIME DI SPEDIZIONE<\/h1>\n\n\n\n<p>Durante il trasporto possono verificarsi incidenti. Potete stare certi che siamo qui per voi. Se avete ricevuto un articolo danneggiato, vi preghiamo di segnalarlo a info@standify.org entro 48 ore dal ricevimento con una foto che mostri il danno del prodotto. Si prega di includere il numero d'ordine nell'e-mail. Non \u00e8 necessario restituire il prodotto danneggiato.<\/p>\n\n\n\n<p>&nbsp;<strong>Nota<\/strong>: Non siamo responsabili di eventuali danni causati al prodotto a causa di un uso non corretto.<\/p>\n\n\n\n<h1 class=\"wp-block-heading\">RIMBORSI<\/h1>\n\n\n\n<p>Per avere diritto a un rimborso, \u00e8 necessario restituire l'ordine. Una volta ricevuto e ispezionato il reso, \u00e8 possibile richiedere un rimborso parziale o un credito del negozio. Il rimborso verr\u00e0 elaborato e l'accredito verr\u00e0 automaticamente applicato alla carta di credito o al metodo di pagamento originale entro 2-7 giorni lavorativi.&nbsp;<\/p>\n\n\n\n<p>&nbsp;<strong>Nota<\/strong>: Le spese di spedizione (se presenti) e le spese di transazione non sono rimborsabili.<\/p>\n\n\n\n<h1 class=\"wp-block-heading\">COSTI DI SPEDIZIONE<\/h1>\n\n\n\n<p>Le spese di spedizione per la restituzione dell'articolo sono a carico del cliente. Le spese di spedizione non sono rimborsabili. L'utilizzo di un servizio di spedizione tracciabile \u00e8 obbligatorio: se non si utilizza un servizio di spedizione tracciabile, non potremo procedere al rimborso.<\/p>\n\n\n\n<h1 class=\"wp-block-heading\">INDIRIZZO SBAGLIATO<\/h1>\n\n\n\n<p>Si prega di notare che se il pacco non vi arriva dopo aver fornito un indirizzo errato o incompleto, non saremo ritenuti responsabili e non potremo offrire un rimborso completo dell'importo dell'ordine - siete responsabili di fornire informazioni di spedizione e fatturazione chiare e corrette al momento dell'ordine.<\/p>\n\n\n\n<p>\u00a0Per ulteriori domande, si prega di contattare info@standify.org.<br><\/p>\n\n\n\n<h1 class=\"wp-block-heading\">PACCHI RUBATI\/SMARRITI<\/h1>\n\n\n\n<p>Sebbene ci impegniamo a consegnare l'ordine in modo tempestivo, non possiamo essere ritenuti responsabili di eventuali ritardi nella spedizione o nella consegna che esulano dal nostro controllo. In caso di problemi con la consegna, contattare direttamente il corriere per assistenza. Non siamo responsabili di eventuali pacchi persi, rubati o in ritardo.<br><\/p>\n\n\n\n<h1 class=\"wp-block-heading\">Resi, sostituzioni e rimborsi<\/h1>\n\n\n\n<p>Thank you for your purchase. We hope you are happy with your purchase. However, if you are not completely satisfied with your purchase due to a default, you may return it. Please see below for more information on our return policy.<\/p>\n\n\n\n<h1 class=\"wp-block-heading\"><strong>Resi, sostituzioni e rimborsi<\/strong><\/h1>\n\n\n\n<p>Tutti i resi e i problemi relativi agli ordini devono essere segnalati entro trenta (30) giorni dalla data di consegna.&nbsp;<\/p>\n\n\n\n<p><em>Standify&nbsp;<\/em><em>sostituir\u00e0 l'articolo in caso di danni, pezzi mancanti o scarsa lavorazione.&nbsp;<\/em><\/p>\n\n\n\n<p>Se danneggiate, rompete o perdete direttamente l'articolo, non avrete diritto alla sostituzione o al rimborso.<\/p>\n\n\n\n<ul class=\"wp-block-list\">\n<li><strong>Per richiedere una sostituzione<\/strong>&nbsp;per danni, pezzi mancanti o cattiva lavorazione, si prega di inviare un'e-mail al nostro servizio clienti all'indirizzo info@standify.org.<\/li>\n\n\n\n<li><strong>Per avere diritto a un rimborso (nel caso in cui si desideri restituire l'ordine)<\/strong>L'articolo deve essere inutilizzato e nelle stesse condizioni in cui \u00e8 stato ricevuto. Deve inoltre essere nella confezione originale con tutti i cartellini e le etichette originali attaccati.<\/li>\n<\/ul>\n\n\n\n<p>NON si accettano resi per rimborso per ordini che abbiano superato i 30 giorni dalla data di consegna.<\/p>\n\n\n\n<p>Per restituire un articolo, inviare un'e-mail al nostro servizio clienti all'indirizzo info@standify.org.<\/p>\n\n\n\n<p>Per completare il rimborso, abbiamo bisogno di una ricevuta o di una prova d'acquisto.<\/p>\n\n\n\n<ul class=\"wp-block-list\">\n<li>Si prega di mettersi in contatto per l'indirizzo di restituzione. Vi invieremo i dettagli di consegna della nostra struttura pi\u00f9 vicina a voi.<\/li>\n\n\n\n<li>Si prega di inviare una PROVA della spedizione una volta restituita (ad es. e-mail \/ messaggio diretto con una foto della ricevuta) in modo da poterla utilizzare come riferimento.<\/li>\n\n\n\n<li>Una volta ricevuto e ispezionato il vostro reso, vi invieremo un'e-mail per notificarvi che abbiamo ricevuto l'articolo restituito. Vi comunicheremo inoltre l'approvazione o il rifiuto del rimborso.<\/li>\n\n\n\n<li>Se il rimborso viene approvato, verr\u00e0 elaborato e un credito verr\u00e0 automaticamente applicato alla carta di credito o al metodo di pagamento originale. Riceverete il rimborso in 2-7 giorni lavorativi.&nbsp;&nbsp;<\/li>\n<\/ul>\n\n\n\n<p><strong>ECCEZIONI<\/strong><\/p>\n\n\n\n<p><br>NON accettiamo resi se:<br><br>Gli articoli sono gi\u00e0 stati aperti e utilizzati.<\/p>\n\n\n\n<p>Il cliente ha commesso un errore al momento dell'ordine della merce, ad esempio (a titolo esemplificativo e non esaustivo) selezione di un modello sbagliato, selezione di una quantit\u00e0 sbagliata, errore nella natura della merce.<\/p>\n\n\n\n<p><strong>Spedizione:<\/strong><\/p>\n\n\n\n<ul class=\"wp-block-list\">\n<li>Per restituire il prodotto, contattateci via e-mail e vi guideremo nei passi successivi.<\/li>\n<\/ul>\n\n\n\n<p>Le spese di spedizione per la restituzione dell'articolo sono a carico del cliente. Le spese di spedizione non sono rimborsabili.<br><br>A seconda del luogo di residenza, il tempo necessario per ricevere il prodotto sostitutivo pu\u00f2 variare.<br><br>Per prodotti difettosi o danneggiati, non esitate a contattare il nostro team di assistenza clienti all'indirizzo info@standify.org per organizzare un rimborso o una sostituzione.<\/p>","protected":false},"excerpt":{"rendered":"<p>CANCELLATIONS\/MODIFICATIONS &nbsp;We process our orders very quickly and unfortunately cannot typically make changes after an order has been placed. If<\/p>","protected":false},"author":1,"featured_media":0,"parent":0,"menu_order":0,"comment_status":"closed","ping_status":"closed","template":"","meta":{"footnotes":""},"class_list":["post-10856","page","type-page","status-publish","hentry"],"jetpack_sharing_enabled":true,"_links":{"self":[{"href":"https:\/\/standify.org\/it\/wp-json\/wp\/v2\/pages\/10856","targetHints":{"allow":["GET"]}}],"collection":[{"href":"https:\/\/standify.org\/it\/wp-json\/wp\/v2\/pages"}],"about":[{"href":"https:\/\/standify.org\/it\/wp-json\/wp\/v2\/types\/page"}],"author":[{"embeddable":true,"href":"https:\/\/standify.org\/it\/wp-json\/wp\/v2\/users\/1"}],"replies":[{"embeddable":true,"href":"https:\/\/standify.org\/it\/wp-json\/wp\/v2\/comments?post=10856"}],"version-history":[{"count":0,"href":"https:\/\/standify.org\/it\/wp-json\/wp\/v2\/pages\/10856\/revisions"}],"wp:attachment":[{"href":"https:\/\/standify.org\/it\/wp-json\/wp\/v2\/media?parent=10856"}],"curies":[{"name":"wp","href":"https:\/\/api.w.org\/{rel}","templated":true}]}}