{"id":464,"date":"2023-11-07T15:03:41","date_gmt":"2023-11-07T15:03:41","guid":{"rendered":"https:\/\/standify.org\/?product=controller-stand-zombie-hand"},"modified":"2025-12-17T03:35:32","modified_gmt":"2025-12-16T17:35:32","slug":"controller-stand-zombie-hand","status":"publish","type":"product","link":"https:\/\/standify.org\/hu\/shop\/controller-stand-zombie-hand\/","title":{"rendered":"Vez\u00e9rl\u0151 \u00e1llv\u00e1ny Zombie k\u00e9z"},"content":{"rendered":"<p>Engedd szabadj\u00e1ra az \u00e9l\u0151halottakat, hogy megszervezz\u00e9k j\u00e1t\u00e9kfelszerel\u00e9seidet a Zombie Hand seg\u00edts\u00e9g\u00e9vel - a v\u00e9gs\u0151 kontroller \u00e9s fejhallgat\u00f3 \u00e1llv\u00e1ny, amely \u00edg\u00e9retesen \u00e9letet lehel a j\u00e1t\u00e9k\u00e1llom\u00e1sodba!<\/p>\n<p>\ud83c\udfae <strong>Fejhallgat\u00f3tart\u00f3 - A felszerel\u00e9sed \u0151re<\/strong> Fokozza j\u00e1t\u00e9k\u00e1t egy olyan tart\u00f3val, amely nem csak funkcion\u00e1lis, de \u00f6rd\u00f6gien eleg\u00e1ns is. Ez nem csak egy hely, ahov\u00e1 felakaszthatod a fejhallgat\u00f3t egy f\u00e1raszt\u00f3 j\u00e1t\u00e9k ut\u00e1n; ez egy nyilatkozat. Egy jelz\u0151f\u00e9ny az \u00e9jszak\u00e1ban, amely azt ki\u00e1ltja, hogy \"J\u00f3l j\u00e1tszott\u00e1l!\". Hagyd, hogy ez a zombi k\u00e9z felemelkedjen az asztalod m\u00e9ly\u00e9r\u0151l, hogy a fejhallgat\u00f3idat b\u00f6lcs\u0151be helyezze, hogy \u00e9rintetlen\u00fcl, kibogozhatatlanul \u00e9s mindig el\u00e9rhet\u0151 k\u00f6zels\u00e9gben tartsa \u0151ket.<\/p>\n<p>\ud83c\udfa7 <strong>Controller Haven - \u00d6lelje \u00e1t az \u00e9l\u0151halottak mark\u00e1t<\/strong> Ne f\u00e9ljen, mert ez a stand nem tesz k\u00fcl\u00f6nbs\u00e9get; egyenl\u0151 es\u00e9lyeket biztos\u00edt. Ak\u00e1r az Xbox, ak\u00e1r a PlayStation, ak\u00e1r a Switch mellett k\u00f6telezed el magad, ez a k\u00e9z felkapja a kontrolleredet, \u00e9s b\u00fcszk\u00e9n \u00e9s magasan tartja. Az ellen\u00e1ll\u00f3 gyant\u00e1b\u00f3l k\u00e9sz\u00fclt \u00e9s apr\u00f3l\u00e9kosan k\u00e9zzel festett tart\u00f3 nem csup\u00e1n egy \u00e1llv\u00e1ny - ez egy tr\u00f3fea, amely sz\u00e1mtalan csata \u00e9s gy\u0151zelem tan\u00faja. Nem csak meg\u00e9p\u00fclt - az \u00f6r\u00f6kk\u00e9val\u00f3s\u00e1gnak kov\u00e1csolt\u00e1k, \u00e9s rend\u00edthetetlen t\u00e1mogat\u00e1st \u00edg\u00e9r a legnemesebb j\u00e1t\u00e9kszersz\u00e1modnak.<\/p>\n<p>\ud83c\udfae <strong>Phone Stand - A Tech, a halottak \u00e1ltal megragadott technika<\/strong> Gondolt\u00e1l m\u00e1r arra, hogy a telefonodra r\u00e1f\u00e9rne egy kis borzong\u00e1s? Ne keressen tov\u00e1bb. Ez az \u00e1llv\u00e1ny az apokalipszis hideg, halott kezeivel fogja meg mobilk\u00e9sz\u00fcl\u00e9k\u00e9t, biztos\u00edtva, hogy m\u00e9g a harc hev\u00e9ben is tiszt\u00e1n l\u00e1ssa a k\u00e9perny\u0151t. iPhone vagy Samsung, Google vagy b\u00e1rmelyik m\u00e1sik - tokkal vagy an\u00e9lk\u00fcl - ez a zombi nem \u00edt\u00e9lkezik. Csak tart... k\u00f6ny\u00f6rtelen\u00fcl.<\/p>\n<p>\ud83c\udfa7 <strong>A s\u00edr aj\u00e1nd\u00e9ka - F\u00f6ld\u00f6nt\u00fali meglepet\u00e9s a j\u00e1t\u00e9kosoknak<\/strong> A t\u00f6k\u00e9letes aj\u00e1nd\u00e9kot keresed egy j\u00e1t\u00e9krajong\u00f3nak? A Zombie Hand ugyanolyan gondosan tervezett csomagol\u00e1sban \u00e9rkezik, mint maga az \u00e1llv\u00e1ny, \u00edgy biztos\u00edtva, hogy a t\u00falvil\u00e1gr\u00f3l kifog\u00e1stalan \u00e1llapotban \u00e9rkezzen meg a k\u00fcsz\u00f6b\u00f6dre. A 17x27x18,5 cm-es m\u00e9retekkel ide\u00e1lis pihen\u0151helyet biztos\u00edt a PS5, az XBOX Series X|S \u00e9s a legt\u00f6bb piacon kaphat\u00f3 headset hivatalos kontrollereinek.<\/p>\n<p>Mer\u00e9szelje hozz\u00e1adni a rendk\u00edv\u00fcli dolgokat a be\u00e1ll\u00edt\u00e1saihoz ezzel az egyedi j\u00e1t\u00e9kkieg\u00e9sz\u00edt\u0151vel. A Zombie Hand minden pillant\u00e1sa eml\u00e9keztetni fog arra - a h\u00e9tk\u00f6znapi j\u00e1t\u00e9kosok vil\u00e1g\u00e1ban te vagy a t\u00fal\u00e9l\u0151, az utols\u00f3, aki talpon maradt, a horda irigye.<\/p>","protected":false},"excerpt":{"rendered":"<p>Engedd szabadj\u00e1ra az \u00e9l\u0151halottakat, hogy megszervezz\u00e9k a j\u00e1t\u00e9kfelszerel\u00e9sedet a Zombie Hand seg\u00edts\u00e9g\u00e9vel - a v\u00e9gs\u0151 kontroller \u00e9s fejhallgat\u00f3 \u00e1llv\u00e1ny, amely<\/p>","protected":false},"featured_media":466,"comment_status":"open","ping_status":"closed","template":"","meta":[],"product_brand":[],"product_cat":[16,25],"product_tag":[24],"class_list":{"0":"post-464","1":"product","2":"type-product","3":"status-publish","4":"has-post-thumbnail","6":"product_cat-standify","7":"product_cat-controller-stand","8":"product_tag-controller-stand","10":"first","11":"instock","12":"sale","13":"taxable","14":"shipping-taxable","15":"purchasable","16":"product-type-simple"},"jetpack_sharing_enabled":true,"_links":{"self":[{"href":"https:\/\/standify.org\/hu\/wp-json\/wp\/v2\/product\/464","targetHints":{"allow":["GET"]}}],"collection":[{"href":"https:\/\/standify.org\/hu\/wp-json\/wp\/v2\/product"}],"about":[{"href":"https:\/\/standify.org\/hu\/wp-json\/wp\/v2\/types\/product"}],"replies":[{"embeddable":true,"href":"https:\/\/standify.org\/hu\/wp-json\/wp\/v2\/comments?post=464"}],"version-history":[{"count":0,"href":"https:\/\/standify.org\/hu\/wp-json\/wp\/v2\/product\/464\/revisions"}],"wp:featuredmedia":[{"embeddable":true,"href":"https:\/\/standify.org\/hu\/wp-json\/wp\/v2\/media\/466"}],"wp:attachment":[{"href":"https:\/\/standify.org\/hu\/wp-json\/wp\/v2\/media?parent=464"}],"wp:term":[{"taxonomy":"product_brand","embeddable":true,"href":"https:\/\/standify.org\/hu\/wp-json\/wp\/v2\/product_brand?post=464"},{"taxonomy":"product_cat","embeddable":true,"href":"https:\/\/standify.org\/hu\/wp-json\/wp\/v2\/product_cat?post=464"},{"taxonomy":"product_tag","embeddable":true,"href":"https:\/\/standify.org\/hu\/wp-json\/wp\/v2\/product_tag?post=464"}],"curies":[{"name":"wp","href":"https:\/\/api.w.org\/{rel}","templated":true}]}}