{"id":357,"date":"2024-03-07T12:25:12","date_gmt":"2024-03-07T12:25:12","guid":{"rendered":"https:\/\/standify.org\/?post_type=product&#038;p=357"},"modified":"2026-03-19T03:25:20","modified_gmt":"2026-03-18T17:25:20","slug":"47cm-vegeta-super-saiyan-action-figure","status":"publish","type":"product","link":"https:\/\/standify.org\/hu\/shop\/47cm-vegeta-super-saiyan-action-figure\/","title":{"rendered":"47Cm Vegeta Super Saiyan akci\u00f3figura"},"content":{"rendered":"<div class=\"flex-1 overflow-hidden\">\n<div class=\"react-scroll-to-bottom--css-mmxkj-79elbk h-full\">\n<div class=\"react-scroll-to-bottom--css-mmxkj-1n7m0yu\">\n<div class=\"flex flex-col pb-9 text-sm\">\n<div class=\"w-full text-token-text-primary\" data-testid=\"conversation-turn-9\">\n<div class=\"px-4 py-2 justify-center text-base md:gap-6 m-auto\">\n<div class=\"flex flex-1 text-base mx-auto gap-3 md:px-5 lg:px-1 xl:px-5 md:max-w-3xl lg:max-w-[40rem] xl:max-w-[48rem] group final-completion\">\n<div class=\"relative flex w-full flex-col lg:w-[calc(100%-115px)] agent-turn\">\n<div class=\"flex-col gap-1 md:gap-3\">\n<div class=\"flex flex-grow flex-col max-w-full\">\n<div data-message-author-role=\"assistant\" data-message-id=\"68f1f10f-1241-497f-b340-8290e9eb8c32\" class=\"min-h-[20px] text-message flex flex-col items-start gap-3 whitespace-pre-wrap break-words [.text-message+&amp;]:mt-5 overflow-x-auto\">\n<div class=\"markdown prose w-full break-words dark:prose-invert dark\">\n<p>Uralkodj a t\u00e9rben a 47 cm-es, epikus Vegeta figur\u00e1val, amely h\u00e1rom cser\u00e9lhet\u0151 frizur\u00e1val rendelkezik, hogy a Saiyan herceget teljes pomp\u00e1j\u00e1ban mutathasd be!<\/p>\n<p>\ud83c\udf1f <strong>Elektromos k\u00e9k evol\u00faci\u00f3<\/strong> - A felt\u0171n\u0151 k\u00e9k s\u00f6r\u00e9ny Vegeta isteni erej\u00e9t szimboliz\u00e1lja. \ud83d\udc51 <strong>Klasszikus fekete haj<\/strong> - Az eredeti megjelen\u00e9s, amely Vegeta kir\u00e1lyi \u00e9s taktikai \u00e9l\u00e9t sug\u00e1rozza. \ud83c\udf1f <strong>Legend\u00e1s Super Saiyan Gold<\/strong> - Aranyl\u00f3 ragyog\u00e1s, amely az ikonikus \u00e1talakul\u00e1s\u00e1t hirdeti.<\/p>\n<p><strong>F\u0151bb jellemz\u0151k:<\/strong><\/p>\n<ul>\n<li>\ud83d\udccf <strong>Hatalmas termet<\/strong>: Ez a 47 cm magas figura nagyszer\u0171 kijelent\u00e9st tesz.<\/li>\n<li>\ud83d\udc88 <strong>Sokoldal\u00fa st\u00edlusok<\/strong>: V\u00e1lasszon a k\u00e9k, fekete vagy arany haj k\u00f6z\u00fcl, hogy megfeleljen a kijelz\u0151j\u00e9nek.<\/li>\n<li>\ud83c\udfa8 <strong>Szak\u00e9rt\u0151 k\u00e9zm\u0171vess\u00e9g<\/strong>: A harci hegek \u00e9s a p\u00e1nc\u00e9lzat r\u00e9szletei \u00e9letre keltik Vegeta karakter\u00e9t.<\/li>\n<li>\ud83d\udee1\ufe0f <strong>Tart\u00f3san \u00e9p\u00fclt<\/strong>: Kiv\u00e1l\u00f3 min\u0151s\u00e9g\u0171 anyagok a tart\u00f3ss\u00e1g \u00e9s a hossz\u00fa \u00e9lettartam \u00e9rdek\u00e9ben.<\/li>\n<\/ul>\n<p>\ud83d\ude80 <strong>Exkluz\u00edv gy\u0171jt\u0151i<\/strong>: Korl\u00e1tozott mennyis\u00e9gben kaphat\u00f3!<\/p>\n<p>\ud83d\uded2 Dobd fel gy\u0171jtem\u00e9nyedet Vegeta erej\u00e9vel. Szerezd meg a ti\u00e9det most!<\/p>\n<\/div>\n<\/div>\n<\/div>\n<div class=\"mt-1 flex justify-start gap-3 empty:hidden\">\n<div class=\"text-gray-400 flex self-end lg:self-center justify-center lg:justify-start mt-0 gap-1 visible\">\n<button class=\"flex items-center gap-1.5 rounded-md p-1 pl-0 text-xs hover:text-gray-950 dark:text-gray-400 dark:hover:text-gray-200 disabled:dark:hover:text-gray-400 md:invisible md:group-hover:visible md:group-[.final-completion]:visible\"><\/button><\/p>\n<div class=\"flex gap-1\">\n<button class=\"p-1 pl-0 rounded-md disabled:dark:hover:text-gray-400 dark:hover:text-gray-200 dark:text-gray-400 text-gray-400 hover:text-gray-950 md:invisible md:group-hover:visible md:group-[.final-completion]:visible\"><\/button><button class=\"p-1 pl-0 rounded-md disabled:dark:hover:text-gray-400 dark:hover:text-gray-200 dark:text-gray-400 text-gray-400 hover:text-gray-950 md:invisible md:group-hover:visible md:group-[.final-completion]:visible\"><\/button>\n<\/div>\n<div class=\"flex items-center gap-1.5 text-xs\">\n\n<\/div>\n<\/div>\n<\/div>\n<\/div>\n<\/div>\n<\/div>\n<\/div>\n<\/div>\n<\/div>\n<\/div>\n<\/div>\n<\/div>\n<div class=\"w-full pt-2 md:pt-0 dark:border-white\/20 md:border-transparent md:dark:border-transparent md:w-[calc(100%-.5rem)]\">\n<div class=\"relative flex h-full flex-1 items-stretch md:flex-col\">\n<div class=\"flex w-full items-center\"><\/div>\n<\/div>\n<\/div>","protected":false},"excerpt":{"rendered":"<p>Uralkodj a t\u00e9rben a 47 cm-es, epikus Vegeta figur\u00e1val, amely h\u00e1rom cser\u00e9lhet\u0151 hajjal rendelkezik, hogy a Saiyan herceg minden arc\u00e1t megmutathassa.<\/p>","protected":false},"featured_media":362,"comment_status":"open","ping_status":"closed","template":"","meta":[],"product_brand":[],"product_cat":[641,16],"product_tag":[],"class_list":{"0":"post-357","1":"product","2":"type-product","3":"status-publish","4":"has-post-thumbnail","6":"product_cat-dragon-ball-z-super-saiyan","7":"product_cat-standify","9":"first","10":"instock","11":"taxable","12":"shipping-taxable","13":"purchasable","14":"product-type-variable"},"jetpack_sharing_enabled":true,"_links":{"self":[{"href":"https:\/\/standify.org\/hu\/wp-json\/wp\/v2\/product\/357","targetHints":{"allow":["GET"]}}],"collection":[{"href":"https:\/\/standify.org\/hu\/wp-json\/wp\/v2\/product"}],"about":[{"href":"https:\/\/standify.org\/hu\/wp-json\/wp\/v2\/types\/product"}],"replies":[{"embeddable":true,"href":"https:\/\/standify.org\/hu\/wp-json\/wp\/v2\/comments?post=357"}],"version-history":[{"count":0,"href":"https:\/\/standify.org\/hu\/wp-json\/wp\/v2\/product\/357\/revisions"}],"wp:featuredmedia":[{"embeddable":true,"href":"https:\/\/standify.org\/hu\/wp-json\/wp\/v2\/media\/362"}],"wp:attachment":[{"href":"https:\/\/standify.org\/hu\/wp-json\/wp\/v2\/media?parent=357"}],"wp:term":[{"taxonomy":"product_brand","embeddable":true,"href":"https:\/\/standify.org\/hu\/wp-json\/wp\/v2\/product_brand?post=357"},{"taxonomy":"product_cat","embeddable":true,"href":"https:\/\/standify.org\/hu\/wp-json\/wp\/v2\/product_cat?post=357"},{"taxonomy":"product_tag","embeddable":true,"href":"https:\/\/standify.org\/hu\/wp-json\/wp\/v2\/product_tag?post=357"}],"curies":[{"name":"wp","href":"https:\/\/api.w.org\/{rel}","templated":true}]}}