{"id":31906,"date":"2025-07-16T22:35:55","date_gmt":"2025-07-16T12:35:55","guid":{"rendered":"https:\/\/standify.org\/shop\/pokemon-universal-game-controller-stand\/"},"modified":"2026-04-16T23:30:36","modified_gmt":"2026-04-16T13:30:36","slug":"pokemon-universal-game-controller-stand","status":"publish","type":"product","link":"https:\/\/standify.org\/hu\/shop\/pokemon-universal-game-controller-stand\/","title":{"rendered":"Pokemon univerz\u00e1lis j\u00e1t\u00e9kvez\u00e9rl\u0151 \u00e1llv\u00e1ny"},"content":{"rendered":"<p><em>Hozd el kedvenc partnereidet a Pallet Townb\u00f3l a j\u00e1tsz\u00f3t\u00e9rre.<\/em><\/p>\n<p>Ak\u00e1r Squirtle pimasz vigyor\u00e1val k\u00f6t\u0151dt\u00e9l \u00f6ssze, ak\u00e1r Charmander farokl\u00e1ngj\u00e1nak meleg\u00e9t \u00e9rezted, ak\u00e1r Bulbasaur els\u0151 bimb\u00f3j\u00e1nak kibontakoz\u00e1s\u00e1t l\u00e1ttad, ak\u00e1r Psyduck \u00e9rtetlen tekintet\u00e9n nevett\u00e9l, ak\u00e1r Cubone b\u00e1tor koponyasisakj\u00e1t tisztelted, ezek az \u00e1llv\u00e1nyok biztons\u00e1gban tartj\u00e1k a kontrolleredet - \u00e9s a nosztalgi\u00e1t.<\/p>\n<p>Mi\u00e9rt v\u00e1lasztj\u00e1k az oktat\u00f3k a kollekci\u00f3t<\/p>\n<ul>\n<li><strong>Univerz\u00e1lis, imbolyg\u00e1s\u00e1ll\u00f3 b\u00f6lcs\u0151<\/strong><br \/>\nBiztons\u00e1gosan tartja a Switch Pro, DualSense, Xbox Series X|S \u00e9s a legt\u00f6bb m\u00e1s kontrollert, an\u00e9lk\u00fcl, hogy megbillenne.<\/li>\n<li><strong>Jellegzetesen t\u00f6k\u00e9letes 3D nyomtat\u00e1s<\/strong><br \/>\nAz ig\u00e9ny szerinti PLA-\u00e9p\u00edt\u00e9sek minden r\u00e9szletet - Squirtle p\u00e1nc\u00e9lj\u00e1nak bord\u00e1it, Charmander g\u00f6nd\u00f6r fark\u00e1t, Bulbasaur leveles lombkoron\u00e1j\u00e1t, Psyduck nagy szemeit, Cubone csontos c\u00edmer\u00e9t - \u00e9l\u00e9nk, Pok\u00e9mon-pontos sz\u00ednekben \u00f6r\u00f6k\u00edtenek meg.<\/li>\n<li><strong>Puha TPU tart\u00f3 p\u00e1rn\u00e1k<\/strong><br \/>\nA be\u00e9p\u00edtett bet\u00e9tek p\u00e1rn\u00e1zz\u00e1k a joystickokat \u00e9s a gombokat, v\u00e9dve a fel\u00fcleteket a karcol\u00e1sokt\u00f3l.<\/li>\n<li><strong>K\u00f6rnyezetbar\u00e1t termel\u00e9s<\/strong><br \/>\nMegrendel\u00e9senk\u00e9nt nyomtatva a felesleges k\u00e9szlet \u00e9s a hullad\u00e9k kik\u00fcsz\u00f6b\u00f6l\u00e9se \u00e9rdek\u00e9ben - helyi, fenntarthat\u00f3, oktat\u00f3 \u00e1ltal j\u00f3v\u00e1hagyott.<\/li>\n<\/ul>\n<p>A nosztalgia tal\u00e1lkozik a funkci\u00f3val<\/p>\n<p>Minden egyes stand nem csak dekor\u00e1ci\u00f3 - ez egy port\u00e1l az els\u0151 tornatermi csat\u00e1hoz, az els\u0151 keresked\u00e9shez, az els\u0151 gy\u0151zelemhez. Dokkold be a kontrollered, \u00e9s \u00e9rezd a szikr\u00e1t, ami el\u0151sz\u00f6r is edz\u0151v\u00e9 tett t\u00e9ged. \u00c9s ha a t\u00e1rsad nem dobja fel a berendez\u00e9st, a mi <strong>30 napos Indigo Plateau garancia<\/strong> fedezi \u00d6nt - k\u00e9rd\u00e9s n\u00e9lk\u00fcl.<\/p>\n<blockquote><p>\u201cAz \u00e9n Bulbasaur \u00e1llv\u00e1nyom annyira kir\u00e1ly - olyan boldogg\u00e1 tesz, ha csak r\u00e1n\u00e9zek, \u00e9s a vez\u00e9rl\u0151m is j\u00f3l \u00fcl\u201d<br \/>\n- Riley, Ellen\u0151rz\u00f6tt oktat\u00f3 \u2b50\u2b50\u2b50\u2b50\u2b50<\/p><\/blockquote>\n<hr \/>\n<h3>\ud83d\udecd\ufe0f Collect &amp; Save: V\u00e1s\u00e1roljon 2, kap 10% Off<\/h3>\n<p>Keverd \u00f6ssze b\u00e1rmelyik kett\u0151t, \u00e1ll\u00edtsd \u00f6ssze \u00e1lmaid csapat\u00e1t, \u00e9s n\u00e9zd meg, ahogy <strong>10%<\/strong> a p\u00e9nzt\u00e1rn\u00e1l automatikusan leesik.<\/p>\n<p><strong>K\u00e9szen \u00e1llsz arra, hogy Kanto partnereid \u0151rk\u00f6djenek a k\u00f6vetkez\u0151 kalandodon?<\/strong><br \/>\nHit <strong>ADD TO CART<\/strong> most, \u00e9s t\u00f6ltsd fel a j\u00e1t\u00e9kteredet Pok\u00e9-pride-dal.<\/p>\n<p><em>Nem kapcsol\u00f3dik a Nintend\u00f3hoz. Edz\u0151t\u00e1rsak \u00e1ltal szenved\u00e9llyel k\u00e9sz\u00edtett.<\/em><\/p>","protected":false},"excerpt":{"rendered":"<p>Hozd el kedvenc partnereidet a Pallet Townb\u00f3l a j\u00e1tsz\u00f3t\u00e9rre. Ak\u00e1r k\u00f6t\u0151dsz Squirtle pimasz vigyor\u00e1hoz, ak\u00e1r \u00e9rezted a<\/p>","protected":false},"featured_media":34622,"comment_status":"open","ping_status":"closed","template":"","meta":[],"product_brand":[],"product_cat":[25,861,16],"product_tag":[21,24,413],"class_list":{"0":"post-31906","1":"product","2":"type-product","3":"status-publish","4":"has-post-thumbnail","6":"product_cat-controller-stand","7":"product_cat-pokemon","8":"product_cat-standify","9":"product_tag-decoration","10":"product_tag-controller-stand","11":"product_tag-pokemon","13":"first","14":"instock","15":"sale","16":"taxable","17":"shipping-taxable","18":"purchasable","19":"product-type-variable","20":"has-default-attributes"},"jetpack_sharing_enabled":true,"_links":{"self":[{"href":"https:\/\/standify.org\/hu\/wp-json\/wp\/v2\/product\/31906","targetHints":{"allow":["GET"]}}],"collection":[{"href":"https:\/\/standify.org\/hu\/wp-json\/wp\/v2\/product"}],"about":[{"href":"https:\/\/standify.org\/hu\/wp-json\/wp\/v2\/types\/product"}],"replies":[{"embeddable":true,"href":"https:\/\/standify.org\/hu\/wp-json\/wp\/v2\/comments?post=31906"}],"version-history":[{"count":3,"href":"https:\/\/standify.org\/hu\/wp-json\/wp\/v2\/product\/31906\/revisions"}],"predecessor-version":[{"id":31942,"href":"https:\/\/standify.org\/hu\/wp-json\/wp\/v2\/product\/31906\/revisions\/31942"}],"wp:featuredmedia":[{"embeddable":true,"href":"https:\/\/standify.org\/hu\/wp-json\/wp\/v2\/media\/34622"}],"wp:attachment":[{"href":"https:\/\/standify.org\/hu\/wp-json\/wp\/v2\/media?parent=31906"}],"wp:term":[{"taxonomy":"product_brand","embeddable":true,"href":"https:\/\/standify.org\/hu\/wp-json\/wp\/v2\/product_brand?post=31906"},{"taxonomy":"product_cat","embeddable":true,"href":"https:\/\/standify.org\/hu\/wp-json\/wp\/v2\/product_cat?post=31906"},{"taxonomy":"product_tag","embeddable":true,"href":"https:\/\/standify.org\/hu\/wp-json\/wp\/v2\/product_tag?post=31906"}],"curies":[{"name":"wp","href":"https:\/\/api.w.org\/{rel}","templated":true}]}}