{"id":31887,"date":"2025-07-16T22:07:05","date_gmt":"2025-07-16T12:07:05","guid":{"rendered":"https:\/\/standify.org\/shop\/lapras-controller-stand\/"},"modified":"2025-09-18T01:19:25","modified_gmt":"2025-09-17T15:19:25","slug":"lapras-controller-stand","status":"publish","type":"product","link":"https:\/\/standify.org\/hu\/shop\/lapras-controller-stand\/","title":{"rendered":"Lapras Controller \u00e1llv\u00e1ny"},"content":{"rendered":"<p><em>Vitorl\u00e1t bont a nosztalgi\u00e1val teli szervez\u00e9shez.<\/em><\/p>\n<p>Eml\u00e9kszel m\u00e9g arra az izgalomra, amikor a Lapr\u00e1k h\u00e1t\u00e1n siklott\u00e1l a krist\u00e1lytiszta vizeken? Most ugyanez a szel\u00edd \u00f3ri\u00e1s k\u00e9szen \u00e1ll arra, hogy megv\u00e9dje azt a dolgot, ami minden epikus k\u00fcldet\u00e9s erej\u00e9t adja - a vez\u00e9rl\u0151det. Dokkold le a csat\u00e1k k\u00f6z\u00f6tt, tartsd hull\u00e1msima asztalon, \u00e9s hagyd, hogy minden pillant\u00e1s eml\u00e9keztessen arra, mi\u00e9rt is szerett\u00e9l bele a j\u00e1t\u00e9kba.<\/p>\n<p>Mi\u00e9rt szeretik az oktat\u00f3k<\/p>\n<ul>\n<li><strong>Univerz\u00e1lis, ingatag b\u00f6lcs\u0151<\/strong> - a Switch Pro, PS5 DualSense, Xbox Series X|S \u00e9s a legt\u00f6bb harmadik f\u00e9lt\u0151l sz\u00e1rmaz\u00f3 p\u00e1rna \u00f6lel\u00e9s\u00e9hez form\u00e1zva, nulla \u00e1tfordul\u00e1ssal.<\/li>\n<li><strong>Aj\u00e1nd\u00e9kk\u00e9pes <\/strong>- azonnal \u00f6r\u00f6m\u00f6t okoz, amint kicsomagolj\u00e1k.<\/li>\n<\/ul>\n<p>J\u00e1t\u00e9kosok sz\u00e1m\u00e1ra k\u00e9sz\u00fclt, edz\u0151k \u00e1ltal t\u00e1mogatott<\/p>\n<p>Ezt az \u00e1llv\u00e1nyt olyan j\u00e1t\u00e9kosok sz\u00e1m\u00e1ra k\u00e9sz\u00edtett\u00fck, akik legal\u00e1bb annyira ut\u00e1lj\u00e1k a rendetlens\u00e9get, mint amennyire szeretik a kalandokat. Az eredm\u00e9ny? Kevesebb k\u00e1osz az \u00edr\u00f3asztalon, t\u00f6bb b\u00fcszkes\u00e9g a felszerel\u00e9sedre, \u00e9s a gyermekkori csod\u00e1k napi szint\u0171 megtapasztal\u00e1sa. Ha a Lapras nem csal mosolyt az arcodra minden alkalommal, amikor le\u00fclsz j\u00e1tszani, 30 napos \u201cIndigo Plateau\u201d p\u00e9nzvisszafizet\u00e9si garanci\u00e1t v\u00e1llalunk - k\u00e9rd\u00e9s n\u00e9lk\u00fcl.<\/p>\n<blockquote><p>\u201cHihetetlen\u00fcl j\u00f3l n\u00e9z ki a harci \u00e1llom\u00e1somon, \u00e9s v\u00e9gre meg\u00e1ll\u00edtja, hogy a Pro Controllerem ne guruljon a padl\u00f3ra.\u201d - Jess, ellen\u0151rz\u00f6tt edz\u0151 \u2b50\u2b50\u2b50\u2b50\u2b50<\/p><\/blockquote>\n<hr \/>\n<h3>\u26a1 Fogd meg a ti\u00e9det, miel\u0151tt el\u00faszik<\/h3>\n<p>Ez egy kis sz\u00e9ri\u00e1s, rajong\u00f3k \u00e1ltal k\u00e9sz\u00edtett sorozat (nem kapcsol\u00f3dik a Nintend\u00f3hoz), \u00e9s minden hull\u00e1m gyorsan fogy. Add <em>k\u00e9t<\/em> a kos\u00e1rba, \u00e9s mi automatikusan <strong>10% ki<\/strong>-\u00edgy a 2. j\u00e1t\u00e9kos sosem \u00e9rzi mag\u00e1t lemaradva.<\/p>\n<p><strong>K\u00e9szen \u00e1llsz arra, hogy rendet rakj az asztalodon, \u00e9s \u00fajra \u00e1t\u00e9ld a var\u00e1zslatot?<\/strong><br \/>\nHit <strong>ADD TO CART<\/strong> most, \u00e9s hagyd, hogy Lapras vigy\u00e1zzon a k\u00f6vetkez\u0151 kalandodra.<\/p>","protected":false},"excerpt":{"rendered":"<p>Vitorl\u00e1t bont a nosztalgi\u00e1val teli szervez\u00e9shez. Eml\u00e9kszel m\u00e9g arra az izgalomra, amikor a Lapr\u00e1k h\u00e1t\u00e1n siklott\u00e1l a krist\u00e1lyos vizeken? Most, hogy<\/p>","protected":false},"featured_media":31874,"comment_status":"open","ping_status":"closed","template":"","meta":[],"product_brand":[],"product_cat":[25],"product_tag":[21,24,413],"class_list":{"0":"post-31887","1":"product","2":"type-product","3":"status-publish","4":"has-post-thumbnail","6":"product_cat-controller-stand","7":"product_tag-decoration","8":"product_tag-controller-stand","9":"product_tag-pokemon","11":"first","12":"instock","13":"sale","14":"taxable","15":"shipping-taxable","16":"purchasable","17":"product-type-simple"},"jetpack_sharing_enabled":true,"_links":{"self":[{"href":"https:\/\/standify.org\/hu\/wp-json\/wp\/v2\/product\/31887","targetHints":{"allow":["GET"]}}],"collection":[{"href":"https:\/\/standify.org\/hu\/wp-json\/wp\/v2\/product"}],"about":[{"href":"https:\/\/standify.org\/hu\/wp-json\/wp\/v2\/types\/product"}],"replies":[{"embeddable":true,"href":"https:\/\/standify.org\/hu\/wp-json\/wp\/v2\/comments?post=31887"}],"version-history":[{"count":2,"href":"https:\/\/standify.org\/hu\/wp-json\/wp\/v2\/product\/31887\/revisions"}],"predecessor-version":[{"id":32807,"href":"https:\/\/standify.org\/hu\/wp-json\/wp\/v2\/product\/31887\/revisions\/32807"}],"wp:featuredmedia":[{"embeddable":true,"href":"https:\/\/standify.org\/hu\/wp-json\/wp\/v2\/media\/31874"}],"wp:attachment":[{"href":"https:\/\/standify.org\/hu\/wp-json\/wp\/v2\/media?parent=31887"}],"wp:term":[{"taxonomy":"product_brand","embeddable":true,"href":"https:\/\/standify.org\/hu\/wp-json\/wp\/v2\/product_brand?post=31887"},{"taxonomy":"product_cat","embeddable":true,"href":"https:\/\/standify.org\/hu\/wp-json\/wp\/v2\/product_cat?post=31887"},{"taxonomy":"product_tag","embeddable":true,"href":"https:\/\/standify.org\/hu\/wp-json\/wp\/v2\/product_tag?post=31887"}],"curies":[{"name":"wp","href":"https:\/\/api.w.org\/{rel}","templated":true}]}}