{"id":230,"date":"2023-12-17T15:37:38","date_gmt":"2023-12-17T15:37:38","guid":{"rendered":"https:\/\/standify.org\/?product=2024-orange-sneakers"},"modified":"2025-12-15T03:32:21","modified_gmt":"2025-12-14T17:32:21","slug":"2024-dbz-sneakers","status":"publish","type":"product","link":"https:\/\/standify.org\/hu\/shop\/2024-dbz-sneakers\/","title":{"rendered":"2026 Narancss\u00e1rga cip\u0151k"},"content":{"rendered":"<p data-mce-fragment=\"1\">Engedd szabadj\u00e1ra a bels\u0151 Saiyanodat ezekkel az epikus Sneakers \ud83d\udc5f! L\u00e9pj a h\u0151s\u00f6k cip\u0151j\u00e9be, sz\u00f3 szerint, ezekkel az er\u0151teljes r\u00fag\u00f3kkal, amelyeket a v\u00e9gs\u0151 anime rajong\u00f3knak terveztek. V\u00e1laszd ki a harcos aur\u00e1dat a h\u00e1rom elektromoss\u00e1ggal teli sz\u00edn k\u00f6z\u00fcl:<\/p>\n<p data-mce-fragment=\"1\">\ud83d\udd25 Narancs - Olyan t\u00fczes, mint egy harcos szelleme!<br \/>\n\ud83c\udf1f Feh\u00e9r - Olyan tiszta, mint h\u0151s\u00fcnk sz\u00edve!<br \/>\n\u26ab Fekete - Olyan intenz\u00edv, mint az elsz\u00e1nts\u00e1ga!<\/p>\n<p data-mce-fragment=\"1\">Jellemz\u0151k list\u00e1ja:<\/p>\n<ul data-mce-fragment=\"1\">\n<li data-mce-fragment=\"1\"><strong data-mce-fragment=\"1\">Ultra-k\u00e9nyelmes illeszked\u00e9s:<\/strong> Hossz\u00fa csat\u00e1kra (vagy csak eg\u00e9sz napos k\u00e9nyelemre) tervezve!<\/li>\n<li data-mce-fragment=\"1\"><strong data-mce-fragment=\"1\">Azonnali felt\u00f6lt\u00e9s:<\/strong> K\u00f6nnyen felsliccelhet\u0151 kialak\u00edt\u00e1s rugalmas f\u0171z\u0151vel a gyors lend\u00fclet\u00e9rt.<\/li>\n<li data-mce-fragment=\"1\"><strong data-mce-fragment=\"1\">Tart\u00f3s s\u00e1rk\u00e1ny Anyag:<\/strong> \u00dagy tervezt\u00e9k, hogy ellen\u00e1lljon a legkem\u00e9nyebb edz\u00e9seknek is.<\/li>\n<li data-mce-fragment=\"1\"><strong data-mce-fragment=\"1\">Ikonikus design:<\/strong> Embl\u00e9m\u00e1val rendelkezik, hogy a bels\u0151 Z Fighter-t ir\u00e1ny\u00edthasd.<\/li>\n<\/ul>\n<p data-mce-fragment=\"1\">Ak\u00e1r az edz\u0151teremben, ak\u00e1r az utc\u00e1n, vagy csak a Kame House-ban lazulsz, ezek a tornacip\u0151k a st\u00edlus, a k\u00e9nyelem \u00e9s a rajong\u00e1s t\u00f6k\u00e9letes kever\u00e9kei. Eg\u00e9sz\u00edtsd ki a gy\u0171jtem\u00e9nyedet, \u00e9s \u00e1llj k\u00e9szen arra, hogy egy pillanat alatt Saiyan-ba l\u00e9pj! \ud83d\udc09<\/p>\n<p data-mce-fragment=\"1\">A m\u00e9retek korl\u00e1tozottak, \u00e9s a rajong\u00f3k igyekeznek megszerezni a saj\u00e1tjukat. Ne v\u00e1rd meg a k\u00f6vetkez\u0151 epiz\u00f3dot; szerezd meg a Sneakers-t m\u00e9g ma, \u00e9s h\u00f3d\u00edtsd meg a vil\u00e1got egy h\u0151s magabiztoss\u00e1g\u00e1val! \ud83c\udf0d\u2728<\/p>","protected":false},"excerpt":{"rendered":"<p>Unleash your inner Saiyan with these epic Sneakers \ud83d\udc5f! Step into your heroes shoes, quite literally, with these power-packed kicks<\/p>","protected":false},"featured_media":252,"comment_status":"open","ping_status":"closed","template":"","meta":[],"product_brand":[],"product_cat":[641,16,20],"product_tag":[19],"class_list":{"0":"post-230","1":"product","2":"type-product","3":"status-publish","4":"has-post-thumbnail","6":"product_cat-dragon-ball-z-super-saiyan","7":"product_cat-standify","8":"product_cat-apparel","9":"product_tag-clothing","11":"first","12":"instock","13":"taxable","14":"shipping-taxable","15":"purchasable","16":"product-type-variable","17":"has-default-attributes"},"jetpack_sharing_enabled":true,"_links":{"self":[{"href":"https:\/\/standify.org\/hu\/wp-json\/wp\/v2\/product\/230","targetHints":{"allow":["GET"]}}],"collection":[{"href":"https:\/\/standify.org\/hu\/wp-json\/wp\/v2\/product"}],"about":[{"href":"https:\/\/standify.org\/hu\/wp-json\/wp\/v2\/types\/product"}],"replies":[{"embeddable":true,"href":"https:\/\/standify.org\/hu\/wp-json\/wp\/v2\/comments?post=230"}],"version-history":[{"count":2,"href":"https:\/\/standify.org\/hu\/wp-json\/wp\/v2\/product\/230\/revisions"}],"predecessor-version":[{"id":36689,"href":"https:\/\/standify.org\/hu\/wp-json\/wp\/v2\/product\/230\/revisions\/36689"}],"wp:featuredmedia":[{"embeddable":true,"href":"https:\/\/standify.org\/hu\/wp-json\/wp\/v2\/media\/252"}],"wp:attachment":[{"href":"https:\/\/standify.org\/hu\/wp-json\/wp\/v2\/media?parent=230"}],"wp:term":[{"taxonomy":"product_brand","embeddable":true,"href":"https:\/\/standify.org\/hu\/wp-json\/wp\/v2\/product_brand?post=230"},{"taxonomy":"product_cat","embeddable":true,"href":"https:\/\/standify.org\/hu\/wp-json\/wp\/v2\/product_cat?post=230"},{"taxonomy":"product_tag","embeddable":true,"href":"https:\/\/standify.org\/hu\/wp-json\/wp\/v2\/product_tag?post=230"}],"curies":[{"name":"wp","href":"https:\/\/api.w.org\/{rel}","templated":true}]}}