{"id":16855,"date":"2024-10-16T22:44:27","date_gmt":"2024-10-16T12:44:27","guid":{"rendered":"https:\/\/standify.org\/shop\/going-merry-thousand-sunny-floating-boat-one-piece\/"},"modified":"2026-04-06T11:50:35","modified_gmt":"2026-04-06T01:50:35","slug":"going-merry-thousand-sunny-floating-boat-one-piece","status":"publish","type":"product","link":"https:\/\/standify.org\/hu\/shop\/going-merry-thousand-sunny-floating-boat-one-piece\/","title":{"rendered":"Going Merry\/Thousand Sunny \u00fasz\u00f3 cs\u00f3nak - ONE PIECE"},"content":{"rendered":"<p>Akart\u00e1l valaha is egy darabot a <em>One Piece<\/em> a vil\u00e1got a kezedben tartod? \ud83c\udf1f A mi <strong>Egyr\u00e9szes folyad\u00e9k sodr\u00f3d\u00e1s palack<\/strong> itt van, hogy val\u00f3ra v\u00e1ltsa ezt az \u00e1lmot! Ez a leny\u0171g\u00f6z\u0151 m\u00e1solata az ikonikus <strong>Going Merry<\/strong> \u00e9s <strong>Thousand Sunny<\/strong> A haj\u00f3k kiv\u00e1l\u00f3 min\u0151s\u00e9g\u0171 akrilb\u00f3l k\u00e9sz\u00fcltek, \u00edgy a Luffy leg\u00e9nys\u00e9g\u00e9nek var\u00e1zslat\u00e1t egyenesen az otthonodba hozod. \u2728<\/p>\n<p>\ud83c\udf1f <strong>Mi\u00e9rt fogod szeretni<\/strong>:<\/p>\n<ul>\n<li>\ud83d\udc8e <strong>H\u0171 m\u00e1solat:<\/strong> Gy\u00f6ny\u00f6r\u0171en r\u00e9szletesen kidolgozott a legend\u00e1s haj\u00f3k tisztelet\u00e9re.<\/li>\n<li>\ud83c\udf0a <strong>\u00d3ce\u00e1ni \u00e9rz\u00e9s:<\/strong> \u00c1sv\u00e1nyi olajjal \u00e9s tiszt\u00edtott v\u00edzzel t\u00f6ltve a mag\u00e1val ragad\u00f3 \u00e9lm\u00e9ny\u00e9rt.<\/li>\n<li>\ud83d\udccf <strong>T\u00f6k\u00e9letes m\u00e9ret:<\/strong> M\u00e9retei 14,6 x 5,2 x 5,3 cm - ide\u00e1lis a polcra!<\/li>\n<\/ul>\n<p>Ak\u00e1r egy <strong>megr\u00f6gz\u00f6tt rajong\u00f3<\/strong>, a <strong>gy\u0171jt\u0151<\/strong>, vagy csak szeretn\u00e9l hozz\u00e1adni n\u00e9h\u00e1ny <em>kal\u00f3z szellem<\/em> a t\u00e9rbe, ez az egyedi darab pillanatok alatt a Grand Line-ra rep\u00edti \u00d6nt! \ud83d\udca5<\/p>\n<p>\ud83c\udf81 <strong>Aj\u00e1nd\u00e9kozd vagy tartsd meg!<\/strong> Ez egy k\u00f6telez\u0151 kell\u00e9k minden <strong>anime-rajong\u00f3<\/strong> vagy <em>One Piece<\/em> rajong\u00f3. Legyen a ti\u00e9d m\u00e9g ma, vagy lepd meg egy bar\u00e1todat egy olyan kalanddal, amelyet \u00f6r\u00f6kre meg\u0151rizn\u00e9nek!<\/p>\n<p>\ud83d\udc49 <strong>Szerezd meg a ti\u00e9det most, \u00e9s csatlakozz Luffyhoz a ny\u00edlt tengeren!<\/strong><\/p>\n<p>&nbsp;<\/p>","protected":false},"excerpt":{"rendered":"<p>Akart\u00e1l m\u00e1r valaha is egy darabot a One Piece vil\u00e1g\u00e1b\u00f3l a kezedben tartani? \ud83c\udf1f One Piece Fluid Drift palackunk<\/p>","protected":false},"featured_media":16764,"comment_status":"open","ping_status":"closed","template":"","meta":[],"product_brand":[],"product_cat":[696],"product_tag":[27,683],"class_list":{"0":"post-16855","1":"product","2":"type-product","3":"status-publish","4":"has-post-thumbnail","6":"product_cat-one-piece","7":"product_tag-upsell","8":"product_tag-one-piece","10":"first","11":"instock","12":"sale","13":"taxable","14":"shipping-taxable","15":"purchasable","16":"product-type-variable","17":"has-default-attributes"},"jetpack_sharing_enabled":true,"_links":{"self":[{"href":"https:\/\/standify.org\/hu\/wp-json\/wp\/v2\/product\/16855","targetHints":{"allow":["GET"]}}],"collection":[{"href":"https:\/\/standify.org\/hu\/wp-json\/wp\/v2\/product"}],"about":[{"href":"https:\/\/standify.org\/hu\/wp-json\/wp\/v2\/types\/product"}],"replies":[{"embeddable":true,"href":"https:\/\/standify.org\/hu\/wp-json\/wp\/v2\/comments?post=16855"}],"version-history":[{"count":2,"href":"https:\/\/standify.org\/hu\/wp-json\/wp\/v2\/product\/16855\/revisions"}],"predecessor-version":[{"id":16903,"href":"https:\/\/standify.org\/hu\/wp-json\/wp\/v2\/product\/16855\/revisions\/16903"}],"wp:featuredmedia":[{"embeddable":true,"href":"https:\/\/standify.org\/hu\/wp-json\/wp\/v2\/media\/16764"}],"wp:attachment":[{"href":"https:\/\/standify.org\/hu\/wp-json\/wp\/v2\/media?parent=16855"}],"wp:term":[{"taxonomy":"product_brand","embeddable":true,"href":"https:\/\/standify.org\/hu\/wp-json\/wp\/v2\/product_brand?post=16855"},{"taxonomy":"product_cat","embeddable":true,"href":"https:\/\/standify.org\/hu\/wp-json\/wp\/v2\/product_cat?post=16855"},{"taxonomy":"product_tag","embeddable":true,"href":"https:\/\/standify.org\/hu\/wp-json\/wp\/v2\/product_tag?post=16855"}],"curies":[{"name":"wp","href":"https:\/\/api.w.org\/{rel}","templated":true}]}}