{"id":1680,"date":"2023-11-07T15:13:49","date_gmt":"2023-11-07T15:13:49","guid":{"rendered":"https:\/\/standify.org\/?product=skull-controller-stand"},"modified":"2025-11-30T01:14:18","modified_gmt":"2025-11-29T15:14:18","slug":"cubone-controller-stand","status":"publish","type":"product","link":"https:\/\/standify.org\/hu\/shop\/cubone-controller-stand\/","title":{"rendered":"Cubone vez\u00e9rl\u0151 \u00e1llv\u00e1ny"},"content":{"rendered":"<p>M\u00e9retek: kb. 75mm<\/p>\n<p>Fedezd fel a Bone Controller Standdal a j\u00e1t\u00e9karzen\u00e1lod t\u00f6k\u00e9letes t\u00e1rs\u00e1t! \ud83c\udfae<\/p>\n<p><strong>Pok\u00e9-t\u00f6k\u00e9letes t\u00e1rol\u00e1s<\/strong> - Fogadd el a nosztalgi\u00e1t \u00e9s a hasznoss\u00e1got ezzel a szeretettel megmunk\u00e1lt \u00e1llv\u00e1nnyal, amelyet az ikonikus rajzfilmfigura ihletett. T\u00f6k\u00e9letes a kontroller b\u00f6lcs\u0151j\u00e9hez, amikor \u00e9ppen nem a digit\u00e1lis birodalomban csat\u00e1zol.<\/p>\n<p><strong>Univerz\u00e1lisan kompatibilis<\/strong> - Ez az \u00e1llv\u00e1ny ide\u00e1lis pihen\u0151hely a vez\u00e9rl\u0151d sz\u00e1m\u00e1ra, univerz\u00e1lis illeszked\u00e9ssel tervezve.<\/p>\n<p><strong>Kompakt \u00e9s hatalmas<\/strong> - Ez a k\u00e9nyelmes m\u00e9ret\u0171 \u00e1llv\u00e1ny nem foglal \u00e9rt\u00e9kes helyet, m\u00e9gis kit\u0171nik jellegzetes, a j\u00e1t\u00e9kosok \u00e1ltal elfogadott diz\u00e1jnj\u00e1val.<\/p>\n<p>Minden j\u00e1t\u00e9kosnak k\u00f6telez\u0151 darab, aki harcra k\u00e9sz \u00e9s b\u00fcszk\u00e9n mutatja be felszerel\u00e9s\u00e9t!<\/p>","protected":false},"excerpt":{"rendered":"<p>M\u00e9retek: kb. 75 mm Fedezd fel a Bone Controller Standdal a j\u00e1t\u00e9karzen\u00e1lod t\u00f6k\u00e9letes t\u00e1rs\u00e1t! \ud83c\udfae Pok\u00e9-t\u00f6k\u00e9letes t\u00e1rol\u00f3 -<\/p>","protected":false},"featured_media":1686,"comment_status":"open","ping_status":"closed","template":"","meta":[],"product_brand":[],"product_cat":[16,25],"product_tag":[24],"class_list":{"0":"post-1680","1":"product","2":"type-product","3":"status-publish","4":"has-post-thumbnail","6":"product_cat-standify","7":"product_cat-controller-stand","8":"product_tag-controller-stand","10":"first","11":"instock","12":"taxable","13":"shipping-taxable","14":"purchasable","15":"product-type-variable"},"jetpack_sharing_enabled":true,"_links":{"self":[{"href":"https:\/\/standify.org\/hu\/wp-json\/wp\/v2\/product\/1680","targetHints":{"allow":["GET"]}}],"collection":[{"href":"https:\/\/standify.org\/hu\/wp-json\/wp\/v2\/product"}],"about":[{"href":"https:\/\/standify.org\/hu\/wp-json\/wp\/v2\/types\/product"}],"replies":[{"embeddable":true,"href":"https:\/\/standify.org\/hu\/wp-json\/wp\/v2\/comments?post=1680"}],"version-history":[{"count":1,"href":"https:\/\/standify.org\/hu\/wp-json\/wp\/v2\/product\/1680\/revisions"}],"predecessor-version":[{"id":34609,"href":"https:\/\/standify.org\/hu\/wp-json\/wp\/v2\/product\/1680\/revisions\/34609"}],"wp:featuredmedia":[{"embeddable":true,"href":"https:\/\/standify.org\/hu\/wp-json\/wp\/v2\/media\/1686"}],"wp:attachment":[{"href":"https:\/\/standify.org\/hu\/wp-json\/wp\/v2\/media?parent=1680"}],"wp:term":[{"taxonomy":"product_brand","embeddable":true,"href":"https:\/\/standify.org\/hu\/wp-json\/wp\/v2\/product_brand?post=1680"},{"taxonomy":"product_cat","embeddable":true,"href":"https:\/\/standify.org\/hu\/wp-json\/wp\/v2\/product_cat?post=1680"},{"taxonomy":"product_tag","embeddable":true,"href":"https:\/\/standify.org\/hu\/wp-json\/wp\/v2\/product_tag?post=1680"}],"curies":[{"name":"wp","href":"https:\/\/api.w.org\/{rel}","templated":true}]}}