{"id":16775,"date":"2024-10-16T22:43:30","date_gmt":"2024-10-16T12:43:30","guid":{"rendered":"https:\/\/standify.org\/shop\/monkey-d-luffy-gear-5-awakening-figurine\/"},"modified":"2026-03-29T18:34:10","modified_gmt":"2026-03-29T08:34:10","slug":"monkey-d-luffy-gear-5-awakening-figurine","status":"publish","type":"product","link":"https:\/\/standify.org\/hu\/shop\/monkey-d-luffy-gear-5-awakening-figurine\/","title":{"rendered":"Monkey D. Luffy Gear 5 Awakening figur\u00e1ja"},"content":{"rendered":"<p>\ud83c\udf1f <strong>Csatlakozz a leg\u00e9nys\u00e9ghez Luffy's Gear 5 figur\u00e1j\u00e1val!<\/strong> \ud83c\udf1f<\/p>\n<p>\ud83d\udca5 K\u00e9sz\u00fclj fel, hogy r\u00e9szese legy\u00e9l a kalandnak a <strong>Monkey D. Luffy<\/strong> - a kal\u00f3zok j\u00f6vend\u0151beli kir\u00e1lya \u00e9s a legend\u00e1s <strong>Szalmakalap kal\u00f3zok<\/strong>! \ud83d\udcaa<\/p>\n<p>\u26a1 <strong>Ez az epikus figura jellemz\u0151i:<\/strong><\/p>\n<ul>\n<li>\ud83c\udf0a <strong>Luffy a Gear 5 \u00e1talakul\u00e1sban<\/strong> - A reinkarn\u00e1ci\u00f3 <strong>Joy Boy<\/strong> p\u00e1ratlan er\u0151vel!<\/li>\n<li>\ud83d\udd25 <strong>Hihetetlen 10cm m\u00e9ret<\/strong> - Kompakt, de tele van minden akci\u00f3val!<\/li>\n<li>\ud83c\udfa8 <strong>High-End design<\/strong> - \u00dagy alak\u00edtott\u00e1k ki, hogy h\u0171 maradjon a <strong>One Piece<\/strong>.<\/li>\n<\/ul>\n<p><strong>Mi\u00e9rt k\u00f6telez\u0151 ez a figura:<\/strong> Luffy <strong>Fogasker\u00e9k 5<\/strong> forma deb\u00fct\u00e1lt az ikonikus <strong>Onigashima h\u00e1bor\u00fa<\/strong>, az \u0151 k\u00e9pviselet\u00e9ben <strong>fel\u00e9bresztett \u00f6rd\u00f6gi gy\u00fcm\u00f6lcs er\u0151k<\/strong>! Ez t\u00f6bb, mint egy figura - ez egy darabka a <strong>One Piece univerzum<\/strong>! \ud83c\udf0d<\/p>\n<p>Csatlakozzon t\u00f6bb ezer rajong\u00f3hoz, akik szob\u00e1ikat \u00e1talak\u00edtj\u00e1k <strong>Shonen szent\u00e9lyek<\/strong>! \ud83c\udff4\u200d\u2620\ufe0f \u00c9rezd a kaland szellem\u00e9t, mint Luffy, bor\u00edtott <strong>Haki<\/strong> \u00e9s elsz\u00e1nts\u00e1ggal k\u00fczd a tengerek felszabad\u00edt\u00e1s\u00e1\u00e9rt. \ud83c\udf0a<\/p>\n<p>\ud83d\udd25 <strong>K\u00e9szen \u00e1llsz csatlakozni a csapathoz?<\/strong> Eg\u00e9sz\u00edtsd ki gy\u0171jtem\u00e9nyedet ezzel a Luffy figur\u00e1val m\u00e9g ma, \u00e9s v\u00e1lj a kal\u00f3zlegenda r\u00e9sz\u00e9v\u00e9! \ud83c\udff4\u200d\u2620\ufe0f<\/p>","protected":false},"excerpt":{"rendered":"<p>\ud83c\udf1f Csatlakozz a leg\u00e9nys\u00e9ghez Luffy Gear 5 figur\u00e1j\u00e1val! \ud83c\udf1f \ud83d\udca5 K\u00e9sz\u00fclj fel, hogy r\u00e9szese legy\u00e9l a kalandnak a<\/p>","protected":false},"featured_media":16726,"comment_status":"open","ping_status":"closed","template":"","meta":[],"product_brand":[],"product_cat":[696,18],"product_tag":[683,684],"class_list":{"0":"post-16775","1":"product","2":"type-product","3":"status-publish","4":"has-post-thumbnail","6":"product_cat-one-piece","7":"product_cat-action-figure","8":"product_tag-one-piece","9":"product_tag-luffy","11":"first","12":"instock","13":"sale","14":"taxable","15":"shipping-taxable","16":"purchasable","17":"product-type-simple"},"jetpack_sharing_enabled":true,"_links":{"self":[{"href":"https:\/\/standify.org\/hu\/wp-json\/wp\/v2\/product\/16775","targetHints":{"allow":["GET"]}}],"collection":[{"href":"https:\/\/standify.org\/hu\/wp-json\/wp\/v2\/product"}],"about":[{"href":"https:\/\/standify.org\/hu\/wp-json\/wp\/v2\/types\/product"}],"replies":[{"embeddable":true,"href":"https:\/\/standify.org\/hu\/wp-json\/wp\/v2\/comments?post=16775"}],"version-history":[{"count":2,"href":"https:\/\/standify.org\/hu\/wp-json\/wp\/v2\/product\/16775\/revisions"}],"predecessor-version":[{"id":16893,"href":"https:\/\/standify.org\/hu\/wp-json\/wp\/v2\/product\/16775\/revisions\/16893"}],"wp:featuredmedia":[{"embeddable":true,"href":"https:\/\/standify.org\/hu\/wp-json\/wp\/v2\/media\/16726"}],"wp:attachment":[{"href":"https:\/\/standify.org\/hu\/wp-json\/wp\/v2\/media?parent=16775"}],"wp:term":[{"taxonomy":"product_brand","embeddable":true,"href":"https:\/\/standify.org\/hu\/wp-json\/wp\/v2\/product_brand?post=16775"},{"taxonomy":"product_cat","embeddable":true,"href":"https:\/\/standify.org\/hu\/wp-json\/wp\/v2\/product_cat?post=16775"},{"taxonomy":"product_tag","embeddable":true,"href":"https:\/\/standify.org\/hu\/wp-json\/wp\/v2\/product_tag?post=16775"}],"curies":[{"name":"wp","href":"https:\/\/api.w.org\/{rel}","templated":true}]}}