{"id":1613,"date":"2023-10-05T16:47:25","date_gmt":"2023-10-05T16:47:25","guid":{"rendered":"https:\/\/standify.org\/?product=samurai-controller-stand"},"modified":"2026-03-01T19:52:50","modified_gmt":"2026-03-01T09:52:50","slug":"for-ghost-of-tsushima-gaming-controller-holder-one-more-life-controller-holder-figure-headphone-stand-for-ps5-ps4-ns-k7a5","status":"publish","type":"product","link":"https:\/\/standify.org\/hu\/shop\/for-ghost-of-tsushima-gaming-controller-holder-one-more-life-controller-holder-figure-headphone-stand-for-ps5-ps4-ns-k7a5\/","title":{"rendered":"Ghost Tsushima kontroller \u00e1llv\u00e1ny"},"content":{"rendered":"<p>Emelje j\u00e1t\u00e9kfelszerel\u00e9s\u00e9t ezzel a gy\u00f6ny\u00f6r\u0171 Samurai kontroller tart\u00f3val! \ud83c\udf8c Nemcsak biztons\u00e1gosan tartja a kontrolleredet, hanem megragad\u00f3 d\u00edszk\u00e9nt is funkcion\u00e1l, megmutatva az epikus j\u00e1t\u00e9k ir\u00e1nti szenved\u00e9lyedet. \ud83d\udde1\ufe0f<\/p>\n<p><strong>\ud83c\udfa8 K\u00fcl\u00f6nleges design:<\/strong> A Tsushima k\u00eds\u00e9rteties sz\u00e9ps\u00e9ge \u00e1ltal inspir\u00e1lt tart\u00f3 a j\u00e1t\u00e9k l\u00e9nyeg\u00e9t \u00f6r\u00f6k\u00edti meg.<br \/>\n<strong>\ud83d\udd04 Kett\u0151s c\u00e9l\u00fa:<\/strong> Praktikus tart\u00f3 \u00e9s dekorat\u00edv darab egyben.<br \/>\n<strong>\ud83c\udf81 Aj\u00e1nd\u00e9k-k\u00e9sz:<\/strong> Ide\u00e1lis a lelkes j\u00e1t\u00e9kosnak az \u00e9letedben, vagy magadnak.<\/p>\n<p>Tapasztalja meg a funkcionalit\u00e1s \u00e9s a m\u0171v\u00e9szet f\u00fazi\u00f3j\u00e1t. \ud83c\udf1f Dobja fel j\u00e1t\u00e9kter\u00e9t a Samurai kontroller tart\u00f3val m\u00e9g ma! \u2694\ufe0f<\/p>\n<p>Univerz\u00e1lis kompatibilit\u00e1s, bele\u00e9rtve PS5\/4, Xbox, Switch<\/p>\n<p>Alap m\u00e9rete: 13.8 x 8.5 x 7.0cm \/ 5.4\u2033 x 3.3in x 2.7in<\/p>","protected":false},"excerpt":{"rendered":"<p>Emelje j\u00e1t\u00e9kfelszerel\u00e9s\u00e9t ezzel a gy\u00f6ny\u00f6r\u0171 Samurai kontroller tart\u00f3val! \ud83c\udf8c Nem csak biztons\u00e1gosan tartja a kontrollert, de<\/p>","protected":false},"featured_media":1615,"comment_status":"open","ping_status":"closed","template":"","meta":[],"product_brand":[],"product_cat":[16,25],"product_tag":[24],"class_list":{"0":"post-1613","1":"product","2":"type-product","3":"status-publish","4":"has-post-thumbnail","6":"product_cat-standify","7":"product_cat-controller-stand","8":"product_tag-controller-stand","10":"first","11":"instock","12":"sale","13":"taxable","14":"shipping-taxable","15":"purchasable","16":"product-type-simple"},"jetpack_sharing_enabled":true,"_links":{"self":[{"href":"https:\/\/standify.org\/hu\/wp-json\/wp\/v2\/product\/1613","targetHints":{"allow":["GET"]}}],"collection":[{"href":"https:\/\/standify.org\/hu\/wp-json\/wp\/v2\/product"}],"about":[{"href":"https:\/\/standify.org\/hu\/wp-json\/wp\/v2\/types\/product"}],"replies":[{"embeddable":true,"href":"https:\/\/standify.org\/hu\/wp-json\/wp\/v2\/comments?post=1613"}],"version-history":[{"count":0,"href":"https:\/\/standify.org\/hu\/wp-json\/wp\/v2\/product\/1613\/revisions"}],"wp:featuredmedia":[{"embeddable":true,"href":"https:\/\/standify.org\/hu\/wp-json\/wp\/v2\/media\/1615"}],"wp:attachment":[{"href":"https:\/\/standify.org\/hu\/wp-json\/wp\/v2\/media?parent=1613"}],"wp:term":[{"taxonomy":"product_brand","embeddable":true,"href":"https:\/\/standify.org\/hu\/wp-json\/wp\/v2\/product_brand?post=1613"},{"taxonomy":"product_cat","embeddable":true,"href":"https:\/\/standify.org\/hu\/wp-json\/wp\/v2\/product_cat?post=1613"},{"taxonomy":"product_tag","embeddable":true,"href":"https:\/\/standify.org\/hu\/wp-json\/wp\/v2\/product_tag?post=1613"}],"curies":[{"name":"wp","href":"https:\/\/api.w.org\/{rel}","templated":true}]}}