{"id":15888,"date":"2024-07-11T23:53:35","date_gmt":"2024-07-11T13:53:35","guid":{"rendered":"https:\/\/standify.org\/?post_type=product&#038;p=15888"},"modified":"2025-11-30T00:51:45","modified_gmt":"2025-11-29T14:51:45","slug":"gold-goku-iphone-case","status":"publish","type":"product","link":"https:\/\/standify.org\/hu\/shop\/gold-goku-iphone-case\/","title":{"rendered":"Arany Goku iPhone tok"},"content":{"rendered":"<ul>\n<li>Vil\u00e1gm\u00e9ret\u0171 sz\u00e1ll\u00edt\u00e1s.<\/li>\n<li>Minden k\u00fcldem\u00e9ny biztos\u00edtott, nyomon k\u00f6vet\u00e9si sz\u00e1mmal.<\/li>\n<li>A galvaniz\u00e1lt ez\u00fcsttechnol\u00f3gia alkalmaz\u00e1s\u00e1val egyszerre tart\u00f3s \u00e9s sz\u00e9p.<\/li>\n<li><b>Standify\u2122 GARANCIA<\/b><\/li>\n<\/ul>\n<ul>\n<li>Nagyon b\u00fcszk\u00e9k vagyunk a term\u00e9k\u00fcnk min\u0151s\u00e9g\u00e9re, \u00e9s garant\u00e1ljuk, hogy el\u00e9gedett lesz 100% b\u00e1rmivel, amit megv\u00e1s\u00e1rol.\u00a0<b>standify.org<\/b><\/li>\n<li>Ha b\u00e1rmilyen okb\u00f3l kifoly\u00f3lag nem teljesen el\u00e9gedett a v\u00e1s\u00e1rl\u00e1ssal, gondoskodunk arr\u00f3l, hogy a megfelel\u0151 id\u0151n bel\u00fcl visszakapja a p\u00e9nz\u00e9t - k\u00e9rd\u00e9s n\u00e9lk\u00fcl -.<\/li>\n<\/ul>","protected":false},"excerpt":{"rendered":"<p>Worldwide shipping. All shipments are insured with tracking numbers. Using electroplated silver technology, it is durable and beautiful at the<\/p>","protected":false},"featured_media":15889,"comment_status":"open","ping_status":"closed","template":"","meta":[],"product_brand":[],"product_cat":[658,641,20],"product_tag":[],"class_list":{"0":"post-15888","1":"product","2":"type-product","3":"status-publish","4":"has-post-thumbnail","6":"product_cat-phone-cases","7":"product_cat-dragon-ball-z-super-saiyan","8":"product_cat-apparel","10":"first","11":"instock","12":"sale","13":"taxable","14":"shipping-taxable","15":"purchasable","16":"product-type-variable","17":"has-default-attributes"},"jetpack_sharing_enabled":true,"_links":{"self":[{"href":"https:\/\/standify.org\/hu\/wp-json\/wp\/v2\/product\/15888","targetHints":{"allow":["GET"]}}],"collection":[{"href":"https:\/\/standify.org\/hu\/wp-json\/wp\/v2\/product"}],"about":[{"href":"https:\/\/standify.org\/hu\/wp-json\/wp\/v2\/types\/product"}],"replies":[{"embeddable":true,"href":"https:\/\/standify.org\/hu\/wp-json\/wp\/v2\/comments?post=15888"}],"version-history":[{"count":0,"href":"https:\/\/standify.org\/hu\/wp-json\/wp\/v2\/product\/15888\/revisions"}],"wp:featuredmedia":[{"embeddable":true,"href":"https:\/\/standify.org\/hu\/wp-json\/wp\/v2\/media\/15889"}],"wp:attachment":[{"href":"https:\/\/standify.org\/hu\/wp-json\/wp\/v2\/media?parent=15888"}],"wp:term":[{"taxonomy":"product_brand","embeddable":true,"href":"https:\/\/standify.org\/hu\/wp-json\/wp\/v2\/product_brand?post=15888"},{"taxonomy":"product_cat","embeddable":true,"href":"https:\/\/standify.org\/hu\/wp-json\/wp\/v2\/product_cat?post=15888"},{"taxonomy":"product_tag","embeddable":true,"href":"https:\/\/standify.org\/hu\/wp-json\/wp\/v2\/product_tag?post=15888"}],"curies":[{"name":"wp","href":"https:\/\/api.w.org\/{rel}","templated":true}]}}