{"id":15306,"date":"2024-07-08T21:38:08","date_gmt":"2024-07-08T11:38:08","guid":{"rendered":"https:\/\/standify.org\/shop\/dbz-goku-3d-holographic-magsafe-iphone-case-2\/"},"modified":"2025-12-13T08:59:17","modified_gmt":"2025-12-12T22:59:17","slug":"dbz-goku-3d-holographic-magsafe-iphone-case-2","status":"publish","type":"product","link":"https:\/\/standify.org\/hu\/shop\/dbz-goku-3d-holographic-magsafe-iphone-case-2\/","title":{"rendered":"DBZ Goku 3D holografikus Magsafe iPhone tok 3D holografikus holografikus iPhone tok"},"content":{"rendered":"<p>T\u00f6ltsd fel a telefonod a Dragon Ball Z-vel! \ud83d\udc09\ud83d\udca5<\/p>\n<p>V\u00e1ltoztasd \u00e1t k\u00e9sz\u00fcl\u00e9kedet Super Saiyann\u00e1 az epikus DBZ tokgy\u0171jtem\u00e9ny\u00fcnkkel:<\/p>\n<p>\ud83d\udd25 Szemet gy\u00f6ny\u00f6rk\u00f6dtet\u0151 mint\u00e1k ikonikus karakterekkel \ud83d\udee1\ufe0f Tart\u00f3s v\u00e9delem, amely m\u00e9lt\u00f3 a Z-Fighterhez \ud83c\udfa8 \u00c9l\u00e9nk sz\u00ednek, amelyek \u00fagy pattognak, mint egy Kamehameha<\/p>\n<p>Mi\u00e9rt ezek az \u00fcgyek a Rock:<\/p>\n<ol>\n<li>T\u0171nj\u00f6n ki a t\u00f6megb\u0151l<\/li>\n<li>\u00c9ld \u00e1t \u00fajra kedvenc DBZ pillanataidat<\/li>\n<li>Besz\u00e9lget\u00e9sek kezdem\u00e9nyez\u00e9se rajong\u00f3 t\u00e1rsaiddal<\/li>\n<li>V\u00e9dje telefonj\u00e1t st\u00edlusosan<\/li>\n<\/ol>\n<p>Szintre emeld a k\u00e9sz\u00fcl\u00e9kedet! \ud83d\udcf1\u2b06\ufe0f Ne el\u00e9gedj meg egy unalmas tokkal. Mutasd meg a teljes\u00edtm\u00e9nyszintedet \u00e9s az anime szenved\u00e9lyedet b\u00e1rhov\u00e1 is m\u00e9sz!<\/p>\n<p>K\u00e9szen \u00e1llsz a Super Saiyanra? Fogd a DBZ tokot most, \u00e9s engedd, hogy telefonod el\u00e9rje v\u00e9gs\u0151 form\u00e1j\u00e1t! \ud83d\udd25\ud83d\udc4a<\/p>","protected":false},"excerpt":{"rendered":"<p>T\u00f6ltsd fel a telefonod a Dragon Ball Z-vel! \ud83d\udc09\ud83d\udca5 Alak\u00edtsd \u00e1t a k\u00e9sz\u00fcl\u00e9kedet Super Saiyann\u00e1 az epikus DBZ-\u00fcnkkel<\/p>","protected":false},"featured_media":15295,"comment_status":"open","ping_status":"closed","template":"","meta":[],"product_brand":[],"product_cat":[641,658,20],"product_tag":[143,660,661],"class_list":{"0":"post-15306","1":"product","2":"type-product","3":"status-publish","4":"has-post-thumbnail","6":"product_cat-dragon-ball-z-super-saiyan","7":"product_cat-phone-cases","8":"product_cat-apparel","9":"product_tag-dbz","10":"product_tag-phone-case","11":"product_tag-fashion","13":"first","14":"instock","15":"sale","16":"taxable","17":"shipping-taxable","18":"purchasable","19":"product-type-variable","20":"has-default-attributes"},"jetpack_sharing_enabled":true,"_links":{"self":[{"href":"https:\/\/standify.org\/hu\/wp-json\/wp\/v2\/product\/15306","targetHints":{"allow":["GET"]}}],"collection":[{"href":"https:\/\/standify.org\/hu\/wp-json\/wp\/v2\/product"}],"about":[{"href":"https:\/\/standify.org\/hu\/wp-json\/wp\/v2\/types\/product"}],"replies":[{"embeddable":true,"href":"https:\/\/standify.org\/hu\/wp-json\/wp\/v2\/comments?post=15306"}],"version-history":[{"count":0,"href":"https:\/\/standify.org\/hu\/wp-json\/wp\/v2\/product\/15306\/revisions"}],"wp:featuredmedia":[{"embeddable":true,"href":"https:\/\/standify.org\/hu\/wp-json\/wp\/v2\/media\/15295"}],"wp:attachment":[{"href":"https:\/\/standify.org\/hu\/wp-json\/wp\/v2\/media?parent=15306"}],"wp:term":[{"taxonomy":"product_brand","embeddable":true,"href":"https:\/\/standify.org\/hu\/wp-json\/wp\/v2\/product_brand?post=15306"},{"taxonomy":"product_cat","embeddable":true,"href":"https:\/\/standify.org\/hu\/wp-json\/wp\/v2\/product_cat?post=15306"},{"taxonomy":"product_tag","embeddable":true,"href":"https:\/\/standify.org\/hu\/wp-json\/wp\/v2\/product_tag?post=15306"}],"curies":[{"name":"wp","href":"https:\/\/api.w.org\/{rel}","templated":true}]}}