{"id":14281,"date":"2024-06-25T04:06:30","date_gmt":"2024-06-24T18:06:30","guid":{"rendered":"https:\/\/standify.org\/shop\/anime-gym-shorts\/"},"modified":"2026-05-03T06:15:16","modified_gmt":"2026-05-02T20:15:16","slug":"anime-gym-shorts","status":"publish","type":"product","link":"https:\/\/standify.org\/hu\/shop\/anime-gym-shorts\/","title":{"rendered":"Anime tornatermi r\u00f6vidnadr\u00e1g"},"content":{"rendered":"<p><strong>Kiv\u00e1l\u00f3 anyag: A 2 in 1 f\u00e9rfi r\u00f6vidnadr\u00e1g poli\u00e9szter + spandex feljav\u00edtott anyagb\u00f3l k\u00e9sz\u00fclt, puha \u00e9s k\u00e9nyelmes, a 4 ir\u00e1ny\u00fa sztreccs technol\u00f3gia el\u0151seg\u00edti a rugalmas \u00e9s szabad mozg\u00e1st. A gyorsan sz\u00e1rad\u00f3 anyag nem \u00e9rzi mag\u00e1t f\u00fclledtnek edz\u00e9s k\u00f6zben, h\u0171v\u00f6s, l\u00e9legz\u0151 \u00e9s k\u00e9nyelmes.<\/strong><\/p>\n<p>T\u00f6k\u00e9letes design: A der\u00e9kr\u00e9szen l\u00e9v\u0151 h\u00faz\u00f3zsin\u00f3r az alakodnak megfelel\u0151en \u00e1ll\u00edthat\u00f3, a rugalmas der\u00e9kr\u00e9sz pedig maxim\u00e1lis k\u00e9nyelmet biztos\u00edt. K\u00e9t oldals\u00f3 zseb, elegend\u0151 a telefon, p\u00e9nzt\u00e1rca \u00e9s egy\u00e9b apr\u00f3s\u00e1gok sz\u00e1ll\u00edt\u00e1s\u00e1ra.<\/p>\n<p>Friss\u00edt\u00e9s B\u00e9l\u00e9s: A bels\u0151 b\u00e9l\u00e9s meger\u0151s\u00edtett \u00e9s rugalmasabb. \u00c9rint\u00e9skor \u00e9rezhet\u0151 a k\u00fcl\u00f6nbs\u00e9g a k\u00f6z\u00f6ns\u00e9ges r\u00f6vidnadr\u00e1ghoz k\u00e9pest, \u00e9s magasabb min\u0151s\u00e9gi \u00e9lm\u00e9nyt ny\u00fajt. Az anyag finom kivitelez\u00e9s\u0171, finom \u00e9s k\u00e9nyelmes, \u00e9s nincs rossz \u00e9rz\u00e9s, p\u00e9ld\u00e1ul s\u00farl\u00f3d\u00e1s.<\/p>\n<p>Egyedi nyomtat\u00e1s: A grafikus nyomtatott design st\u00edlusos megjelen\u00e9st biztos\u00edt, amelyet a kedvenc anime karaktere ihletett, divatos \u00e9s men\u0151.<\/p>\n<p>Alkalmazhat\u00f3 forgat\u00f3k\u00f6nyvek: A 2 az 1-ben r\u00f6vidnadr\u00e1g alkalmas otthoni viseletre, szabadt\u00e9ri fut\u00e1sra, sportol\u00e1sra, edz\u0151terembe, edz\u00e9sre, j\u00f3g\u00e1ra, strandra \u00e9s egy\u00e9b alkalmakra, magas k\u00e9nyelemmel, klasszikus \u00e9s divatos st\u00edlussal.<\/p>\n<p>Mos\u00e1si tippek: Mos\u00e1si tan\u00e1csok: K\u00e9zzel vagy g\u00e9ppel moshat\u00f3. A sz\u00edn t\u00f6bbsz\u00f6ri tiszt\u00edt\u00e1s ut\u00e1n sem fakul ki. Ne feh\u00e9r\u00edtse.<br \/>\n<img decoding=\"async\" src=\"https:\/\/ae01.alicdn.com\/kf\/S7696f4a1b2a7483fbbfa3933408d6b6fz.jpg?width=606&amp;height=340&amp;hash=946\" alt=\"Standify Anime Dragon Ball Z figur\u00e1k \u00e9s Goku fejhallgat\u00f3 \u00e1llv\u00e1ny\"><br \/>\n<img decoding=\"async\" src=\"https:\/\/ae01.alicdn.com\/kf\/Sfdae12f0a0b54f5ea6f1c6e12f26aebbB.jpg?width=800&amp;height=800&amp;hash=1600\" alt=\"Standify Anime Dragon Ball Z figur\u00e1k \u00e9s Goku fejhallgat\u00f3 \u00e1llv\u00e1ny\"><br \/>\n<strong>. <\/strong> <img decoding=\"async\" src=\"https:\/\/ae01.alicdn.com\/kf\/Sb9bc18c5b15d4a6f89911f7bb4a35161d.jpg?width=800&amp;height=800&amp;hash=1600\" alt=\"Standify Anime Dragon Ball Z figur\u00e1k \u00e9s Goku fejhallgat\u00f3 \u00e1llv\u00e1ny\">\u00a0<img decoding=\"async\" src=\"https:\/\/ae01.alicdn.com\/kf\/Sdae5e77c1f224ec2a2765f75c49da18aQ.jpg?width=750&amp;height=1333&amp;hash=2083\" alt=\"Standify Anime Dragon Ball Z figur\u00e1k \u00e9s Goku fejhallgat\u00f3 \u00e1llv\u00e1ny\"> <img decoding=\"async\" src=\"https:\/\/ae01.alicdn.com\/kf\/S2b118ff0eeff486c81e12e57f35b580eH.jpg?width=800&amp;height=800&amp;hash=1600\" alt=\"Standify Anime Dragon Ball Z figur\u00e1k \u00e9s Goku fejhallgat\u00f3 \u00e1llv\u00e1ny\"> <img decoding=\"async\" src=\"https:\/\/ae01.alicdn.com\/kf\/S93043a3799ce48549641fa1c266d6e2eI.jpg?width=800&amp;height=800&amp;hash=1600\" alt=\"Standify Anime Dragon Ball Z figur\u00e1k \u00e9s Goku fejhallgat\u00f3 \u00e1llv\u00e1ny\"> <img decoding=\"async\" src=\"https:\/\/ae01.alicdn.com\/kf\/Sf06bec503a9a47389f8fc3b8ec2d225eU.jpg?width=800&amp;height=800&amp;hash=1600\" alt=\"Standify Anime Dragon Ball Z figur\u00e1k \u00e9s Goku fejhallgat\u00f3 \u00e1llv\u00e1ny\"> <img decoding=\"async\" src=\"https:\/\/ae01.alicdn.com\/kf\/S4a24b1b0b9bd45dca0d8c52cedde39eaW.jpg?width=800&amp;height=800&amp;hash=1600\" alt=\"Standify Anime Dragon Ball Z figur\u00e1k \u00e9s Goku fejhallgat\u00f3 \u00e1llv\u00e1ny\"><\/p>","protected":false},"excerpt":{"rendered":"<p>Outstanding Material: The 2 In 1 men&#8217;s shorts are made of polyester + spandex upgraded fabric, soft and comfortable, the<\/p>","protected":false},"featured_media":14227,"comment_status":"open","ping_status":"closed","template":"","meta":[],"product_brand":[],"product_cat":[641,16,20],"product_tag":[],"class_list":{"0":"post-14281","1":"product","2":"type-product","3":"status-publish","4":"has-post-thumbnail","6":"product_cat-dragon-ball-z-super-saiyan","7":"product_cat-standify","8":"product_cat-apparel","10":"first","11":"instock","12":"sale","13":"taxable","14":"shipping-taxable","15":"purchasable","16":"product-type-variable"},"jetpack_sharing_enabled":true,"_links":{"self":[{"href":"https:\/\/standify.org\/hu\/wp-json\/wp\/v2\/product\/14281","targetHints":{"allow":["GET"]}}],"collection":[{"href":"https:\/\/standify.org\/hu\/wp-json\/wp\/v2\/product"}],"about":[{"href":"https:\/\/standify.org\/hu\/wp-json\/wp\/v2\/types\/product"}],"replies":[{"embeddable":true,"href":"https:\/\/standify.org\/hu\/wp-json\/wp\/v2\/comments?post=14281"}],"version-history":[{"count":0,"href":"https:\/\/standify.org\/hu\/wp-json\/wp\/v2\/product\/14281\/revisions"}],"wp:featuredmedia":[{"embeddable":true,"href":"https:\/\/standify.org\/hu\/wp-json\/wp\/v2\/media\/14227"}],"wp:attachment":[{"href":"https:\/\/standify.org\/hu\/wp-json\/wp\/v2\/media?parent=14281"}],"wp:term":[{"taxonomy":"product_brand","embeddable":true,"href":"https:\/\/standify.org\/hu\/wp-json\/wp\/v2\/product_brand?post=14281"},{"taxonomy":"product_cat","embeddable":true,"href":"https:\/\/standify.org\/hu\/wp-json\/wp\/v2\/product_cat?post=14281"},{"taxonomy":"product_tag","embeddable":true,"href":"https:\/\/standify.org\/hu\/wp-json\/wp\/v2\/product_tag?post=14281"}],"curies":[{"name":"wp","href":"https:\/\/api.w.org\/{rel}","templated":true}]}}