{"id":13934,"date":"2024-06-25T03:04:52","date_gmt":"2024-06-24T17:04:52","guid":{"rendered":"https:\/\/standify.org\/shop\/dragon-ball-dbz-wallet\/"},"modified":"2025-11-01T03:12:41","modified_gmt":"2025-10-31T17:12:41","slug":"dragon-ball-dbz-wallet","status":"publish","type":"product","link":"https:\/\/standify.org\/hu\/shop\/dragon-ball-dbz-wallet\/","title":{"rendered":"Dragon Ball DBZ p\u00e9nzt\u00e1rca"},"content":{"rendered":"<p>Engedd szabadj\u00e1ra a bels\u0151 Saiyanodat a <strong>Dragon Ball Z Goku p\u00e9nzt\u00e1rc\u00e1k<\/strong>! Ak\u00e1r Goku szellem\u00e9t, ak\u00e1r Super Saiyan szellem\u00e9t, ak\u00e1r az Ultra Instinct elsaj\u00e1t\u00edt\u00e1s\u00e1t szeretn\u00e9d, ezek a p\u00e9nzt\u00e1rc\u00e1k minden Dragon Ball Z rajong\u00f3 sz\u00e1m\u00e1ra k\u00f6telez\u0151 darabok.<\/p>\n<p>A tart\u00f3s anyagokb\u00f3l k\u00e9sz\u00fclt, \u00e9l\u00e9nk, kiv\u00e1l\u00f3 min\u0151s\u00e9g\u0171 nyomatokkal ell\u00e1tott p\u00e9nzt\u00e1rc\u00e1k mindegyike Goku ikonikus k\u00e9peit mutatja be a leger\u0151sebb form\u00e1iban. A b\u0151s\u00e9ges k\u00e1rtyahelyekkel \u00e9s eleg\u00e1ns kialak\u00edt\u00e1ssal ezek a p\u00e9nzt\u00e1rc\u00e1k t\u00f6k\u00e9letesek a mindennapi haszn\u00e1latra, vagy egy kis DBZ-hangulatot adnak a gy\u0171jtem\u00e9nyednek.<\/p>\n<p>Csatlakozz Goku kalandjaihoz, \u00e9s vidd magaddal a Dragon Ball Z univerzum egy darabj\u00e1t, b\u00e1rhov\u00e1 is m\u00e9sz! T\u00f6k\u00e9letes minden koroszt\u00e1ly\u00fa rajong\u00f3 sz\u00e1m\u00e1ra, ez a p\u00e9nzt\u00e1rcasorozat nem csak egy praktikus kieg\u00e9sz\u00edt\u0151, hanem minden id\u0151k egyik legnagyobb anime-saga ir\u00e1nti szereteted kifejez\u00e9se. K\u00e9sz\u00fclj fel, hogy felturb\u00f3zd a st\u00edlusodat!<\/p>","protected":false},"excerpt":{"rendered":"<p>Unleash your inner Saiyan with the Dragon Ball Z Goku Wallets! Whether you&#8217;re channeling the spirit of Goku, Super Saiyan,<\/p>","protected":false},"featured_media":13904,"comment_status":"open","ping_status":"closed","template":"","meta":[],"product_brand":[],"product_cat":[641,20],"product_tag":[19],"class_list":{"0":"post-13934","1":"product","2":"type-product","3":"status-publish","4":"has-post-thumbnail","6":"product_cat-dragon-ball-z-super-saiyan","7":"product_cat-apparel","8":"product_tag-clothing","10":"first","11":"instock","12":"sale","13":"taxable","14":"shipping-taxable","15":"purchasable","16":"product-type-variable"},"jetpack_sharing_enabled":true,"_links":{"self":[{"href":"https:\/\/standify.org\/hu\/wp-json\/wp\/v2\/product\/13934","targetHints":{"allow":["GET"]}}],"collection":[{"href":"https:\/\/standify.org\/hu\/wp-json\/wp\/v2\/product"}],"about":[{"href":"https:\/\/standify.org\/hu\/wp-json\/wp\/v2\/types\/product"}],"replies":[{"embeddable":true,"href":"https:\/\/standify.org\/hu\/wp-json\/wp\/v2\/comments?post=13934"}],"version-history":[{"count":0,"href":"https:\/\/standify.org\/hu\/wp-json\/wp\/v2\/product\/13934\/revisions"}],"wp:featuredmedia":[{"embeddable":true,"href":"https:\/\/standify.org\/hu\/wp-json\/wp\/v2\/media\/13904"}],"wp:attachment":[{"href":"https:\/\/standify.org\/hu\/wp-json\/wp\/v2\/media?parent=13934"}],"wp:term":[{"taxonomy":"product_brand","embeddable":true,"href":"https:\/\/standify.org\/hu\/wp-json\/wp\/v2\/product_brand?post=13934"},{"taxonomy":"product_cat","embeddable":true,"href":"https:\/\/standify.org\/hu\/wp-json\/wp\/v2\/product_cat?post=13934"},{"taxonomy":"product_tag","embeddable":true,"href":"https:\/\/standify.org\/hu\/wp-json\/wp\/v2\/product_tag?post=13934"}],"curies":[{"name":"wp","href":"https:\/\/api.w.org\/{rel}","templated":true}]}}