{"id":1391,"date":"2024-02-28T13:11:58","date_gmt":"2024-02-28T13:11:58","guid":{"rendered":"https:\/\/standify.org\/?post_type=product&#038;p=1391"},"modified":"2026-02-10T03:26:29","modified_gmt":"2026-02-09T17:26:29","slug":"playstation-premium-rgb-3mm-desk-pads-15-designs","status":"publish","type":"product","link":"https:\/\/standify.org\/hu\/shop\/playstation-premium-rgb-3mm-desk-pads-15-designs\/","title":{"rendered":"Playstation Premium RGB 3mm-es asztali p\u00e1rn\u00e1k - 16 f\u00e9le kivitelben"},"content":{"rendered":"<p>L\u00e9pj be egy olyan birodalomba, ahol a PlayStation ikonikus vil\u00e1ga tal\u00e1lkozik a legmodernebb diz\u00e1jnnal a PlayStation Series RGB asztali p\u00e1rn\u00e1kkal. Alak\u00edtsd \u00e1t az \u00edr\u00f3asztalodat egy olyan j\u00e1t\u00e9k er\u0151m\u0171v\u00e9, amely messze maga m\u00f6g\u00f6tt hagyja a hagyom\u00e1nyos eg\u00e9rpadokat!<\/p>\n<p>Mi\u00e9rt van erre az asztali padra minden j\u00e1t\u00e9kosnak sz\u00fcks\u00e9ge: \ud83d\udd25 P\u00e1ratlan PlayStation-t\u00e9m\u00e1k: V\u00e1lasszon a 19 felt\u0171n\u0151, kiv\u00e1l\u00f3 min\u0151s\u00e9g\u0171, egyedi diz\u00e1jn sz\u00e9les v\u00e1laszt\u00e9k\u00e1b\u00f3l. Mer\u00fclj el a PlayStation univerzum\u00e1ban \u00e9l\u00e9nk k\u00e9pekkel, amelyek kiemelik j\u00e1t\u00e9k\u00e1llom\u00e1sodat a t\u00f6bbi k\u00f6z\u00fcl.<\/p>\n<p>\ud83c\udf0c RGB kiv\u00e1l\u00f3s\u00e1g: Emelje fel az \u00edr\u00f3asztal\u00e1t t\u00f6bbel, mint sz\u00ednnel. K\u00e9nyeztesse mag\u00e1t a dinamikus, testreszabhat\u00f3 LED RGB vil\u00e1g\u00edt\u00e1ssal, amelyet \u00fagy terveztek, hogy minden hangulatot \u00e9s j\u00e1t\u00e9kmenetet t\u00fckr\u00f6zz\u00f6n.<\/p>\n<p>\ud83d\uddb1\ufe0f Kiv\u00e1l\u00f3 j\u00e1t\u00e9kteljes\u00edtm\u00e9ny: Hagyja maga m\u00f6g\u00f6tt a v\u00e9kony, gyenge min\u0151s\u00e9g\u0171 eg\u00e9rpadokat. Asztali al\u00e1t\u00e9tjeink pr\u00e9mium 3 mm vastags\u00e1ggal b\u00fcszk\u00e9lkedhetnek, ami sima, p\u00e1rn\u00e1zott sikl\u00e1st biztos\u00edt minden eg\u00e9rmozg\u00e1sn\u00e1l, legyen sz\u00f3 intenz\u00edv j\u00e1t\u00e9kcsat\u00e1kr\u00f3l vagy munk\u00e1ban val\u00f3 navig\u00e1l\u00e1sr\u00f3l.<\/p>\n<p>\u2728 Kiv\u00e1l\u00f3 min\u0151s\u00e9g\u0171 anyag: Ezek az \u00edr\u00f3asztallapok nem csak a kin\u00e9zet\u00fckr\u0151l sz\u00f3lnak. Tapasztalja meg a p\u00e1ratlan stabilit\u00e1st a cs\u00fasz\u00e1sg\u00e1tl\u00f3 alappal \u00e9s a versenyt\u00e1rsakat fel\u00fclm\u00fal\u00f3 tart\u00f3ss\u00e1ggal.<\/p>\n<p>Jellemz\u0151k, amelyek megk\u00fcl\u00f6nb\u00f6ztetnek minket:<\/p>\n<p>Fejlett h\u00e1tt\u00e9rvil\u00e1g\u00edt\u00e1s \u00e9s LED funkci\u00f3k: Ne el\u00e9gedjen meg a h\u00e9tk\u00f6znapival. Vil\u00e1g\u00edtsa meg j\u00e1t\u00e9k\u00e1t ragyog\u00f3 f\u00e9nyhat\u00e1sokkal. Alapvet\u0151 j\u00e1t\u00e9kfelszerel\u00e9s: Ez t\u00f6bb, mint egy eg\u00e9rpad; ez a j\u00e1t\u00e9karzen\u00e1lod n\u00e9lk\u00fcl\u00f6zhetetlen r\u00e9sze. PlayStation B\u00fcszkes\u00e9g: Mutassa ki a PlayStation ir\u00e1nti szeretet\u00e9t ezekkel az egyedi t\u00e9m\u00e1j\u00fa asztali al\u00e1t\u00e9tekkel. Optim\u00e1lis m\u00e9ret minden be\u00e1ll\u00edt\u00e1shoz: Mondjon b\u00facs\u00fat a kicsi, nem megfelel\u0151 p\u00e1rn\u00e1knak. M\u00e9retv\u00e1laszt\u00e9kunk t\u00f6k\u00e9letes lefedetts\u00e9get biztos\u00edt minden \u00edr\u00f3asztalhoz. El\u00e9rhet\u0151 m\u00e9retek minden j\u00e1t\u00e9kos sz\u00e1m\u00e1ra:<\/p>\n<p>RGB 300x600x3mm RGB 300x700x3mm RGB 250x350x3mm RGB 300x800x3mm RGB 400x900x3mm RGB 400x900x3mm Mi\u00e9rt \u00e9rn\u00e9 be a h\u00e9tk\u00f6znapokkal, amikor a j\u00e1t\u00e9k kiv\u00e1l\u00f3s\u00e1g\u00e1hoz is felemelkedhet? A PlayStation Series RGB asztali padunk nem csup\u00e1n egy friss\u00edt\u00e9s; ez egy nyilatkozat a j\u00e1t\u00e9khoz val\u00f3 hozz\u00e1\u00e9rt\u00e9sedr\u0151l. Ne hagyd ki a t\u00f6k\u00e9letes j\u00e1t\u00e9kkieg\u00e9sz\u00edt\u0151t. Alak\u00edtsd \u00e1t az \u00edr\u00f3asztalodat a PlayStation-er\u0151 z\u00f3n\u00e1j\u00e1v\u00e1! \ud83c\udf1f\ud83c\udfae<\/p>","protected":false},"excerpt":{"rendered":"<p>Step into a realm where the iconic world of PlayStation meets cutting-edge design with our PlayStation Series RGB Desk Pads.<\/p>","protected":false},"featured_media":1488,"comment_status":"open","ping_status":"closed","template":"","meta":[],"product_brand":[],"product_cat":[16,28],"product_tag":[],"class_list":{"0":"post-1391","1":"product","2":"type-product","3":"status-publish","4":"has-post-thumbnail","6":"product_cat-standify","7":"product_cat-desk-pad","9":"first","10":"instock","11":"taxable","12":"shipping-taxable","13":"purchasable","14":"product-type-variable"},"jetpack_sharing_enabled":true,"_links":{"self":[{"href":"https:\/\/standify.org\/hu\/wp-json\/wp\/v2\/product\/1391","targetHints":{"allow":["GET"]}}],"collection":[{"href":"https:\/\/standify.org\/hu\/wp-json\/wp\/v2\/product"}],"about":[{"href":"https:\/\/standify.org\/hu\/wp-json\/wp\/v2\/types\/product"}],"replies":[{"embeddable":true,"href":"https:\/\/standify.org\/hu\/wp-json\/wp\/v2\/comments?post=1391"}],"version-history":[{"count":0,"href":"https:\/\/standify.org\/hu\/wp-json\/wp\/v2\/product\/1391\/revisions"}],"wp:featuredmedia":[{"embeddable":true,"href":"https:\/\/standify.org\/hu\/wp-json\/wp\/v2\/media\/1488"}],"wp:attachment":[{"href":"https:\/\/standify.org\/hu\/wp-json\/wp\/v2\/media?parent=1391"}],"wp:term":[{"taxonomy":"product_brand","embeddable":true,"href":"https:\/\/standify.org\/hu\/wp-json\/wp\/v2\/product_brand?post=1391"},{"taxonomy":"product_cat","embeddable":true,"href":"https:\/\/standify.org\/hu\/wp-json\/wp\/v2\/product_cat?post=1391"},{"taxonomy":"product_tag","embeddable":true,"href":"https:\/\/standify.org\/hu\/wp-json\/wp\/v2\/product_tag?post=1391"}],"curies":[{"name":"wp","href":"https:\/\/api.w.org\/{rel}","templated":true}]}}