{"id":1376,"date":"2023-11-07T15:23:50","date_gmt":"2023-11-07T15:23:50","guid":{"rendered":"https:\/\/standify.org\/?product=pink-crystal-controller-stand"},"modified":"2024-11-19T03:38:31","modified_gmt":"2024-11-18T17:38:31","slug":"pink-crystal-controller-stand","status":"publish","type":"product","link":"https:\/\/standify.org\/hu\/shop\/pink-crystal-controller-stand\/","title":{"rendered":"R\u00f3zsasz\u00edn krist\u00e1ly kontroller \u00e1llv\u00e1ny"},"content":{"rendered":"<h1><\/h1>\n<p>Dobja fel j\u00e1t\u00e9kfelszerel\u00e9s\u00e9t egy csipetnyi eleganci\u00e1val \u00e9s szesz\u00e9lyess\u00e9ggel - a Pasztell r\u00f3zsasz\u00edn krist\u00e1ly kontroller \u00e1llv\u00e1ny az\u00e9rt van itt, hogy elvar\u00e1zsolja! \ud83c\udfae\ud83d\udc96<\/p>\n<p><strong>Eleg\u00e1ns \u00e9s er\u0151s<\/strong> - Var\u00e1zsolja el j\u00e1t\u00e9kasztal\u00e1t ennek a pasztell r\u00f3zsasz\u00edn\u0171 krist\u00e1ly\u00e1llv\u00e1nynak az \u00e9teri sz\u00e9ps\u00e9g\u00e9vel. A t\u00f6k\u00e9letes 3D nyomtat\u00e1ssal k\u00e9sz\u00fclt \u00e1llv\u00e1ny a fant\u00e1zia \u00e9s a funkci\u00f3 birodalm\u00e1t \u00f6tv\u00f6zi, \u00e9s tart\u00f3s mened\u00e9ket ny\u00fajt a kontrollerednek.<\/p>\n<p><strong>Univerz\u00e1lisan elb\u0171v\u00f6l\u0151<\/strong> - A j\u00e1t\u00e9kkonzolok k\u00fcl\u00f6nb\u00f6z\u0151 vez\u00e9rl\u0151inek befogad\u00e1s\u00e1ra tervezett \u00e1llv\u00e1ny ugyanolyan sokoldal\u00fa, mint amilyen leny\u0171g\u00f6z\u0151. A j\u00e1t\u00e9kfelszerel\u00e9sed biztons\u00e1gban lesz, a krist\u00e1lyos b\u00e1j gyeng\u00e9d \u00f6lel\u00e9s\u00e9ben.<\/p>\n<p><strong>Helytakar\u00e9kos var\u00e1zslat<\/strong> - Kompakt kialak\u00edt\u00e1s\u00e1nak k\u00f6sz\u00f6nhet\u0151en z\u00f6kken\u0151mentesen illeszkedik a j\u00e1t\u00e9kt\u00e9rbe, \u00e9s pazar megjelen\u00edt\u00e9st biztos\u00edt a rendetlens\u00e9g n\u00e9lk\u00fcl.<\/p>\n<p>Adj egy kis l\u00e1gy sz\u00ednt \u00e9s var\u00e1zslatos b\u00e1jt a j\u00e1t\u00e9kk\u00f6rnyezetedhez ezzel a pasztell r\u00f3zsasz\u00edn krist\u00e1ly kontroller \u00e1llv\u00e1nnyal - ahol a diz\u00e1jn \u00e9s a hasznoss\u00e1g egy mesebeli f\u00fazi\u00f3ban tal\u00e1lkozik.<\/p>","protected":false},"excerpt":{"rendered":"<p>Elevate your gaming setup with a touch of elegance and whimsy \u2013 the Pastel Pink Crystal Controller Stand is here<\/p>","protected":false},"featured_media":1381,"comment_status":"open","ping_status":"closed","template":"","meta":[],"product_brand":[],"product_cat":[16],"product_tag":[22,24],"class_list":{"0":"post-1376","1":"product","2":"type-product","3":"status-publish","4":"has-post-thumbnail","6":"product_cat-standify","7":"product_tag-for-her","8":"product_tag-controller-stand","10":"first","11":"instock","12":"taxable","13":"shipping-taxable","14":"purchasable","15":"product-type-variable"},"jetpack_sharing_enabled":true,"_links":{"self":[{"href":"https:\/\/standify.org\/hu\/wp-json\/wp\/v2\/product\/1376","targetHints":{"allow":["GET"]}}],"collection":[{"href":"https:\/\/standify.org\/hu\/wp-json\/wp\/v2\/product"}],"about":[{"href":"https:\/\/standify.org\/hu\/wp-json\/wp\/v2\/types\/product"}],"replies":[{"embeddable":true,"href":"https:\/\/standify.org\/hu\/wp-json\/wp\/v2\/comments?post=1376"}],"version-history":[{"count":0,"href":"https:\/\/standify.org\/hu\/wp-json\/wp\/v2\/product\/1376\/revisions"}],"wp:featuredmedia":[{"embeddable":true,"href":"https:\/\/standify.org\/hu\/wp-json\/wp\/v2\/media\/1381"}],"wp:attachment":[{"href":"https:\/\/standify.org\/hu\/wp-json\/wp\/v2\/media?parent=1376"}],"wp:term":[{"taxonomy":"product_brand","embeddable":true,"href":"https:\/\/standify.org\/hu\/wp-json\/wp\/v2\/product_brand?post=1376"},{"taxonomy":"product_cat","embeddable":true,"href":"https:\/\/standify.org\/hu\/wp-json\/wp\/v2\/product_cat?post=1376"},{"taxonomy":"product_tag","embeddable":true,"href":"https:\/\/standify.org\/hu\/wp-json\/wp\/v2\/product_tag?post=1376"}],"curies":[{"name":"wp","href":"https:\/\/api.w.org\/{rel}","templated":true}]}}