{"id":13040,"date":"2024-05-05T16:34:57","date_gmt":"2024-05-05T06:34:57","guid":{"rendered":"https:\/\/standify.org\/?post_type=product&#038;p=13040"},"modified":"2025-11-07T00:00:38","modified_gmt":"2025-11-06T14:00:38","slug":"pokemon-friends-og-rug-switch-pikachu-charmander-bulbasaur-squirtle","status":"publish","type":"product","link":"https:\/\/standify.org\/hu\/shop\/pokemon-friends-og-rug-switch-pikachu-charmander-bulbasaur-squirtle\/","title":{"rendered":"Pok\u00e9mon Friends OG sz\u0151nyeg"},"content":{"rendered":"<p>L\u00e9pj be egy olyan vil\u00e1gba, ahol a Pok\u00e9mon sz\u0151nyeggel minden sarkon kaland v\u00e1r r\u00e1d! \ud83c\udf1f Alak\u00edtsd \u00e1t a j\u00e1t\u00e9kteret a v\u00e9gs\u0151 Pok\u00e9mon csatat\u00e9rr\u00e9 ezzel a vibr\u00e1l\u00f3, Nintendo Switch \u00e1ltal inspir\u00e1lt sz\u0151nyeggel, amelyen a szeretett Pikachu, Charmander, Squirtle \u00e9s Bulbasaur l\u00e1that\u00f3.<\/p>\n<h5>\ud83d\udc7e Mi\u00e9rt \u00e9rn\u00e9 be a h\u00e9tk\u00f6znapokkal, ha st\u00edlusosan is j\u00e1tszhat?<\/h5>\n<ul>\n<li><strong>Ikonikus tervez\u00e9s<\/strong>: \u00c9lvezze a Pok\u00e9mon kedvenc karaktereinek jelenl\u00e9t\u00e9t leny\u0171g\u00f6z\u0151 sz\u00ednekben \u00e9s r\u00e9szletess\u00e9ggel.<\/li>\n<li><strong>K\u00e9nyelem \u00e9s st\u00edlus<\/strong>: Puha, tart\u00f3s anyagokb\u00f3l k\u00e9sz\u00fclt, \u00edgy t\u00f6k\u00e9letes a hossz\u00fa j\u00e1t\u00e9kmenetekhez.<\/li>\n<li><strong>Sokoldal\u00fa m\u00e9ret:<\/strong> Gy\u00f6ny\u00f6r\u0171en illeszkedik ak\u00e1r a h\u00e1l\u00f3szob\u00e1ba, ak\u00e1r a nappaliba, ak\u00e1r a j\u00e1t\u00e9kt\u00e9rbe.<\/li>\n<\/ul>\n<p><strong>\ud83c\udf1f K\u00fcl\u00f6nleges aj\u00e1nlat:<\/strong> Korl\u00e1tozott ideig kedvezm\u00e9nyes \u00e1ron szerezheted be a Pok\u00e9mon sz\u0151nyeget, \u00e9s minden v\u00e1s\u00e1rl\u00e1shoz kapsz egy ingyenes Pok\u00e9mon posztert!<\/p>\n<p>Ne csak j\u00e1tszd a j\u00e1t\u00e9kot - \u00e9ld meg! Vidd haza a Pok\u00e9mon var\u00e1zs\u00e1t, \u00e9s tedd legend\u00e1ss\u00e1 minden j\u00e1t\u00e9kmenetet. Kattints az al\u00e1bbi linkre, \u00e9s rendelj most, \u00e9s var\u00e1zsold szob\u00e1dat Pok\u00e9mon-paradicsomm\u00e1! \ud83c\udfae\u2728<\/p>\n<p>Rendeld meg most - Hozd a Pok\u00e9monokat a szob\u00e1dba<\/p>","protected":false},"excerpt":{"rendered":"<p>\u2665\ufe0f Boldogg\u00e1 tesz<br \/>\n\u2600\ufe0f Hozd haza gyermekkori bar\u00e1taidat<br \/>\n\ud83c\udf08 Feels So Soft<\/p>","protected":false},"featured_media":13045,"comment_status":"open","ping_status":"closed","template":"","meta":[],"product_brand":[],"product_cat":[443,861,16,28,20,141],"product_tag":[413,442],"class_list":{"0":"post-13040","1":"product","2":"type-product","3":"status-publish","4":"has-post-thumbnail","6":"product_cat-rugs","7":"product_cat-pokemon","8":"product_cat-standify","9":"product_cat-desk-pad","10":"product_cat-apparel","11":"product_cat-for-her","12":"product_tag-pokemon","13":"product_tag-rug","15":"first","16":"instock","17":"sale","18":"taxable","19":"shipping-taxable","20":"purchasable","21":"product-type-variable","22":"has-default-attributes"},"jetpack_sharing_enabled":true,"_links":{"self":[{"href":"https:\/\/standify.org\/hu\/wp-json\/wp\/v2\/product\/13040","targetHints":{"allow":["GET"]}}],"collection":[{"href":"https:\/\/standify.org\/hu\/wp-json\/wp\/v2\/product"}],"about":[{"href":"https:\/\/standify.org\/hu\/wp-json\/wp\/v2\/types\/product"}],"replies":[{"embeddable":true,"href":"https:\/\/standify.org\/hu\/wp-json\/wp\/v2\/comments?post=13040"}],"version-history":[{"count":1,"href":"https:\/\/standify.org\/hu\/wp-json\/wp\/v2\/product\/13040\/revisions"}],"predecessor-version":[{"id":33445,"href":"https:\/\/standify.org\/hu\/wp-json\/wp\/v2\/product\/13040\/revisions\/33445"}],"wp:featuredmedia":[{"embeddable":true,"href":"https:\/\/standify.org\/hu\/wp-json\/wp\/v2\/media\/13045"}],"wp:attachment":[{"href":"https:\/\/standify.org\/hu\/wp-json\/wp\/v2\/media?parent=13040"}],"wp:term":[{"taxonomy":"product_brand","embeddable":true,"href":"https:\/\/standify.org\/hu\/wp-json\/wp\/v2\/product_brand?post=13040"},{"taxonomy":"product_cat","embeddable":true,"href":"https:\/\/standify.org\/hu\/wp-json\/wp\/v2\/product_cat?post=13040"},{"taxonomy":"product_tag","embeddable":true,"href":"https:\/\/standify.org\/hu\/wp-json\/wp\/v2\/product_tag?post=13040"}],"curies":[{"name":"wp","href":"https:\/\/api.w.org\/{rel}","templated":true}]}}