{"id":1254,"date":"2024-02-28T13:13:24","date_gmt":"2024-02-28T13:13:24","guid":{"rendered":"https:\/\/standify.org\/?post_type=product&#038;p=1254"},"modified":"2024-11-19T03:37:42","modified_gmt":"2024-11-18T17:37:42","slug":"holographic-dbz-stickers-25-designs%ef%bc%89","status":"publish","type":"product","link":"https:\/\/standify.org\/hu\/shop\/holographic-dbz-stickers-25-designs%ef%bc%89\/","title":{"rendered":"Holografikus DBZ matric\u00e1k (25 mint\u00e1k\uff09"},"content":{"rendered":"<p><strong>\u00a0Cartoon holografikus Anime l\u00e9zer matric\u00e1k (25 mint\u00e1k)<\/p>\n<p>~ V\u00edz\u00e1ll\u00f3, vihar\u00e1ll\u00f3, nap\u00e1ll\u00f3, nem k\u00e1ros\u00edtja az aut\u00f3 fest\u00e9k\u00e9t \u00e9s elt\u00e1vol\u00edthat\u00f3.<\/p>\n<p>~ Ez a matrica kiv\u00e1l\u00f3 min\u0151s\u00e9g\u0171 vinilb\u0151l k\u00e9sz\u00fclt.<\/p>\n<p>~Minden matric\u00e1nk elt\u00e1vol\u00edthat\u00f3, azonban NEM visszahelyezhet\u0151.<\/p>\n<p>~ Ezek a matric\u00e1k csod\u00e1latosnak t\u0171nnek, \u00e9s egyedi megjelen\u00e9st adnak hozz\u00e1!<\/p>\n<p>~A matric\u00e1k k\u00f6nnyen tapadnak b\u00e1rmilyen sima fel\u00fcletre.<\/p>\n<p>~Computers die cut. Nincs h\u00e1tt\u00e9r ezeken a matric\u00e1kon.<\/p>\n<p>~ K\u00f6rnyezetbar\u00e1t \u00e9s \u00f6ntapad\u00f3s vinil anyag.<\/p>\n<p>~ V\u00edz\u00e1ll\u00f3 \u00e9s rendk\u00edv\u00fcl id\u0151j\u00e1r\u00e1s\u00e1ll\u00f3.<\/p>\n<p>~ K\u00f6nnyen alkalmazhat\u00f3 \u00e9s marad\u00e9k n\u00e9lk\u00fcl elt\u00e1vol\u00edthat\u00f3.<\/p>\n<p>Megjegyz\u00e9s: A kapott elem sz\u00ednei kiss\u00e9 elt\u00e9rhetnek a k\u00fcl\u00f6nb\u00f6z\u0151 monitorbe\u00e1ll\u00edt\u00e1sok, a f\u00e9nyk\u00e9pez\u0151g\u00e9pek, a f\u00e9nyviszonyok stb. miatt, rem\u00e9lem, meg\u00e9rti.<br \/>\n<strong><strong><img decoding=\"async\" src=\"https:\/\/ae01.alicdn.com\/kf\/S24e588a3cb6b46ada3a8ff3210ae44f86.jpg?width=1200&amp;height=1200&amp;hash=2400\" alt=\"Standify Anime Dragon Ball Z figur\u00e1k \u00e9s Goku fejhallgat\u00f3 \u00e1llv\u00e1ny\"><strong><strong><img decoding=\"async\" src=\"https:\/\/ae01.alicdn.com\/kf\/S7b2e9525279e43a2a879ca91f4d05cedX.jpg?width=1001&amp;height=1001&amp;hash=2002\" alt=\"Standify Anime Dragon Ball Z figur\u00e1k \u00e9s Goku fejhallgat\u00f3 \u00e1llv\u00e1ny\"><\/strong><\/strong><\/strong><\/strong><\/strong><br \/>\n\u00a0<\/p>\n<p>\u00a0<\/p>\n<p>\u00a0<\/p>","protected":false},"excerpt":{"rendered":"<p>\u00a0Cartoon Holographic Anime Laser Stickers (25\u00a0designs) ~Waterproof, Storm Proof, Sun-proof, No harm to car paint &amp; Removable. ~This decal is<\/p>","protected":false},"featured_media":1280,"comment_status":"open","ping_status":"closed","template":"","meta":[],"product_brand":[],"product_cat":[641,16],"product_tag":[],"class_list":{"0":"post-1254","1":"product","2":"type-product","3":"status-publish","4":"has-post-thumbnail","6":"product_cat-dragon-ball-z-super-saiyan","7":"product_cat-standify","9":"first","10":"instock","11":"taxable","12":"shipping-taxable","13":"purchasable","14":"product-type-variable"},"jetpack_sharing_enabled":true,"_links":{"self":[{"href":"https:\/\/standify.org\/hu\/wp-json\/wp\/v2\/product\/1254","targetHints":{"allow":["GET"]}}],"collection":[{"href":"https:\/\/standify.org\/hu\/wp-json\/wp\/v2\/product"}],"about":[{"href":"https:\/\/standify.org\/hu\/wp-json\/wp\/v2\/types\/product"}],"replies":[{"embeddable":true,"href":"https:\/\/standify.org\/hu\/wp-json\/wp\/v2\/comments?post=1254"}],"version-history":[{"count":0,"href":"https:\/\/standify.org\/hu\/wp-json\/wp\/v2\/product\/1254\/revisions"}],"wp:featuredmedia":[{"embeddable":true,"href":"https:\/\/standify.org\/hu\/wp-json\/wp\/v2\/media\/1280"}],"wp:attachment":[{"href":"https:\/\/standify.org\/hu\/wp-json\/wp\/v2\/media?parent=1254"}],"wp:term":[{"taxonomy":"product_brand","embeddable":true,"href":"https:\/\/standify.org\/hu\/wp-json\/wp\/v2\/product_brand?post=1254"},{"taxonomy":"product_cat","embeddable":true,"href":"https:\/\/standify.org\/hu\/wp-json\/wp\/v2\/product_cat?post=1254"},{"taxonomy":"product_tag","embeddable":true,"href":"https:\/\/standify.org\/hu\/wp-json\/wp\/v2\/product_tag?post=1254"}],"curies":[{"name":"wp","href":"https:\/\/api.w.org\/{rel}","templated":true}]}}