{"id":1168,"date":"2024-02-28T13:13:24","date_gmt":"2024-02-28T13:13:24","guid":{"rendered":"https:\/\/standify.org\/?post_type=product&#038;p=1168"},"modified":"2026-04-06T13:36:06","modified_gmt":"2026-04-06T03:36:06","slug":"deskbuddy-fluffy-keyboard-rugs","status":"publish","type":"product","link":"https:\/\/standify.org\/hu\/shop\/deskbuddy-fluffy-keyboard-rugs\/","title":{"rendered":"DeskBuddy bolyhos billenty\u0171zet sz\u0151nyegek"},"content":{"rendered":"<p class=\"p1\">\ud83e\udd32 <strong>Kiv\u00e1l\u00f3 min\u0151s\u00e9g\u0171 k\u00e9zm\u0171ves kivitelez\u00e9s:<\/strong> Minden egyes \u00f6lt\u00e9s gondosan megmunk\u00e1lt, \u00edgy biztos\u00edtva, hogy tart\u00f3s \u00e9s sz\u00e9p kieg\u00e9sz\u00edt\u0151je legyen az \u00edr\u00f3asztal\u00e1nak. \ud83d\udee0\ufe0f<\/p>\n<p class=\"p1\"><span class=\"s1\"> \ud83e\uddf8 <strong>Puha \u00e9s t\u00e1mogat\u00f3:<\/strong> A pl\u00fcss anyagok simogatj\u00e1k a csukl\u00f3j\u00e1t, cs\u00f6kkentve a f\u00e1radts\u00e1got \u00e9s \u00e9lvezetesebb\u00e9 t\u00e9ve minden percet az \u00edr\u00f3asztaln\u00e1l. \ud83c\udfae<\/span><\/p>\n<p class=\"p1\"><span class=\"s1\"> \ud83c\udfa8 <strong>\u00c9l\u00e9nk m\u0171v\u00e9szeti alkot\u00e1sok:<\/strong> Ragyogjon az asztalod a kedvenc anime- \u00e9s Pok\u00e9mon-h\u0151seid sz\u00edneivel \u00e9s arcaival! \ud83d\uddbc\ufe0f<\/span><\/p>\n<p class=\"p1\"><span class=\"s1\"> <a href=\"https:\/\/standify.org\/wp-content\/uploads\/2024\/02\/copy_611DF126-309E-4851-9F5D-3789E50B4C51-ezgif.com-video-to-webp-converter.webp\"><img fetchpriority=\"high\" decoding=\"async\" class=\"alignnone size-full wp-image-11660\" src=\"https:\/\/standify.org\/wp-content\/uploads\/2024\/02\/copy_611DF126-309E-4851-9F5D-3789E50B4C51-ezgif.com-video-to-webp-converter.webp\" alt=\"Standify Anime Dragon Ball Z figur\u00e1k \u00e9s Goku fejhallgat\u00f3 \u00e1llv\u00e1ny\" width=\"500\" height=\"550\" srcset=\"https:\/\/standify.org\/wp-content\/uploads\/2024\/02\/copy_611DF126-309E-4851-9F5D-3789E50B4C51-ezgif.com-video-to-webp-converter.webp 500w, https:\/\/standify.org\/wp-content\/uploads\/2024\/02\/copy_611DF126-309E-4851-9F5D-3789E50B4C51-ezgif.com-video-to-webp-converter-273x300.webp 273w, https:\/\/standify.org\/wp-content\/uploads\/2024\/02\/copy_611DF126-309E-4851-9F5D-3789E50B4C51-ezgif.com-video-to-webp-converter-150x165.webp 150w\" sizes=\"(max-width: 500px) 100vw, 500px\" \/><\/a><\/span><\/p>\n<p class=\"p1\"><span class=\"s1\">\ud83d\udcd0 <strong>T\u00f6k\u00e9letes m\u00e9ret:<\/strong> Fits beautifully in any gaming or work setup, enhancing both aesthetics and comfort. \ud83c\udfe0<\/span><\/p>\n<p class=\"p1\"><span class=\"s1\"><a href=\"https:\/\/standify.org\/wp-content\/uploads\/2024\/02\/WhatsAppVideo2024-03-09at12.55.25_86e7e510-ezgif.com-video-to-webp-converter.webp\"><img decoding=\"async\" class=\"alignnone size-full wp-image-11662\" src=\"https:\/\/standify.org\/wp-content\/uploads\/2024\/02\/WhatsAppVideo2024-03-09at12.55.25_86e7e510-ezgif.com-video-to-webp-converter.webp\" alt=\"Standify Anime Dragon Ball Z figur\u00e1k \u00e9s Goku fejhallgat\u00f3 \u00e1llv\u00e1ny\" width=\"360\" height=\"640\" srcset=\"https:\/\/standify.org\/wp-content\/uploads\/2024\/02\/WhatsAppVideo2024-03-09at12.55.25_86e7e510-ezgif.com-video-to-webp-converter.webp 360w, https:\/\/standify.org\/wp-content\/uploads\/2024\/02\/WhatsAppVideo2024-03-09at12.55.25_86e7e510-ezgif.com-video-to-webp-converter-169x300.webp 169w, https:\/\/standify.org\/wp-content\/uploads\/2024\/02\/WhatsAppVideo2024-03-09at12.55.25_86e7e510-ezgif.com-video-to-webp-converter-150x267.webp 150w\" sizes=\"(max-width: 360px) 100vw, 360px\" \/><\/a><\/span><\/p>\n<p class=\"p1\"><span class=\"s1\">\ud83d\udca1 <strong>Mi\u00e9rt \u00e9rdemes megragadni egyet:<\/strong><\/span><\/p>\n<p class=\"p1\"><span class=\"s1\"> \ud83d\ude80 Fokozza j\u00e1t\u00e9kbe\u00e1ll\u00edt\u00e1sait: Z\u00f6kken\u0151mentesen illeszkedik a j\u00e1t\u00e9kvil\u00e1godba, funkcion\u00e1lis hangulatot k\u00f6lcs\u00f6n\u00f6zve, amely kieg\u00e9sz\u00edti az intenz\u00edv j\u00e1t\u00e9k\u00fcl\u00e9seket. \ud83c\udf08<\/span><\/p>\n<p class=\"p1\"><span class=\"s1\"> \ud83c\udf89 Mutasd meg a rajong\u00e1sodat: T\u00f6k\u00e9letes az anime \u00e9s a Pok\u00e9mon ir\u00e1nti szereteted kifejez\u00e9s\u00e9re, a szenved\u00e9lyed mindennapos \u00fcnnepp\u00e9 v\u00e1ltoztat\u00e1s\u00e1ra. \ud83c\udfc6<\/span><\/p>\n<p class=\"p1\"><span class=\"s1\"> \ud83c\udf81 Csod\u00e1latos aj\u00e1nd\u00e9k\u00f6tlet: Lepd meg \u00e9leted anime- vagy j\u00e1t\u00e9krajong\u00f3j\u00e1t egy olyan aj\u00e1nd\u00e9kkal, amely egyszerre figyelmes \u00e9s izgalmas. \ud83c\udf81<\/span><\/p>\n<p class=\"p1\"><span class=\"s1\">\ud83c\udf08 K\u00e9pzeld el ezt:<\/span><\/p>\n<p class=\"p1\"><span class=\"s1\">Minden alkalommal, amikor le\u00fcl, ez a billenty\u0171zetsz\u0151nyeg \u00fcdv\u00f6zli \u00d6nt, \u00e9s a rutint \u00f6r\u00f6mteliv\u00e9 v\u00e1ltoztatja. Ak\u00e1r \u00e9jszak\u00e1ba ny\u00fal\u00f3an j\u00e1tszol, ak\u00e1r feladatokat oldasz meg, egy csipetnyi szesz\u00e9lyt \u00e9s k\u00e9nyelmet ad a napodhoz. Dobja fel \u00edr\u00f3asztal\u00e1t ezzel a b\u00e1jos, funkcion\u00e1lis m\u0171alkot\u00e1ssal, \u00e9s hagyja, hogy minden billenty\u0171le\u00fct\u00e9s mosolyt csaljon az arc\u00e1ra \ud83d\ude0a.<\/span><\/p>\n<p class=\"p1\"><span class=\"s1\">K\u00e9szen \u00e1ll arra, hogy az \u00edr\u00f3asztala legyen szob\u00e1ja f\u00e9nypontja? Add ezt a sz\u0151nyeget a kosaradba, \u00e9s \u00e9lvezd a sz\u00ednesebb \u00e9s k\u00e9nyelmesebb berendez\u00e9st m\u00e9g ma! \ud83c\udf1f<\/span><\/p>\n<p>&nbsp;<\/p>\n<p>&nbsp;<\/p>\n<p><a href=\"https:\/\/standify.org\/wp-content\/uploads\/2024\/02\/WhatsAppVideo2024-02-23at21.21.40_b54c580b-ezgif.com-video-to-webp-converter.webp\"><img decoding=\"async\" class=\"alignnone size-full wp-image-11663\" src=\"https:\/\/standify.org\/wp-content\/uploads\/2024\/02\/WhatsAppVideo2024-02-23at21.21.40_b54c580b-ezgif.com-video-to-webp-converter.webp\" alt=\"Standify Anime Dragon Ball Z figur\u00e1k \u00e9s Goku fejhallgat\u00f3 \u00e1llv\u00e1ny\" width=\"360\" height=\"640\" srcset=\"https:\/\/standify.org\/wp-content\/uploads\/2024\/02\/WhatsAppVideo2024-02-23at21.21.40_b54c580b-ezgif.com-video-to-webp-converter.webp 360w, https:\/\/standify.org\/wp-content\/uploads\/2024\/02\/WhatsAppVideo2024-02-23at21.21.40_b54c580b-ezgif.com-video-to-webp-converter-169x300.webp 169w, https:\/\/standify.org\/wp-content\/uploads\/2024\/02\/WhatsAppVideo2024-02-23at21.21.40_b54c580b-ezgif.com-video-to-webp-converter-150x267.webp 150w\" sizes=\"(max-width: 360px) 100vw, 360px\" \/><\/a><\/p>","protected":false},"excerpt":{"rendered":"<p>\ud83c\udf08 Tedd az asztalodat boldog t\u00e9rr\u00e9<br \/>\n\u2b50 Csod\u00e1latos aj\u00e1nd\u00e9k<br \/>\n\ud83d\udc96 Napi \u00f6r\u00f6m\u00f6t hoz neked<\/p>","protected":false},"featured_media":12676,"comment_status":"open","ping_status":"closed","template":"","meta":[],"product_brand":[],"product_cat":[199,16,28],"product_tag":[21,22],"class_list":{"0":"post-1168","1":"product","2":"type-product","3":"status-publish","4":"has-post-thumbnail","6":"product_cat-keyboard-rugs","7":"product_cat-standify","8":"product_cat-desk-pad","9":"product_tag-decoration","10":"product_tag-for-her","12":"first","13":"instock","14":"sale","15":"taxable","16":"shipping-taxable","17":"purchasable","18":"product-type-variable","19":"has-default-attributes"},"jetpack_sharing_enabled":true,"_links":{"self":[{"href":"https:\/\/standify.org\/hu\/wp-json\/wp\/v2\/product\/1168","targetHints":{"allow":["GET"]}}],"collection":[{"href":"https:\/\/standify.org\/hu\/wp-json\/wp\/v2\/product"}],"about":[{"href":"https:\/\/standify.org\/hu\/wp-json\/wp\/v2\/types\/product"}],"replies":[{"embeddable":true,"href":"https:\/\/standify.org\/hu\/wp-json\/wp\/v2\/comments?post=1168"}],"version-history":[{"count":3,"href":"https:\/\/standify.org\/hu\/wp-json\/wp\/v2\/product\/1168\/revisions"}],"predecessor-version":[{"id":18269,"href":"https:\/\/standify.org\/hu\/wp-json\/wp\/v2\/product\/1168\/revisions\/18269"}],"wp:featuredmedia":[{"embeddable":true,"href":"https:\/\/standify.org\/hu\/wp-json\/wp\/v2\/media\/12676"}],"wp:attachment":[{"href":"https:\/\/standify.org\/hu\/wp-json\/wp\/v2\/media?parent=1168"}],"wp:term":[{"taxonomy":"product_brand","embeddable":true,"href":"https:\/\/standify.org\/hu\/wp-json\/wp\/v2\/product_brand?post=1168"},{"taxonomy":"product_cat","embeddable":true,"href":"https:\/\/standify.org\/hu\/wp-json\/wp\/v2\/product_cat?post=1168"},{"taxonomy":"product_tag","embeddable":true,"href":"https:\/\/standify.org\/hu\/wp-json\/wp\/v2\/product_tag?post=1168"}],"curies":[{"name":"wp","href":"https:\/\/api.w.org\/{rel}","templated":true}]}}