{"id":1119,"date":"2024-02-28T13:13:24","date_gmt":"2024-02-28T13:13:24","guid":{"rendered":"https:\/\/standify.org\/?post_type=product&#038;p=1119"},"modified":"2026-04-17T04:46:26","modified_gmt":"2026-04-16T18:46:26","slug":"dragon-ball-z-shenlong-dragon-night-lights","status":"publish","type":"product","link":"https:\/\/standify.org\/hu\/shop\/dragon-ball-z-shenlong-dragon-night-lights\/","title":{"rendered":"Dragon Ball Z Shenrong 7 krist\u00e1lyg\u00f6mb l\u00e1mpa"},"content":{"rendered":"<p>Id\u00e9zd meg a S\u00e1rk\u00e1nyg\u00f6mb\u00f6k erej\u00e9t a Bandai Dragon Ball Z Anime Shenrong LED akci\u00f3figur\u00e1k \u00e9jszakai l\u00e1mp\u00e1ival! Ez a bonyolult r\u00e9szletess\u00e9g\u0171 darab k\u00f6telez\u0151 darab minden Dragon Ball Z rajong\u00f3nak.<\/p>\n<p>M\u00e9ret:<br \/>\n<span data-mce-fragment=\"1\">Shenrong<\/span>: K\u00f6r\u00fclbel\u00fcl 15cm magas<br \/>\nKrist\u00e1lyg\u00f6mb\u00f6k: \u00e1tm\u00e9r\u0151je: 3,5 cm<br \/>\nK\u00f6r: 15cm \u00e1tm\u00e9r\u0151<\/p>\n<p>Jellemz\u0151k:<br \/>\n\ud83c\udf1f Leny\u0171g\u00f6z\u0151 LED f\u00e9nyek, amelyek var\u00e1zslatos ragyog\u00e1st hoznak l\u00e9tre<br \/>\n\u2705 T\u00e1vir\u00e1ny\u00edt\u00f3val rendelkezik a k\u00f6nny\u0171 kezelhet\u0151s\u00e9g \u00e9rdek\u00e9ben<br \/>\n\ud83d\udd2e H\u00e9t 3,5 cm \u00e1tm\u00e9r\u0151j\u0171 krist\u00e1lyg\u00f6mb az autentikus Dragon Ball \u00e9lm\u00e9ny\u00e9rt<br \/>\n\ud83d\udcaa Tart\u00f3s PVA+krist\u00e1ly anyagb\u00f3l k\u00e9sz\u00fclt<br \/>\n\ud83d\udc09 R\u00e9szletes <span data-mce-fragment=\"1\">Shenrong<\/span>\u00a0figura, amely egy kis akci\u00f3t visz a szob\u00e1j\u00e1ba<\/p>","protected":false},"excerpt":{"rendered":"<p>Id\u00e9zd meg a S\u00e1rk\u00e1nyg\u00f6mb\u00f6k erej\u00e9t a Bandai Dragon Ball Z Anime Shenrong LED akci\u00f3figur\u00e1k \u00e9jszakai vil\u00e1g\u00edt\u00e1s\u00e1val!<\/p>","protected":false},"featured_media":1121,"comment_status":"open","ping_status":"closed","template":"","meta":[],"product_brand":[],"product_cat":[641,16,18,183],"product_tag":[21],"class_list":{"0":"post-1119","1":"product","2":"type-product","3":"status-publish","4":"has-post-thumbnail","6":"product_cat-dragon-ball-z-super-saiyan","7":"product_cat-standify","8":"product_cat-action-figure","9":"product_cat-featured-items","10":"product_tag-decoration","12":"first","13":"instock","14":"sale","15":"taxable","16":"shipping-taxable","17":"purchasable","18":"product-type-simple"},"jetpack_sharing_enabled":true,"_links":{"self":[{"href":"https:\/\/standify.org\/hu\/wp-json\/wp\/v2\/product\/1119","targetHints":{"allow":["GET"]}}],"collection":[{"href":"https:\/\/standify.org\/hu\/wp-json\/wp\/v2\/product"}],"about":[{"href":"https:\/\/standify.org\/hu\/wp-json\/wp\/v2\/types\/product"}],"replies":[{"embeddable":true,"href":"https:\/\/standify.org\/hu\/wp-json\/wp\/v2\/comments?post=1119"}],"version-history":[{"count":1,"href":"https:\/\/standify.org\/hu\/wp-json\/wp\/v2\/product\/1119\/revisions"}],"predecessor-version":[{"id":16252,"href":"https:\/\/standify.org\/hu\/wp-json\/wp\/v2\/product\/1119\/revisions\/16252"}],"wp:featuredmedia":[{"embeddable":true,"href":"https:\/\/standify.org\/hu\/wp-json\/wp\/v2\/media\/1121"}],"wp:attachment":[{"href":"https:\/\/standify.org\/hu\/wp-json\/wp\/v2\/media?parent=1119"}],"wp:term":[{"taxonomy":"product_brand","embeddable":true,"href":"https:\/\/standify.org\/hu\/wp-json\/wp\/v2\/product_brand?post=1119"},{"taxonomy":"product_cat","embeddable":true,"href":"https:\/\/standify.org\/hu\/wp-json\/wp\/v2\/product_cat?post=1119"},{"taxonomy":"product_tag","embeddable":true,"href":"https:\/\/standify.org\/hu\/wp-json\/wp\/v2\/product_tag?post=1119"}],"curies":[{"name":"wp","href":"https:\/\/api.w.org\/{rel}","templated":true}]}}