{"id":10862,"date":"2024-03-08T00:14:13","date_gmt":"2024-03-07T14:14:13","guid":{"rendered":"https:\/\/standify.org\/?page_id=10862"},"modified":"2024-03-08T00:14:16","modified_gmt":"2024-03-07T14:14:16","slug":"shipping-policy","status":"publish","type":"page","link":"https:\/\/standify.org\/hu\/shipping-policy\/","title":{"rendered":"Sz\u00e1ll\u00edt\u00e1si politika"},"content":{"rendered":"<p>V\u00e1rhat\u00f3 sz\u00e1ll\u00edt\u00e1si id\u0151: 1-3 nap<\/p>\n\n\n\n<p>Becs\u00fclt sz\u00e1ll\u00edt\u00e1si id\u0151k<\/p>\n\n\n\n<p>USA: 6-10 nap<\/p>\n\n\n\n<p>Ausztr\u00e1lia: Ausztr\u00e1lia: 7-12 nap<\/p>\n\n\n\n<p>Franciaorsz\u00e1g: 5-10 nap<\/p>\n\n\n\n<p>UK: 6-11 nap<\/p>\n\n\n\n<p>A Biztos\u00edtott sz\u00e1ll\u00edt\u00e1s garant\u00e1lja a visszat\u00e9r\u00edt\u00e9st a sz\u00e1ll\u00edt\u00e1s sor\u00e1n elfogadhatatlannak \u00edt\u00e9lt s\u00e9r\u00fclt \u00e1ruk eset\u00e9n.&nbsp;<\/p>","protected":false},"excerpt":{"rendered":"<p>Estimated Dispatch Time: 1-3 Days Estimated Delivery Times USA: 6-10 Days Australia: 7-12 Days France: 5-10 Days UK: 6-11 Days<\/p>","protected":false},"author":1,"featured_media":0,"parent":0,"menu_order":0,"comment_status":"closed","ping_status":"closed","template":"","meta":{"footnotes":""},"class_list":["post-10862","page","type-page","status-publish","hentry"],"jetpack_sharing_enabled":true,"_links":{"self":[{"href":"https:\/\/standify.org\/hu\/wp-json\/wp\/v2\/pages\/10862","targetHints":{"allow":["GET"]}}],"collection":[{"href":"https:\/\/standify.org\/hu\/wp-json\/wp\/v2\/pages"}],"about":[{"href":"https:\/\/standify.org\/hu\/wp-json\/wp\/v2\/types\/page"}],"author":[{"embeddable":true,"href":"https:\/\/standify.org\/hu\/wp-json\/wp\/v2\/users\/1"}],"replies":[{"embeddable":true,"href":"https:\/\/standify.org\/hu\/wp-json\/wp\/v2\/comments?post=10862"}],"version-history":[{"count":0,"href":"https:\/\/standify.org\/hu\/wp-json\/wp\/v2\/pages\/10862\/revisions"}],"wp:attachment":[{"href":"https:\/\/standify.org\/hu\/wp-json\/wp\/v2\/media?parent=10862"}],"curies":[{"name":"wp","href":"https:\/\/api.w.org\/{rel}","templated":true}]}}