{"id":10856,"date":"2024-03-08T00:12:21","date_gmt":"2024-03-07T14:12:21","guid":{"rendered":"https:\/\/standify.org\/?page_id=10856"},"modified":"2024-05-30T20:41:28","modified_gmt":"2024-05-30T10:41:28","slug":"refund-policy","status":"publish","type":"page","link":"https:\/\/standify.org\/hu\/refund-policy\/","title":{"rendered":"Visszat\u00e9r\u00edt\u00e9si politika"},"content":{"rendered":"<h1 class=\"wp-block-heading\">T\u00d6RL\u00c9SEK\/M\u00d3DOS\u00cdT\u00c1SOK<\/h1>\n\n\n\n<p>&nbsp;We process our orders very quickly and unfortunately cannot typically make changes after an order has been placed. If you want to cancel or make any updates regarding your order please contact us at&nbsp;info@standify.org&nbsp;to see if a modification can be made.&nbsp;<\/p>\n\n\n\n<p>&nbsp;<strong>Megjegyz\u00e9s:<\/strong>: Felh\u00edvjuk figyelm\u00e9t, hogy a standard $2 tranzakci\u00f3s d\u00edj nem visszat\u00e9r\u00edthet\u0151.<\/p>\n\n\n\n<p>Ha a megrendel\u00e9s\u00e9t m\u00e1r teljes\u00edtett\u00fck, nem \u00e1ll m\u00f3dunkban visszat\u00e9r\u00edt\u00e9st teljes\u00edteni (mivel a csomag m\u00e1r \u00faton van).&nbsp;&nbsp;<\/p>\n\n\n\n<p>A t\u00f6r\u00f6lt rendel\u00e9s visszat\u00e9r\u00edt\u00e9se a fizet\u00e9si m\u00f3dt\u00f3l f\u00fcgg\u0151en 2-7 munkanapot vesz ig\u00e9nybe. A Paypal azonnali, m\u00edg a hitelk\u00e1rty\u00e1s\/bet\u00e9ti k\u00e1rty\u00e1s v\u00e1s\u00e1rl\u00f3knak egy kicsit t\u00f6bbet kell v\u00e1rniuk.<\/p>\n\n\n\n<h1 class=\"wp-block-heading\">VISSZAFIZET\u00c9SEK<\/h1>\n\n\n\n<p>A v\u00e1s\u00e1rl\u00f3 csak a sz\u00e1ll\u00edtott term\u00e9k hib\u00e1ja eset\u00e9n k\u00e9rhet visszat\u00e9r\u00edt\u00e9st. Ebben az esetben az \u00fcgyf\u00e9lnek k\u00e9pekkel vagy vide\u00f3kkal kell al\u00e1t\u00e1masztania az ig\u00e9ny\u00e9t.<\/p>\n\n\n\n<p>A visszat\u00e9r\u00edt\u00e9s nem vehet\u0151 figyelembe abban az esetben, ha az \u00fcgyf\u00e9l:<\/p>\n\n\n\n<p>1. Hib\u00e1t k\u00f6vetett el az \u00e1ru megrendel\u00e9sekor, p\u00e9ld\u00e1ul (t\u00f6bbek k\u00f6z\u00f6tt, de nem kiz\u00e1r\u00f3lagosan) t\u00e9ves modellv\u00e1laszt\u00e1s, t\u00e9ves mennyis\u00e9gv\u00e1laszt\u00e1s, t\u00e9ved\u00e9s az \u00e1ru jelleg\u00e9ben.<\/p>\n\n\n\n<p>2.  T\u00f6rli a megrendel\u00e9st a v\u00e1s\u00e1rl\u00e1s v\u00e9gleges\u00edt\u00e9se \u00e9s a platformon t\u00f6rt\u00e9n\u0151 fizet\u00e9s ut\u00e1n.&nbsp;<\/p>\n\n\n\n<p>Ahhoz, hogy visszat\u00e9r\u00edt\u00e9sre jogosult legyen, a term\u00e9knek nem haszn\u00e1ltnak \u00e9s ugyanolyan \u00e1llapotban kell lennie, mint ahogyan azt megkapta. A term\u00e9knek az eredeti csomagol\u00e1sban, az eredeti c\u00edmk\u00e9kkel \u00e9s c\u00edmk\u00e9kkel egy\u00fctt kell lennie. Miut\u00e1n a visszak\u00fcld\u00f6tt term\u00e9ket megkapta \u00e9s megvizsg\u00e1lta, r\u00e9szleges visszat\u00e9r\u00edt\u00e9st vagy bolti j\u00f3v\u00e1\u00edr\u00e1st ig\u00e9nyelhet. A visszat\u00e9r\u00edt\u00e9st 2-7 munkanapon bel\u00fcl feldolgozzuk, \u00e9s a j\u00f3v\u00e1\u00edr\u00e1st automatikusan a hitelk\u00e1rty\u00e1j\u00e1ra vagy az eredeti fizet\u00e9si m\u00f3dra \u00edrjuk j\u00f3v\u00e1.&nbsp;<\/p>\n\n\n\n<p>&nbsp;<strong>Megjegyz\u00e9s:<\/strong>: A term\u00e9k visszak\u00fcld\u00e9s\u00e9nek sz\u00e1ll\u00edt\u00e1si k\u00f6lts\u00e9gei\u00e9rt \u00d6n lesz felel\u0151s. A sz\u00e1ll\u00edt\u00e1si k\u00f6lts\u00e9gek nem visszat\u00e9r\u00edthet\u0151k.<\/p>\n\n\n\n<h1 class=\"wp-block-heading\">SZ\u00c1LL\u00cdT\u00c1SI BECSL\u00c9SEK<\/h1>\n\n\n\n<p>During transportation, accidents can happen. You can rest assured that we are here for you. If you received a damaged item, please report to info@standify.org&nbsp;within 48 hours of receipt with a photo that shows the damage of your product(s). Please include your order number in the email. A return of the damaged product is not needed.<\/p>\n\n\n\n<p>&nbsp;<strong>Megjegyz\u00e9s:<\/strong>: Nem v\u00e1llalunk felel\u0151ss\u00e9get a term\u00e9kben a helytelen haszn\u00e1lat miatt keletkezett k\u00e1rok\u00e9rt.<\/p>\n\n\n\n<h1 class=\"wp-block-heading\">VISSZAFIZET\u00c9SEK<\/h1>\n\n\n\n<p>Ahhoz, hogy visszat\u00e9r\u00edt\u00e9sre jogosult legyen, vissza kell k\u00fcldenie a megrendel\u00e9s\u00e9t. Miut\u00e1n a visszak\u00fcld\u00f6tt term\u00e9k meg\u00e9rkezett \u00e9s \u00e1tvizsg\u00e1l\u00e1sra ker\u00fclt, r\u00e9szleges visszat\u00e9r\u00edt\u00e9st vagy bolti j\u00f3v\u00e1\u00edr\u00e1st ig\u00e9nyelhet. A visszat\u00e9r\u00edt\u00e9st 2-7 munkanapon bel\u00fcl feldolgozzuk, \u00e9s a j\u00f3v\u00e1\u00edr\u00e1st automatikusan a hitelk\u00e1rty\u00e1j\u00e1ra vagy az eredeti fizet\u00e9si m\u00f3dra \u00edrjuk j\u00f3v\u00e1.&nbsp;<\/p>\n\n\n\n<p>&nbsp;<strong>Megjegyz\u00e9s:<\/strong>: A sz\u00e1ll\u00edt\u00e1si d\u00edjak (ha vannak) \u00e9s a tranzakci\u00f3s d\u00edjak nem visszat\u00e9r\u00edthet\u0151k.<\/p>\n\n\n\n<h1 class=\"wp-block-heading\">SZ\u00c1LL\u00cdT\u00c1SI K\u00d6LTS\u00c9GEK<\/h1>\n\n\n\n<p>A term\u00e9k visszak\u00fcld\u00e9sekor a sz\u00e1ll\u00edt\u00e1si k\u00f6lts\u00e9gek visel\u00e9se az \u00d6n feladata. A sz\u00e1ll\u00edt\u00e1si k\u00f6lts\u00e9gek nem visszat\u00e9r\u00edthet\u0151k. A nyomon k\u00f6vethet\u0151 sz\u00e1ll\u00edt\u00e1si szolg\u00e1ltat\u00e1s haszn\u00e1lata k\u00f6telez\u0151 - ha nem haszn\u00e1l nyomon k\u00f6vethet\u0151 sz\u00e1ll\u00edt\u00e1si szolg\u00e1ltat\u00e1st, nem tudjuk a visszat\u00e9r\u00edt\u00e9st elv\u00e9gezni.<\/p>\n\n\n\n<h1 class=\"wp-block-heading\">ROSSZ C\u00cdM<\/h1>\n\n\n\n<p>K\u00e9rj\u00fck, vegye figyelembe, hogy ha a csomag nem \u00e9rkezik meg \u00d6nh\u00f6z, miut\u00e1n rossz vagy hi\u00e1nyos c\u00edmet adott meg, nem vagyunk felel\u0151sek, \u00e9s nem tudjuk felaj\u00e1nlani a megrendelt \u00f6sszeg teljes visszat\u00e9r\u00edt\u00e9s\u00e9t - \u00d6n felel\u0151s a vil\u00e1gos \u00e9s helyes sz\u00e1ll\u00edt\u00e1si \u00e9s sz\u00e1ml\u00e1z\u00e1si adatok megad\u00e1s\u00e1\u00e9rt a megrendel\u00e9s lead\u00e1sakor.<\/p>\n\n\n\n<p>\u00a0If you have any further questions, please contact info@standify.org<br><\/p>\n\n\n\n<h1 class=\"wp-block-heading\">STOLEN\/LOST PACKAGES<\/h1>\n\n\n\n<p>While we strive to deliver your order in a timely manner, we cannot be held responsible for any shipping or delivery delays that are outside of our control. If you experience any problems with your delivery, please contact the courier directly for assistance. We are not responsible for any lost, stolen, or delayed packages.<br><\/p>\n\n\n\n<h1 class=\"wp-block-heading\">Visszat\u00e9r\u00edt\u00e9sek, cser\u00e9k \u00e9s visszat\u00e9r\u00edt\u00e9sek<\/h1>\n\n\n\n<p>Thank you for your purchase. We hope you are happy with your purchase. However, if you are not completely satisfied with your purchase due to a default, you may return it. Please see below for more information on our return policy.<\/p>\n\n\n\n<h1 class=\"wp-block-heading\"><strong>Visszat\u00e9r\u00edt\u00e9sek, cser\u00e9k \u00e9s visszat\u00e9r\u00edt\u00e9sek<\/strong><\/h1>\n\n\n\n<p>Minden visszak\u00fcld\u00e9st \u00e9s rendel\u00e9si probl\u00e9m\u00e1t a sz\u00e1ll\u00edt\u00e1si d\u00e1tumt\u00f3l sz\u00e1m\u00edtott harminc (30) napon bel\u00fcl kell bejelenteni.&nbsp;<\/p>\n\n\n\n<p><em>Standify&nbsp;<\/em><em>kicser\u00e9li a term\u00e9ket, ha b\u00e1rmilyen s\u00e9r\u00fcl\u00e9st, hi\u00e1nyz\u00f3 darabot vagy rossz kivitelez\u00e9st tapasztal.&nbsp;<\/em><\/p>\n\n\n\n<p>Ha k\u00f6zvetlen\u00fcl megs\u00e9r\u00fcl, elt\u00f6rik vagy elvesz\u00edti a term\u00e9ket - nem jogosult a cser\u00e9re vagy visszat\u00e9r\u00edt\u00e9sre.<\/p>\n\n\n\n<ul class=\"wp-block-list\">\n<li><strong>Csere k\u00e9r\u00e9se<\/strong>&nbsp;for the damage, missing piece, or poor craftsmanship,&nbsp; please&nbsp;&nbsp;email our customer service team at info@standify.org<\/li>\n\n\n\n<li><strong>A visszat\u00e9r\u00edt\u00e9sre val\u00f3 jogosults\u00e1ghoz (amennyiben vissza szeretn\u00e9 k\u00fcldeni a megrendel\u00e9s\u00e9t)<\/strong>, a term\u00e9knek nem haszn\u00e1ltnak \u00e9s ugyanolyan \u00e1llapotban kell lennie, mint ahogyan azt megkapta. A term\u00e9knek az eredeti csomagol\u00e1sban kell lennie, az eredeti c\u00edmk\u00e9kkel \u00e9s c\u00edmk\u00e9kkel egy\u00fctt.<\/li>\n<\/ul>\n\n\n\n<p>NEM fogadunk el visszat\u00e9r\u00edt\u00e9st olyan megrendel\u00e9sek eset\u00e9ben, amelyek a sz\u00e1ll\u00edt\u00e1si d\u00e1tumt\u00f3l sz\u00e1m\u00edtott 30 napon t\u00fal vannak.<\/p>\n\n\n\n<p>To return an item, please email our customer service team at&nbsp;info@standify.org<\/p>\n\n\n\n<p>A visszat\u00e9r\u00edt\u00e9s teljes\u00edt\u00e9s\u00e9hez sz\u00fcks\u00e9g\u00fcnk van a v\u00e1s\u00e1rl\u00e1st igazol\u00f3 nyugt\u00e1ra vagy bizonylatra.<\/p>\n\n\n\n<ul class=\"wp-block-list\">\n<li>K\u00e9rj\u00fck, vegye fel a kapcsolatot a visszak\u00fcld\u00e9si c\u00edm\u00e9rt. Elk\u00fcldj\u00fck \u00d6nnek az \u00d6nh\u00f6z legk\u00f6zelebbi l\u00e9tes\u00edtm\u00e9ny\u00fcnk sz\u00e1ll\u00edt\u00e1si adatait.<\/li>\n\n\n\n<li>K\u00e9rj\u00fck, hogy a visszak\u00fcld\u00e9s ut\u00e1n k\u00fcldj\u00f6n igazol\u00e1st a k\u00fcldem\u00e9nyr\u0151l (pl. e-mailben \/ k\u00f6zvetlen \u00fczenetben k\u00fcldje el nek\u00fcnk a blokk k\u00e9p\u00e9t), hogy referenciak\u00e9nt haszn\u00e1lhassuk.<\/li>\n\n\n\n<li>Miut\u00e1n a visszak\u00fcld\u00f6tt term\u00e9ket megkaptuk \u00e9s megvizsg\u00e1ltuk, k\u00fcld\u00fcnk \u00d6nnek egy e-mailt, amelyben \u00e9rtes\u00edtj\u00fck, hogy megkaptuk a visszak\u00fcld\u00f6tt term\u00e9ket. A visszat\u00e9r\u00edt\u00e9s j\u00f3v\u00e1hagy\u00e1s\u00e1r\u00f3l vagy elutas\u00edt\u00e1s\u00e1r\u00f3l is \u00e9rtes\u00edtj\u00fck \u00d6nt.<\/li>\n\n\n\n<li>Ha j\u00f3v\u00e1hagyj\u00e1k, akkor a visszat\u00e9r\u00edt\u00e9st feldolgozzuk, \u00e9s automatikusan j\u00f3v\u00e1\u00edrjuk a hitelk\u00e1rty\u00e1j\u00e1n vagy az eredeti fizet\u00e9si m\u00f3dj\u00e1n. A visszat\u00e9r\u00edt\u00e9st 2-7 munkanapon bel\u00fcl megkapja.&nbsp;&nbsp;<\/li>\n<\/ul>\n\n\n\n<p><strong>KIV\u00c9TELEK<\/strong><\/p>\n\n\n\n<p><br>NEM fogadjuk el a visszak\u00fcld\u00e9st, ha:<br><br>\u25cf A t\u00e9teleket m\u00e1r kinyitott\u00e1k \u00e9s haszn\u00e1lt\u00e1k.<\/p>\n\n\n\n<p>\u25cf Az \u00fcgyf\u00e9l hib\u00e1t k\u00f6vetett el az \u00e1ru megrendel\u00e9sekor, p\u00e9ld\u00e1ul (t\u00f6bbek k\u00f6z\u00f6tt, de nem kiz\u00e1r\u00f3lagosan) t\u00e9ves modellv\u00e1laszt\u00e1s, t\u00e9ves mennyis\u00e9gv\u00e1laszt\u00e1s, t\u00e9ved\u00e9s az \u00e1ru jelleg\u00e9ben.<\/p>\n\n\n\n<p><strong>Sz\u00e1ll\u00edt\u00e1s:<\/strong><\/p>\n\n\n\n<ul class=\"wp-block-list\">\n<li>A term\u00e9k visszak\u00fcld\u00e9s\u00e9hez l\u00e9pjen kapcsolatba vel\u00fcnk e-mailben, \u00e9s mi seg\u00edt\u00fcnk \u00d6nnek a k\u00f6vetkez\u0151 legjobb l\u00e9p\u00e9sekben.<\/li>\n<\/ul>\n\n\n\n<p>A term\u00e9k visszak\u00fcld\u00e9s\u00e9nek sz\u00e1ll\u00edt\u00e1si k\u00f6lts\u00e9geit \u00d6n maga viseli. A sz\u00e1ll\u00edt\u00e1si k\u00f6lts\u00e9gek nem visszat\u00e9r\u00edthet\u0151k.<br><br>Att\u00f3l f\u00fcgg\u0151en, hogy hol lakik, a csere term\u00e9k\u00e9nek eljut\u00e1si ideje elt\u00e9r\u0151 lehet.<br><br>For defective or damaged products,&nbsp;feel free to contact our customer support team at&nbsp;info@standify.org to&nbsp;arrange a refund or exchange.<\/p>","protected":false},"excerpt":{"rendered":"<p>CANCELLATIONS\/MODIFICATIONS &nbsp;We process our orders very quickly and unfortunately cannot typically make changes after an order has been placed. If<\/p>","protected":false},"author":1,"featured_media":0,"parent":0,"menu_order":0,"comment_status":"closed","ping_status":"closed","template":"","meta":{"footnotes":""},"class_list":["post-10856","page","type-page","status-publish","hentry"],"jetpack_sharing_enabled":true,"_links":{"self":[{"href":"https:\/\/standify.org\/hu\/wp-json\/wp\/v2\/pages\/10856","targetHints":{"allow":["GET"]}}],"collection":[{"href":"https:\/\/standify.org\/hu\/wp-json\/wp\/v2\/pages"}],"about":[{"href":"https:\/\/standify.org\/hu\/wp-json\/wp\/v2\/types\/page"}],"author":[{"embeddable":true,"href":"https:\/\/standify.org\/hu\/wp-json\/wp\/v2\/users\/1"}],"replies":[{"embeddable":true,"href":"https:\/\/standify.org\/hu\/wp-json\/wp\/v2\/comments?post=10856"}],"version-history":[{"count":0,"href":"https:\/\/standify.org\/hu\/wp-json\/wp\/v2\/pages\/10856\/revisions"}],"wp:attachment":[{"href":"https:\/\/standify.org\/hu\/wp-json\/wp\/v2\/media?parent=10856"}],"curies":[{"name":"wp","href":"https:\/\/api.w.org\/{rel}","templated":true}]}}