{"id":965,"date":"2024-02-28T13:13:24","date_gmt":"2024-02-28T13:13:24","guid":{"rendered":"https:\/\/standify.org\/?post_type=product&#038;p=965"},"modified":"2026-05-05T11:13:25","modified_gmt":"2026-05-05T01:13:25","slug":"dbz-premium-rgb-3mm-desk-pads-5-sizes","status":"publish","type":"product","link":"https:\/\/standify.org\/fr\/boutique\/dbz-premium-rgb-3mm-desk-pads-5-sizes\/","title":{"rendered":"DBZ Premium RGB 3mm Desk Pads - 19 Designs"},"content":{"rendered":"<p><img decoding=\"async\" src=\"https:\/\/cdn.shopify.com\/s\/files\/1\/0671\/5054\/5114\/files\/S018c21edb7a240aa8c1da772b569f841e_480x480.webp?v=1698503483\" alt=\"Standify Anime Dragon Ball Z figurines et Goku Support pour \u00e9couteurs\"><\/p>\n<p>Plongez dans une dimension o\u00f9 Dragon Ball Z converge avec une technologie in\u00e9gal\u00e9e. Nous vous pr\u00e9sentons nos tapis de souris DBZ Premium RGB, une force qui rendra tous les autres tapis de souris insignifiants !<\/p>\n<p><strong>Pourquoi il s'agit du bloc-notes \u00e0 poss\u00e9der<\/strong>: \ud83d\udd25\u00a0<strong>Designs DBZ in\u00e9gal\u00e9s<\/strong>: Choisissez parmi 19 designs personnalis\u00e9s de haute qualit\u00e9, uniques et \u00e0 couper le souffle. Plongez dans la puissance de Goku, la f\u00e9rocit\u00e9 de Vegeta et la magie de DBZ, et faites de votre bureau un lieu unique.<\/p>\n<p>\ud83c\udf0c\u00a0<strong>Brillance RVB<\/strong>: Votre bureau m\u00e9rite plus qu'une simple touche de couleur. D\u00e9couvrez la symphonie de l'\u00e9clairage LED RVB personnalisable, m\u00e9ticuleusement con\u00e7u pour donner le ton \u00e0 chaque humeur et \u00e0 chaque mouvement.<\/p>\n<p>\ud83d\uddb1\ufe0f\u00a0<strong>Le summum de la performance<\/strong>: Oubliez les tapis de souris plus fins et de qualit\u00e9 inf\u00e9rieure qui ne peuvent pas suivre. Avec une \u00e9paisseur de 3 mm, vous b\u00e9n\u00e9ficiez d'une glisse amortie \u00e0 chaque mouvement de la souris, que vous soyez en pleine partie de jeu ou au travail.<\/p>\n<p>\u2728\u00a0<strong>Mat\u00e9riau de premier choix<\/strong>: Fabriqu\u00e9 avec du caoutchouc de qualit\u00e9 sup\u00e9rieure, il ne s'agit pas seulement d'une question d'esth\u00e9tique. La base antid\u00e9rapante offre une stabilit\u00e9 et une r\u00e9silience dont les tampons de moindre qualit\u00e9 ne peuvent que r\u00eaver.<\/p>\n<p><strong>Des caract\u00e9ristiques in\u00e9gal\u00e9es<\/strong>:<\/p>\n<ul>\n<li><strong>Esth\u00e9tique sup\u00e9rieure du r\u00e9tro\u00e9clairage et des LED<\/strong>: Pourquoi se contenter de la banalit\u00e9 quand on peut illuminer ses s\u00e9ances ?<\/li>\n<li><strong>Accessoires de jeu essentiels<\/strong>: Il ne s'agit pas d'un simple tapis de souris, mais d'un changeur de jeu.<\/li>\n<li><strong>L'anime \u00e0 son meilleur<\/strong>: Affichez fi\u00e8rement votre go\u00fbt sup\u00e9rieur et votre fandom.<\/li>\n<li><strong>Taille et couverture optimales<\/strong>: Dites adieu aux limitations des tampons plus petits et plus glissants.<\/li>\n<\/ul>\n<p><strong>Tailles personnalis\u00e9es pour les champions<\/strong>:<\/p>\n<ol>\n<li>RVB 300x600x3mm<\/li>\n<li>RGB 300x700x3mm<\/li>\n<li>RGB 250x350x3mm<\/li>\n<li>RGB 300x800x3mm<\/li>\n<li>RGB 400x900x3mm<\/li>\n<\/ol>\n<p>Pourquoi \u00eatre ordinaire quand on peut acc\u00e9der \u00e0 l'\u00e9lite ? Avec le DBZ Premium RGB Desk Pad, vous ne vous contentez pas d'am\u00e9liorer votre installation, vous proclamez votre statut. Si vous vous contentez de moins, vous passez \u00e0 c\u00f4t\u00e9 de ce qui se fait de mieux. Saisissez le moment et laissez votre bureau rayonner d'une puissance in\u00e9gal\u00e9e ! \ud83c\udf1f\ud83d\udc09<\/p>","protected":false},"excerpt":{"rendered":"<p><strong>\u2b50 Super Plush<br \/>\n\ud83c\udfc6 Mat\u00e9riaux de haute qualit\u00e9<br \/>\n\ud83c\udf81 Cadeau \u00e9tonnant<\/strong><\/p>","protected":false},"featured_media":1061,"comment_status":"open","ping_status":"closed","template":"","meta":[],"product_brand":[],"product_cat":[641,16,28],"product_tag":[27,21,26],"class_list":{"0":"post-965","1":"product","2":"type-product","3":"status-publish","4":"has-post-thumbnail","6":"product_cat-dragon-ball-z-super-saiyan","7":"product_cat-standify","8":"product_cat-desk-pad","9":"product_tag-upsell","10":"product_tag-decoration","11":"product_tag-desk-pads","13":"first","14":"instock","15":"taxable","16":"shipping-taxable","17":"purchasable","18":"product-type-variable","19":"has-default-attributes"},"jetpack_sharing_enabled":true,"_links":{"self":[{"href":"https:\/\/standify.org\/fr\/wp-json\/wp\/v2\/product\/965","targetHints":{"allow":["GET"]}}],"collection":[{"href":"https:\/\/standify.org\/fr\/wp-json\/wp\/v2\/product"}],"about":[{"href":"https:\/\/standify.org\/fr\/wp-json\/wp\/v2\/types\/product"}],"replies":[{"embeddable":true,"href":"https:\/\/standify.org\/fr\/wp-json\/wp\/v2\/comments?post=965"}],"version-history":[{"count":1,"href":"https:\/\/standify.org\/fr\/wp-json\/wp\/v2\/product\/965\/revisions"}],"predecessor-version":[{"id":16446,"href":"https:\/\/standify.org\/fr\/wp-json\/wp\/v2\/product\/965\/revisions\/16446"}],"wp:featuredmedia":[{"embeddable":true,"href":"https:\/\/standify.org\/fr\/wp-json\/wp\/v2\/media\/1061"}],"wp:attachment":[{"href":"https:\/\/standify.org\/fr\/wp-json\/wp\/v2\/media?parent=965"}],"wp:term":[{"taxonomy":"product_brand","embeddable":true,"href":"https:\/\/standify.org\/fr\/wp-json\/wp\/v2\/product_brand?post=965"},{"taxonomy":"product_cat","embeddable":true,"href":"https:\/\/standify.org\/fr\/wp-json\/wp\/v2\/product_cat?post=965"},{"taxonomy":"product_tag","embeddable":true,"href":"https:\/\/standify.org\/fr\/wp-json\/wp\/v2\/product_tag?post=965"}],"curies":[{"name":"wp","href":"https:\/\/api.w.org\/{rel}","templated":true}]}}