{"id":464,"date":"2023-11-07T15:03:41","date_gmt":"2023-11-07T15:03:41","guid":{"rendered":"https:\/\/standify.org\/?product=controller-stand-zombie-hand"},"modified":"2025-12-17T03:35:32","modified_gmt":"2025-12-16T17:35:32","slug":"controller-stand-zombie-hand","status":"publish","type":"product","link":"https:\/\/standify.org\/fr\/boutique\/controller-stand-zombie-hand\/","title":{"rendered":"Contr\u00f4leur Stand Zombie Hand"},"content":{"rendered":"<p>Lib\u00e9rez les morts-vivants pour organiser votre mat\u00e9riel de jeu avec le Zombie Hand - le support ultime pour manettes et \u00e9couteurs qui promet de redonner vie \u00e0 votre station de jeu !<\/p>\n<p>\ud83c\udfae <strong>Porte-casque - Le gardien de votre \u00e9quipement<\/strong> Am\u00e9liorez votre jeu avec un support qui n'est pas seulement fonctionnel, mais aussi terriblement \u00e9l\u00e9gant. Il ne s'agit pas simplement d'un endroit o\u00f9 accrocher votre casque apr\u00e8s une session de jeu \u00e9puisante, c'est une d\u00e9claration. Un phare dans la nuit qui crie \"Bien jou\u00e9 !\". Laissez cette main de zombie surgir des profondeurs de votre bureau pour accueillir votre casque et le garder intact, d\u00e9m\u00eal\u00e9 et toujours \u00e0 port\u00e9e de main.<\/p>\n<p>\ud83c\udfa7 <strong>Controller Haven - L'emprise des morts-vivants<\/strong> Ne craignez rien, car ce support ne fait pas de discrimination ; c'est un d\u00e9tenteur d'\u00e9galit\u00e9 des chances. Que vous pr\u00eatiez all\u00e9geance \u00e0 la Xbox, \u00e0 la PlayStation ou \u00e0 la Switch, laissez cette main s'emparer de votre manette et la garder en l'air avec fiert\u00e9. Fabriqu\u00e9 en r\u00e9sine r\u00e9sistante et m\u00e9ticuleusement peint \u00e0 la main, ce support n'est pas seulement un support, c'est un troph\u00e9e qui t\u00e9moigne d'innombrables batailles et victoires. Il n'est pas seulement construit, il est forg\u00e9 pour l'\u00e9ternit\u00e9, promettant un soutien in\u00e9branlable \u00e0 vos outils de travail les plus nobles.<\/p>\n<p>\ud83c\udfae <strong>Support pour t\u00e9l\u00e9phone - Votre technologie, saisie par les morts<\/strong> Vous avez d\u00e9j\u00e0 pens\u00e9 que votre t\u00e9l\u00e9phone aurait besoin d'une touche macabre ? Ne cherchez plus. Ce support saisit votre appareil mobile avec les mains froides et mortes de l'apocalypse, garantissant que m\u00eame dans le feu de l'action, vous avez une vue claire de votre \u00e9cran. iPhone ou Samsung, Google ou tout autre - avec ou sans \u00e9tui - ce zombie ne juge pas. Il se contente de tenir... sans rel\u00e2che.<\/p>\n<p>\ud83c\udfa7 <strong>The Gift of the Grave - Unearthly Surprise for Gamers (en anglais)<\/strong> Vous cherchez le cadeau id\u00e9al pour \u00e9pater un passionn\u00e9 de jeux vid\u00e9o ? Le Zombie Hand est livr\u00e9 dans un emballage con\u00e7u avec autant de soin que le support lui-m\u00eame, ce qui garantit qu'il arrive de l'au-del\u00e0 \u00e0 votre porte dans un \u00e9tat impeccable. Avec ses dimensions de 17x27x18,5 cm, il est le support id\u00e9al pour les manettes officielles de la PS5, de la XBOX Series X|S et de la plupart des casques du march\u00e9.<\/p>\n<p>Osez ajouter une touche d'extraordinaire \u00e0 votre configuration avec cet accessoire de jeu unique. Chaque coup d'\u0153il \u00e0 la main de zombie vous rappellera que dans le monde des joueurs ordinaires, vous \u00eates le survivant, le dernier debout, l'envie de la horde.<\/p>","protected":false},"excerpt":{"rendered":"<p>Lib\u00e9rez les morts-vivants pour organiser votre mat\u00e9riel de jeu avec le Zombie Hand - le support ultime pour manettes et \u00e9couteurs qui<\/p>","protected":false},"featured_media":466,"comment_status":"open","ping_status":"closed","template":"","meta":[],"product_brand":[],"product_cat":[16,25],"product_tag":[24],"class_list":{"0":"post-464","1":"product","2":"type-product","3":"status-publish","4":"has-post-thumbnail","6":"product_cat-standify","7":"product_cat-controller-stand","8":"product_tag-controller-stand","10":"first","11":"instock","12":"sale","13":"taxable","14":"shipping-taxable","15":"purchasable","16":"product-type-simple"},"jetpack_sharing_enabled":true,"_links":{"self":[{"href":"https:\/\/standify.org\/fr\/wp-json\/wp\/v2\/product\/464","targetHints":{"allow":["GET"]}}],"collection":[{"href":"https:\/\/standify.org\/fr\/wp-json\/wp\/v2\/product"}],"about":[{"href":"https:\/\/standify.org\/fr\/wp-json\/wp\/v2\/types\/product"}],"replies":[{"embeddable":true,"href":"https:\/\/standify.org\/fr\/wp-json\/wp\/v2\/comments?post=464"}],"version-history":[{"count":0,"href":"https:\/\/standify.org\/fr\/wp-json\/wp\/v2\/product\/464\/revisions"}],"wp:featuredmedia":[{"embeddable":true,"href":"https:\/\/standify.org\/fr\/wp-json\/wp\/v2\/media\/466"}],"wp:attachment":[{"href":"https:\/\/standify.org\/fr\/wp-json\/wp\/v2\/media?parent=464"}],"wp:term":[{"taxonomy":"product_brand","embeddable":true,"href":"https:\/\/standify.org\/fr\/wp-json\/wp\/v2\/product_brand?post=464"},{"taxonomy":"product_cat","embeddable":true,"href":"https:\/\/standify.org\/fr\/wp-json\/wp\/v2\/product_cat?post=464"},{"taxonomy":"product_tag","embeddable":true,"href":"https:\/\/standify.org\/fr\/wp-json\/wp\/v2\/product_tag?post=464"}],"curies":[{"name":"wp","href":"https:\/\/api.w.org\/{rel}","templated":true}]}}