{"id":357,"date":"2024-03-07T12:25:12","date_gmt":"2024-03-07T12:25:12","guid":{"rendered":"https:\/\/standify.org\/?post_type=product&#038;p=357"},"modified":"2026-03-19T03:25:20","modified_gmt":"2026-03-18T17:25:20","slug":"47cm-vegeta-super-saiyan-action-figure","status":"publish","type":"product","link":"https:\/\/standify.org\/fr\/boutique\/47cm-vegeta-super-saiyan-action-figure\/","title":{"rendered":"Figurine Vegeta Super Saiyan 47 cm"},"content":{"rendered":"<div class=\"flex-1 overflow-hidden\">\n<div class=\"react-scroll-to-bottom--css-mmxkj-79elbk h-full\">\n<div class=\"react-scroll-to-bottom--css-mmxkj-1n7m0yu\">\n<div class=\"flex flex-col pb-9 text-sm\">\n<div class=\"w-full text-token-text-primary\" data-testid=\"conversation-turn-9\">\n<div class=\"px-4 py-2 justify-center text-base md:gap-6 m-auto\">\n<div class=\"flex flex-1 text-base mx-auto gap-3 md:px-5 lg:px-1 xl:px-5 md:max-w-3xl lg:max-w-[40rem] xl:max-w-[48rem] group final-completion\">\n<div class=\"relative flex w-full flex-col lg:w-[calc(100%-115px)] agent-turn\">\n<div class=\"flex-col gap-1 md:gap-3\">\n<div class=\"flex flex-grow flex-col max-w-full\">\n<div data-message-author-role=\"assistant\" data-message-id=\"68f1f10f-1241-497f-b340-8290e9eb8c32\" class=\"min-h-[20px] text-message flex flex-col items-start gap-3 whitespace-pre-wrap break-words [.text-message+&amp;]:mt-5 overflow-x-auto\">\n<div class=\"markdown prose w-full break-words dark:prose-invert dark\">\n<p>Dominez votre espace avec notre \u00e9pique figurine Vegeta de 47 cm, dot\u00e9e de trois postiches interchangeables pour pr\u00e9senter le prince Saiyan dans toute sa gloire !<\/p>\n<p>\ud83c\udf1f <strong>Bleu \u00e9lectrisant Evolution<\/strong> - Une crini\u00e8re d'un bleu saisissant symbolise la puissance divine de Vegeta. \ud83d\udc51 <strong>Cheveux noirs classiques<\/strong> - Le look original qui exsude le c\u00f4t\u00e9 royal et tactique de Vegeta. \ud83c\udf1f <strong>Super Saiyan L\u00e9gendaire Or<\/strong> - Une lueur dor\u00e9e qui annonce sa transformation embl\u00e9matique.<\/p>\n<p><strong>Faits marquants :<\/strong><\/p>\n<ul>\n<li>\ud83d\udccf <strong>Une stature massive<\/strong>: D'une hauteur de 47 cm, cette figurine est tr\u00e8s impressionnante.<\/li>\n<li>\ud83d\udc88 <strong>Styles polyvalents<\/strong>: Choisissez entre des cheveux bleus, noirs ou dor\u00e9s, en fonction de votre affichage.<\/li>\n<li>\ud83c\udfa8 <strong>Un savoir-faire d'expert<\/strong>: Les cicatrices de combat et les d\u00e9tails de l'armure donnent vie au personnage de Vegeta.<\/li>\n<li>\ud83d\udee1\ufe0f <strong>Construit pour durer<\/strong>: Mat\u00e9riaux de haute qualit\u00e9 pour la durabilit\u00e9 et la long\u00e9vit\u00e9.<\/li>\n<\/ul>\n<p>\ud83d\ude80 <strong>Exclusif Collectible<\/strong>: Quantit\u00e9s limit\u00e9es disponibles !<\/p>\n<p>\ud83d\uded2 \u00c9levez votre collection avec la puissance de Vegeta. Achetez le v\u00f4tre d\u00e8s maintenant !<\/p>\n<\/div>\n<\/div>\n<\/div>\n<div class=\"mt-1 flex justify-start gap-3 empty:hidden\">\n<div class=\"text-gray-400 flex self-end lg:self-center justify-center lg:justify-start mt-0 gap-1 visible\">\n<button class=\"flex items-center gap-1.5 rounded-md p-1 pl-0 text-xs hover:text-gray-950 dark:text-gray-400 dark:hover:text-gray-200 disabled:dark:hover:text-gray-400 md:invisible md:group-hover:visible md:group-[.final-completion]:visible\"><\/button><\/p>\n<div class=\"flex gap-1\">\n<button class=\"p-1 pl-0 rounded-md disabled:dark:hover:text-gray-400 dark:hover:text-gray-200 dark:text-gray-400 text-gray-400 hover:text-gray-950 md:invisible md:group-hover:visible md:group-[.final-completion]:visible\"><\/button><button class=\"p-1 pl-0 rounded-md disabled:dark:hover:text-gray-400 dark:hover:text-gray-200 dark:text-gray-400 text-gray-400 hover:text-gray-950 md:invisible md:group-hover:visible md:group-[.final-completion]:visible\"><\/button>\n<\/div>\n<div class=\"flex items-center gap-1.5 text-xs\">\n\n<\/div>\n<\/div>\n<\/div>\n<\/div>\n<\/div>\n<\/div>\n<\/div>\n<\/div>\n<\/div>\n<\/div>\n<\/div>\n<\/div>\n<div class=\"w-full pt-2 md:pt-0 dark:border-white\/20 md:border-transparent md:dark:border-transparent md:w-[calc(100%-.5rem)]\">\n<div class=\"relative flex h-full flex-1 items-stretch md:flex-col\">\n<div class=\"flex w-full items-center\"><\/div>\n<\/div>\n<\/div>","protected":false},"excerpt":{"rendered":"<p>Dominate your space with our epic 47cm Vegeta Figurine, featuring three interchangeable hairpieces to showcase the Saiyan prince in all<\/p>","protected":false},"featured_media":362,"comment_status":"open","ping_status":"closed","template":"","meta":[],"product_brand":[],"product_cat":[641,16],"product_tag":[],"class_list":{"0":"post-357","1":"product","2":"type-product","3":"status-publish","4":"has-post-thumbnail","6":"product_cat-dragon-ball-z-super-saiyan","7":"product_cat-standify","9":"first","10":"instock","11":"taxable","12":"shipping-taxable","13":"purchasable","14":"product-type-variable"},"jetpack_sharing_enabled":true,"_links":{"self":[{"href":"https:\/\/standify.org\/fr\/wp-json\/wp\/v2\/product\/357","targetHints":{"allow":["GET"]}}],"collection":[{"href":"https:\/\/standify.org\/fr\/wp-json\/wp\/v2\/product"}],"about":[{"href":"https:\/\/standify.org\/fr\/wp-json\/wp\/v2\/types\/product"}],"replies":[{"embeddable":true,"href":"https:\/\/standify.org\/fr\/wp-json\/wp\/v2\/comments?post=357"}],"version-history":[{"count":0,"href":"https:\/\/standify.org\/fr\/wp-json\/wp\/v2\/product\/357\/revisions"}],"wp:featuredmedia":[{"embeddable":true,"href":"https:\/\/standify.org\/fr\/wp-json\/wp\/v2\/media\/362"}],"wp:attachment":[{"href":"https:\/\/standify.org\/fr\/wp-json\/wp\/v2\/media?parent=357"}],"wp:term":[{"taxonomy":"product_brand","embeddable":true,"href":"https:\/\/standify.org\/fr\/wp-json\/wp\/v2\/product_brand?post=357"},{"taxonomy":"product_cat","embeddable":true,"href":"https:\/\/standify.org\/fr\/wp-json\/wp\/v2\/product_cat?post=357"},{"taxonomy":"product_tag","embeddable":true,"href":"https:\/\/standify.org\/fr\/wp-json\/wp\/v2\/product_tag?post=357"}],"curies":[{"name":"wp","href":"https:\/\/api.w.org\/{rel}","templated":true}]}}