{"id":320,"date":"2024-03-07T12:25:14","date_gmt":"2024-03-07T12:25:14","guid":{"rendered":"https:\/\/standify.org\/?post_type=product&#038;p=320"},"modified":"2025-11-08T14:21:42","modified_gmt":"2025-11-08T04:21:42","slug":"7-6cm-dbz-crystal-ball-anime-figure-1-2-3-4-5-6-7-star-shenron-wish-balls-cosplay-props-collectible-desktop-decoration-toys","status":"publish","type":"product","link":"https:\/\/standify.org\/fr\/boutique\/7-6cm-dbz-crystal-ball-anime-figure-1-2-3-4-5-6-7-star-shenron-wish-balls-cosplay-props-collectible-desktop-decoration-toys\/","title":{"rendered":"Boules de dragon en cristal de 3 pouces"},"content":{"rendered":"<p><strong>Lib\u00e9rez la puissance du dragon : 3\u2033 boules de dragon<\/strong><\/p>\n<p>\ud83d\udc09 Embarquez pour un voyage mystique avec nos boules de dragon en verre exclusives de 3\u2033. Fabriqu\u00e9es \u00e0 la perfection, ces boules convoquent l'essence des l\u00e9gendes anciennes jusque dans votre salon.<\/p>\n<p><strong>Caract\u00e9ristiques principales :<\/strong><\/p>\n<ul>\n<li>\ud83c\udf1f <strong>Qualit\u00e9 sup\u00e9rieure :<\/strong> Chaque boule est fabriqu\u00e9e avec du verre de haute qualit\u00e9 et durable pour une pr\u00e9sence mystique de longue dur\u00e9e.<\/li>\n<li>\u2728 <strong>Conception iconique :<\/strong> Teinte orange vibrante avec le motif classique de l'\u00e9toile rouge, disponible de une \u00e0 sept \u00e9toiles.<\/li>\n<li>\ud83d\udccf <strong>Taille parfaite :<\/strong> D'un diam\u00e8tre de 3 pouces, ils constituent un objet de collection id\u00e9al qui ne prend pas trop de place.<\/li>\n<\/ul>\n<p><strong>Avantages :<\/strong><\/p>\n<ul>\n<li>\ud83c\udf81 <strong>Id\u00e9al pour les cadeaux :<\/strong> Un must pour tous les passionn\u00e9s, id\u00e9al pour les anniversaires, les f\u00eates ou pour surprendre les fans de votre entourage.<\/li>\n<li>\ud83c\udfa8 <strong>Attrait d\u00e9coratif :<\/strong> Ajoute une touche de magie \u00e0 n'importe quelle pi\u00e8ce, \u00e9tag\u00e8re ou bureau.<\/li>\n<li>\ud83d\udcda <strong>Breloque de collection :<\/strong> Que vous cherchiez \u00e0 collectionner les sept boules ou simplement votre num\u00e9ro pr\u00e9f\u00e9r\u00e9, ces boules sont un ajout frappant \u00e0 tout ensemble.<\/li>\n<\/ul>\n<p><strong>Mode d'emploi :<\/strong><\/p>\n<ol>\n<li>Affichez-les fi\u00e8rement dans la bo\u00eete.<\/li>\n<li>Incorporez-les dans vos pratiques de m\u00e9ditation ou de pleine conscience.<\/li>\n<li>Utilisez-les comme presse-papiers ou ornements de bureau pour inspirer vos aventures quotidiennes.<\/li>\n<\/ol>\n<p>\u26a0\ufe0f <strong>A noter :<\/strong> M\u00eame si ces boules de dragon en verre n'invoquent pas un v\u00e9ritable dragon, elles ne manqueront pas de susciter un sentiment d'\u00e9merveillement et d'aventure chez tous ceux qui les verront.<\/p>","protected":false},"excerpt":{"rendered":"<p>Unleash the Power of the Dragon: 3&#8243; Dragon Balls \ud83d\udc09 Embark on a mystical journey with our exclusive 3&#8243; Glass<\/p>","protected":false},"featured_media":336,"comment_status":"open","ping_status":"closed","template":"","meta":[],"product_brand":[],"product_cat":[16,641,183],"product_tag":[],"class_list":{"0":"post-320","1":"product","2":"type-product","3":"status-publish","4":"has-post-thumbnail","6":"product_cat-standify","7":"product_cat-dragon-ball-z-super-saiyan","8":"product_cat-featured-items","10":"first","11":"instock","12":"taxable","13":"shipping-taxable","14":"purchasable","15":"product-type-variable"},"jetpack_sharing_enabled":true,"_links":{"self":[{"href":"https:\/\/standify.org\/fr\/wp-json\/wp\/v2\/product\/320","targetHints":{"allow":["GET"]}}],"collection":[{"href":"https:\/\/standify.org\/fr\/wp-json\/wp\/v2\/product"}],"about":[{"href":"https:\/\/standify.org\/fr\/wp-json\/wp\/v2\/types\/product"}],"replies":[{"embeddable":true,"href":"https:\/\/standify.org\/fr\/wp-json\/wp\/v2\/comments?post=320"}],"version-history":[{"count":0,"href":"https:\/\/standify.org\/fr\/wp-json\/wp\/v2\/product\/320\/revisions"}],"wp:featuredmedia":[{"embeddable":true,"href":"https:\/\/standify.org\/fr\/wp-json\/wp\/v2\/media\/336"}],"wp:attachment":[{"href":"https:\/\/standify.org\/fr\/wp-json\/wp\/v2\/media?parent=320"}],"wp:term":[{"taxonomy":"product_brand","embeddable":true,"href":"https:\/\/standify.org\/fr\/wp-json\/wp\/v2\/product_brand?post=320"},{"taxonomy":"product_cat","embeddable":true,"href":"https:\/\/standify.org\/fr\/wp-json\/wp\/v2\/product_cat?post=320"},{"taxonomy":"product_tag","embeddable":true,"href":"https:\/\/standify.org\/fr\/wp-json\/wp\/v2\/product_tag?post=320"}],"curies":[{"name":"wp","href":"https:\/\/api.w.org\/{rel}","templated":true}]}}