{"id":31887,"date":"2025-07-16T22:07:05","date_gmt":"2025-07-16T12:07:05","guid":{"rendered":"https:\/\/standify.org\/shop\/lapras-controller-stand\/"},"modified":"2025-09-18T01:19:25","modified_gmt":"2025-09-17T15:19:25","slug":"lapras-controller-stand","status":"publish","type":"product","link":"https:\/\/standify.org\/fr\/boutique\/lapras-controller-stand\/","title":{"rendered":"Support de contr\u00f4leur Lapras"},"content":{"rendered":"<p><em>Mettez le cap sur une organisation empreinte de nostalgie.<\/em><\/p>\n<p>Vous vous souvenez de l'\u00e9motion de glisser sur les eaux cristallines \u00e0 dos de Lapras ? Aujourd'hui, ce m\u00eame gentil g\u00e9ant est pr\u00eat \u00e0 prot\u00e9ger l'\u00e9l\u00e9ment indispensable \u00e0 toute qu\u00eate \u00e9pique : votre manette. Accrochez-la entre les batailles, gardez votre bureau \u00e0 l'abri des vagues et laissez chaque coup d'\u0153il vous rappeler pourquoi vous \u00eates tomb\u00e9 amoureux du jeu.<\/p>\n<p>Pourquoi les formateurs l'adorent<\/p>\n<ul>\n<li><strong>Berceau universel \u00e0 l'\u00e9preuve des oscillations<\/strong> - moul\u00e9 pour s'adapter \u00e0 la Switch Pro, PS5 DualSense, Xbox Series X|S et \u00e0 la plupart des pads tiers, sans aucun risque de basculement.<\/li>\n<li><strong>Pr\u00eat \u00e0 \u00eatre offert <\/strong>- suscite une joie instantan\u00e9e d\u00e8s qu'il est d\u00e9ball\u00e9.<\/li>\n<\/ul>\n<p>Con\u00e7u pour les joueurs, soutenu par les formateurs<\/p>\n<p>Nous avons con\u00e7u ce support pour les joueurs qui d\u00e9testent le d\u00e9sordre autant qu'ils aiment l'aventure. Le r\u00e9sultat ? Moins de d\u00e9sordre sur votre bureau, plus de fiert\u00e9 dans votre installation et un \u00e9merveillement quotidien de l'enfance. Si Lapras ne vous fait pas sourire \u00e0 chaque fois que vous vous asseyez pour jouer, vous \u00eates couvert par notre garantie de remboursement de 30 jours \u201cIndigo Plateau\u201d, sans aucune question.<\/p>\n<blockquote><p>\u201cIl a l'air incroyable sur ma battlestation et emp\u00eache enfin mon Pro Controller de rouler sur le sol. - Jess, Trainer v\u00e9rifi\u00e9 \u2b50\u2b50\u2b50\u2b50\u2b50<\/p><\/blockquote>\n<hr \/>\n<h3>\u26a1 Attrapez le v\u00f4tre avant qu'il ne disparaisse \u00e0 la nage<\/h3>\n<p>Il s'agit d'une petite s\u00e9rie fabriqu\u00e9e par des fans (non affili\u00e9s \u00e0 Nintendo) et chaque vague se vend rapidement. Ajouter <em>deux<\/em> \u00e0 votre panier et nous prendrons automatiquement <strong>10% off<\/strong>-afin que le joueur 2 ne se sente jamais d\u00e9laiss\u00e9.<\/p>\n<p><strong>Pr\u00eat \u00e0 ranger votre bureau et \u00e0 revivre la magie ?<\/strong><br \/>\nFrapper <strong>AJOUTER AU PANIER<\/strong> maintenant et laissez Lapras veiller sur votre prochaine aventure.<\/p>","protected":false},"excerpt":{"rendered":"<p>Mettez les voiles pour une organisation empreinte de nostalgie. Vous souvenez-vous du plaisir de glisser sur des eaux cristallines \u00e0 dos de Lapras ? Aujourd'hui, cette<\/p>","protected":false},"featured_media":31874,"comment_status":"open","ping_status":"closed","template":"","meta":[],"product_brand":[],"product_cat":[25],"product_tag":[21,24,413],"class_list":{"0":"post-31887","1":"product","2":"type-product","3":"status-publish","4":"has-post-thumbnail","6":"product_cat-controller-stand","7":"product_tag-decoration","8":"product_tag-controller-stand","9":"product_tag-pokemon","11":"first","12":"instock","13":"sale","14":"taxable","15":"shipping-taxable","16":"purchasable","17":"product-type-simple"},"jetpack_sharing_enabled":true,"_links":{"self":[{"href":"https:\/\/standify.org\/fr\/wp-json\/wp\/v2\/product\/31887","targetHints":{"allow":["GET"]}}],"collection":[{"href":"https:\/\/standify.org\/fr\/wp-json\/wp\/v2\/product"}],"about":[{"href":"https:\/\/standify.org\/fr\/wp-json\/wp\/v2\/types\/product"}],"replies":[{"embeddable":true,"href":"https:\/\/standify.org\/fr\/wp-json\/wp\/v2\/comments?post=31887"}],"version-history":[{"count":2,"href":"https:\/\/standify.org\/fr\/wp-json\/wp\/v2\/product\/31887\/revisions"}],"predecessor-version":[{"id":32807,"href":"https:\/\/standify.org\/fr\/wp-json\/wp\/v2\/product\/31887\/revisions\/32807"}],"wp:featuredmedia":[{"embeddable":true,"href":"https:\/\/standify.org\/fr\/wp-json\/wp\/v2\/media\/31874"}],"wp:attachment":[{"href":"https:\/\/standify.org\/fr\/wp-json\/wp\/v2\/media?parent=31887"}],"wp:term":[{"taxonomy":"product_brand","embeddable":true,"href":"https:\/\/standify.org\/fr\/wp-json\/wp\/v2\/product_brand?post=31887"},{"taxonomy":"product_cat","embeddable":true,"href":"https:\/\/standify.org\/fr\/wp-json\/wp\/v2\/product_cat?post=31887"},{"taxonomy":"product_tag","embeddable":true,"href":"https:\/\/standify.org\/fr\/wp-json\/wp\/v2\/product_tag?post=31887"}],"curies":[{"name":"wp","href":"https:\/\/api.w.org\/{rel}","templated":true}]}}