{"id":268,"date":"2024-03-07T12:25:18","date_gmt":"2024-03-07T12:25:18","guid":{"rendered":"https:\/\/standify.org\/?post_type=product&#038;p=268"},"modified":"2026-04-18T05:57:47","modified_gmt":"2026-04-17T19:57:47","slug":"24cm-anime-dragon-ball-super-saiyan-son-goku-kakarotto-spirit-bomb-action-figure-pvc-model-collection-toys-gift","status":"publish","type":"product","link":"https:\/\/standify.org\/fr\/boutique\/24cm-anime-dragon-ball-super-saiyan-son-goku-kakarotto-spirit-bomb-action-figure-pvc-model-collection-toys-gift\/","title":{"rendered":"Support d'\u00e9couteurs GOKU 25cm"},"content":{"rendered":"<p class=\"whitespace-pre-wrap break-words\">\ud83c\udf1f <strong>LE MEILLEUR CADEAU QUE VOUS PUISSIEZ OFFRIR<\/strong> \ud83c\udf1f<\/p>\n<p class=\"whitespace-pre-wrap break-words\">Procurez-vous notre support pour casque d'\u00e9coute Goku de Dragon Ball ! Il est id\u00e9al pour les fans de la s\u00e9rie. Ce support tient vos \u00e9couteurs et ressemble \u00e0 Goku. Il est parfait pour donner un air cool \u00e0 votre bureau.<\/p>\n<p class=\"whitespace-pre-wrap break-words\"><strong>TAILLE :<\/strong> 25 cm de haut, comme Goku. <strong>BASE :<\/strong> Livr\u00e9 avec deux supports - une chevill\u00e8re orange et un support en cristal pour un soutien suppl\u00e9mentaire.<\/p>\n<p class=\"whitespace-pre-wrap break-words\"><strong>CE QU'IL Y A DE BIEN<\/strong>:<\/p>\n<p class=\"whitespace-pre-wrap break-words\">\u2728 <strong>BIEN FAIT<\/strong>: Fabriqu\u00e9 en plastique PVC solide, il dure longtemps.<br \/>\n\u2600\ufe0f <strong>RESSEMBLE \u00c0 GOKU<\/strong>: Montre Goku dans sa c\u00e9l\u00e8bre pose de puissance.<br \/>\n\ud83d\udc09 <strong>ID\u00c9AL POUR LES COLLECTIONNEURS<\/strong>: Parfait si vous aimez les trucs de Dragon Ball.<br \/>\n\ud83d\udd25 <strong>LOOKS COOL<\/strong>: Donne \u00e0 votre bureau ou \u00e0 votre espace de jeu une allure impressionnante.<\/p>\n<p class=\"whitespace-pre-wrap break-words\">\ud83c\udfa7 <strong>POURQUOI VOUS AVEZ BESOIN DE CE SUPPORT POUR CASQUE D'\u00c9COUTE GOKU<\/strong> \ud83c\udfa7<\/p>\n<ul class=\"-mt-1 list-disc space-y-2 pl-8\">\n<li class=\"whitespace-normal break-words\"><strong>Conception unique<\/strong>: Donne un aspect cool \u00e0 votre bureau.<\/li>\n<li class=\"whitespace-normal break-words\"><strong>Utile<\/strong>: Garde vos \u00e9couteurs en s\u00e9curit\u00e9 et faciles \u00e0 atteindre.<\/li>\n<li class=\"whitespace-normal break-words\"><strong>Superbe cadeau<\/strong>: Parfait pour les personnes qui aiment les jeux et Dragon Ball Z.<\/li>\n<\/ul>\n<p class=\"whitespace-pre-wrap break-words\">\ud83d\udea8 <strong>IL N'EN RESTE PAS BEAUCOUP !<\/strong> \ud83d\udea8 Beaucoup de gens le veulent, alors achetez-le vite !<\/p>\n<p class=\"whitespace-pre-wrap break-words\">\ud83d\udca5 <strong>RENDRE VOTRE BUREAU G\u00c9NIAL<\/strong> \ud83d\udca5 Achetez maintenant et laissez Goku prendre soin de vos \u00e9couteurs ! \ud83d\udc09\ud83c\udfa7<\/p>\n<p><strong>Livraison rapide | Satisfaction garantie | Paiement s\u00e9curis\u00e9<\/strong><\/p>\n<div style=\"font-size: 8px;\">Tags : DBZ Goku, Support casque Dragon Ball Z, Support casque, Support casque DBZ, Support casque Super Saiyan, Anime, Dragon Ball Super, Support casque Turtle Beach, Support casque Steel Series, Corsair Headphones, standify epic anime accessories, support casque et contr\u00f4leur<\/div>","protected":false},"excerpt":{"rendered":"<p><strong>\ud83c\udf81 Le meilleur cadeau que vous puissiez offrir !<\/strong><br \/>\n<strong>\ud83d\ude32 Envy Guaranteed<br \/>\n\ud83c\udfc6 Haute qualit\u00e9<\/strong><br \/>\n<strong>\ud83d\ude9a Livraison rapide et gratuite<br \/>\n<\/strong><\/p>","protected":false},"featured_media":10904,"comment_status":"open","ping_status":"closed","template":"","meta":[],"product_brand":[],"product_cat":[641,16,18],"product_tag":[21,143,17],"class_list":{"0":"post-268","1":"product","2":"type-product","3":"status-publish","4":"has-post-thumbnail","6":"product_cat-dragon-ball-z-super-saiyan","7":"product_cat-standify","8":"product_cat-action-figure","9":"product_tag-decoration","10":"product_tag-dbz","11":"product_tag-figurine","13":"first","14":"instock","15":"sale","16":"featured","17":"taxable","18":"shipping-taxable","19":"purchasable","20":"product-type-variable","21":"has-default-attributes"},"jetpack_sharing_enabled":true,"_links":{"self":[{"href":"https:\/\/standify.org\/fr\/wp-json\/wp\/v2\/product\/268","targetHints":{"allow":["GET"]}}],"collection":[{"href":"https:\/\/standify.org\/fr\/wp-json\/wp\/v2\/product"}],"about":[{"href":"https:\/\/standify.org\/fr\/wp-json\/wp\/v2\/types\/product"}],"replies":[{"embeddable":true,"href":"https:\/\/standify.org\/fr\/wp-json\/wp\/v2\/comments?post=268"}],"version-history":[{"count":8,"href":"https:\/\/standify.org\/fr\/wp-json\/wp\/v2\/product\/268\/revisions"}],"predecessor-version":[{"id":16440,"href":"https:\/\/standify.org\/fr\/wp-json\/wp\/v2\/product\/268\/revisions\/16440"}],"wp:featuredmedia":[{"embeddable":true,"href":"https:\/\/standify.org\/fr\/wp-json\/wp\/v2\/media\/10904"}],"wp:attachment":[{"href":"https:\/\/standify.org\/fr\/wp-json\/wp\/v2\/media?parent=268"}],"wp:term":[{"taxonomy":"product_brand","embeddable":true,"href":"https:\/\/standify.org\/fr\/wp-json\/wp\/v2\/product_brand?post=268"},{"taxonomy":"product_cat","embeddable":true,"href":"https:\/\/standify.org\/fr\/wp-json\/wp\/v2\/product_cat?post=268"},{"taxonomy":"product_tag","embeddable":true,"href":"https:\/\/standify.org\/fr\/wp-json\/wp\/v2\/product_tag?post=268"}],"curies":[{"name":"wp","href":"https:\/\/api.w.org\/{rel}","templated":true}]}}