{"id":230,"date":"2023-12-17T15:37:38","date_gmt":"2023-12-17T15:37:38","guid":{"rendered":"https:\/\/standify.org\/?product=2024-orange-sneakers"},"modified":"2025-12-15T03:32:21","modified_gmt":"2025-12-14T17:32:21","slug":"2024-dbz-sneakers","status":"publish","type":"product","link":"https:\/\/standify.org\/fr\/boutique\/2024-dbz-sneakers\/","title":{"rendered":"2026 Baskets orange"},"content":{"rendered":"<p data-mce-fragment=\"1\">Lib\u00e8re le Saiyan qui sommeille en toi avec ces baskets \u00e9piques \ud83d\udc5f ! Entrez dans la peau de votre h\u00e9ros, litt\u00e9ralement, avec ces chaussures puissantes con\u00e7ues pour les fans d'anime les plus exigeants. Choisissez votre aura de guerrier avec trois couleurs \u00e9lectrisantes :<\/p>\n<p data-mce-fragment=\"1\">\ud83d\udd25 Orange - Aussi ardent que l'esprit d'un guerrier !<br \/>\n\ud83c\udf1f White - Aussi pur que le c\u0153ur de notre h\u00e9ros !<br \/>\n\u26ab Noir - Aussi intense que sa d\u00e9termination !<\/p>\n<p data-mce-fragment=\"1\">Liste des caract\u00e9ristiques :<\/p>\n<ul data-mce-fragment=\"1\">\n<li data-mce-fragment=\"1\"><strong data-mce-fragment=\"1\">Ajustement ultra-confortable :<\/strong> Con\u00e7u pour les longues batailles (ou le confort d'une journ\u00e9e) !<\/li>\n<li data-mce-fragment=\"1\"><strong data-mce-fragment=\"1\">Puissance instantan\u00e9e :<\/strong> Conception facile \u00e0 enfiler avec des lacets \u00e9lastiques pour un coup de pouce rapide.<\/li>\n<li data-mce-fragment=\"1\"><strong data-mce-fragment=\"1\">Mati\u00e8re durable du dragon :<\/strong> Con\u00e7u pour r\u00e9sister aux s\u00e9ances d'entra\u00eenement les plus difficiles.<\/li>\n<li data-mce-fragment=\"1\"><strong data-mce-fragment=\"1\">Conception iconique :<\/strong> Comprend un embl\u00e8me pour canaliser le Z Fighter qui sommeille en vous.<\/li>\n<\/ul>\n<p data-mce-fragment=\"1\">Que tu ailles \u00e0 la salle de sport, dans la rue ou que tu te d\u00e9tendes \u00e0 Kame House, ces baskets sont le m\u00e9lange parfait de style, de confort et de fandom. Ajoutez-les \u00e0 votre collection et soyez pr\u00eat \u00e0 devenir Saiyan \u00e0 tout moment ! \ud83d\udc09<\/p>\n<p data-mce-fragment=\"1\">Les tailles sont limit\u00e9es et les fans se pr\u00e9cipitent pour se les procurer. N'attendez pas le prochain \u00e9pisode ; attrapez vos sneakers d\u00e8s aujourd'hui et partez \u00e0 la conqu\u00eate de votre monde avec la confiance d'un h\u00e9ros ! \ud83c\udf0d\u2728<\/p>","protected":false},"excerpt":{"rendered":"<p>Unleash your inner Saiyan with these epic Sneakers \ud83d\udc5f! Step into your heroes shoes, quite literally, with these power-packed kicks<\/p>","protected":false},"featured_media":252,"comment_status":"open","ping_status":"closed","template":"","meta":[],"product_brand":[],"product_cat":[641,16,20],"product_tag":[19],"class_list":{"0":"post-230","1":"product","2":"type-product","3":"status-publish","4":"has-post-thumbnail","6":"product_cat-dragon-ball-z-super-saiyan","7":"product_cat-standify","8":"product_cat-apparel","9":"product_tag-clothing","11":"first","12":"instock","13":"taxable","14":"shipping-taxable","15":"purchasable","16":"product-type-variable","17":"has-default-attributes"},"jetpack_sharing_enabled":true,"_links":{"self":[{"href":"https:\/\/standify.org\/fr\/wp-json\/wp\/v2\/product\/230","targetHints":{"allow":["GET"]}}],"collection":[{"href":"https:\/\/standify.org\/fr\/wp-json\/wp\/v2\/product"}],"about":[{"href":"https:\/\/standify.org\/fr\/wp-json\/wp\/v2\/types\/product"}],"replies":[{"embeddable":true,"href":"https:\/\/standify.org\/fr\/wp-json\/wp\/v2\/comments?post=230"}],"version-history":[{"count":2,"href":"https:\/\/standify.org\/fr\/wp-json\/wp\/v2\/product\/230\/revisions"}],"predecessor-version":[{"id":36689,"href":"https:\/\/standify.org\/fr\/wp-json\/wp\/v2\/product\/230\/revisions\/36689"}],"wp:featuredmedia":[{"embeddable":true,"href":"https:\/\/standify.org\/fr\/wp-json\/wp\/v2\/media\/252"}],"wp:attachment":[{"href":"https:\/\/standify.org\/fr\/wp-json\/wp\/v2\/media?parent=230"}],"wp:term":[{"taxonomy":"product_brand","embeddable":true,"href":"https:\/\/standify.org\/fr\/wp-json\/wp\/v2\/product_brand?post=230"},{"taxonomy":"product_cat","embeddable":true,"href":"https:\/\/standify.org\/fr\/wp-json\/wp\/v2\/product_cat?post=230"},{"taxonomy":"product_tag","embeddable":true,"href":"https:\/\/standify.org\/fr\/wp-json\/wp\/v2\/product_tag?post=230"}],"curies":[{"name":"wp","href":"https:\/\/api.w.org\/{rel}","templated":true}]}}