{"id":17546,"date":"2024-11-05T01:02:26","date_gmt":"2024-11-04T15:02:26","guid":{"rendered":"https:\/\/standify.org\/shop\/dbz-printed-drawstring-backpack-bag\/"},"modified":"2024-12-25T23:20:51","modified_gmt":"2024-12-25T13:20:51","slug":"dbz-printed-drawstring-backpack-bag","status":"publish","type":"product","link":"https:\/\/standify.org\/fr\/boutique\/dbz-printed-drawstring-backpack-bag\/","title":{"rendered":"Sac \u00e0 dos \u00e0 cordon imprim\u00e9 DBZ"},"content":{"rendered":"<p><strong>Sac \u00e0 dos \u00e0 cordon imprim\u00e9 Dragon Ball Z \ud83d\udd25 Sac \u00e0 dos \ud83d\udd25<\/strong><\/p>\n<p>Lib\u00e9rez le Saiyan qui sommeille en vous avec ce jeu \u00e9pique. <em>Dragon Ball Z<\/em> sac \u00e0 dos \u00e0 cordon de serrage ! \ud83c\udf0c Parfait pour les fans qui veulent transporter le pouvoir de Goku, Vegeta et de l'\u00e9quipe DBZ partout o\u00f9 ils vont. Ce sac n'est pas seulement fonctionnel - c'est une d\u00e9claration audacieuse pour tout amateur d'anime. \ud83c\udf92<\/p>\n<ul>\n<li><strong>\u26a1 Artwork DBZ en gras<\/strong>: Des graphismes \u00e9poustouflants avec des transformations de Super Saiyan et des sc\u00e8nes d'action intenses qui font tourner les t\u00eates.<\/li>\n<li><strong>\ud83d\udcaa L\u00e9ger et durable<\/strong>: Fabriqu\u00e9 \u00e0 partir d'un mat\u00e9riau de haute qualit\u00e9 et r\u00e9sistant pour faire face \u00e0 toutes vos aventures.<\/li>\n<li><strong>Fermeture facile par cordon de serrage<\/strong>: La conception simple de l'ouverture et de la fermeture permet d'acc\u00e9der rapidement \u00e0 votre mat\u00e9riel.<\/li>\n<li><strong>\ud83c\udf1f Utilisation polyvalente<\/strong>: Id\u00e9al pour l'\u00e9cole, la salle de sport, les voyages, ou simplement pour montrer votre amour de la vie. <em>Dragon Ball Z<\/em>.<\/li>\n<\/ul>\n<p><strong>\ud83d\udca5 GET YOURS TODAY !<\/strong> Emportez l'esprit Saiyan avec vous o\u00f9 que vous alliez ! \ud83d\udc09\u2728<\/p>","protected":false},"excerpt":{"rendered":"<p>Sac \u00e0 dos \u00e0 cordon imprim\u00e9 Dragon Ball Z \ud83d\udd25 Lib\u00e8re le Saiyan qui sommeille en toi gr\u00e2ce \u00e0 ce cordon \u00e9pique Dragon Ball Z.<\/p>","protected":false},"featured_media":17539,"comment_status":"open","ping_status":"closed","template":"","meta":[],"product_brand":[],"product_cat":[641,20],"product_tag":[143],"class_list":{"0":"post-17546","1":"product","2":"type-product","3":"status-publish","4":"has-post-thumbnail","6":"product_cat-dragon-ball-z-super-saiyan","7":"product_cat-apparel","8":"product_tag-dbz","10":"first","11":"instock","12":"sale","13":"taxable","14":"shipping-taxable","15":"purchasable","16":"product-type-variable"},"jetpack_sharing_enabled":true,"_links":{"self":[{"href":"https:\/\/standify.org\/fr\/wp-json\/wp\/v2\/product\/17546","targetHints":{"allow":["GET"]}}],"collection":[{"href":"https:\/\/standify.org\/fr\/wp-json\/wp\/v2\/product"}],"about":[{"href":"https:\/\/standify.org\/fr\/wp-json\/wp\/v2\/types\/product"}],"replies":[{"embeddable":true,"href":"https:\/\/standify.org\/fr\/wp-json\/wp\/v2\/comments?post=17546"}],"version-history":[{"count":1,"href":"https:\/\/standify.org\/fr\/wp-json\/wp\/v2\/product\/17546\/revisions"}],"predecessor-version":[{"id":17878,"href":"https:\/\/standify.org\/fr\/wp-json\/wp\/v2\/product\/17546\/revisions\/17878"}],"wp:featuredmedia":[{"embeddable":true,"href":"https:\/\/standify.org\/fr\/wp-json\/wp\/v2\/media\/17539"}],"wp:attachment":[{"href":"https:\/\/standify.org\/fr\/wp-json\/wp\/v2\/media?parent=17546"}],"wp:term":[{"taxonomy":"product_brand","embeddable":true,"href":"https:\/\/standify.org\/fr\/wp-json\/wp\/v2\/product_brand?post=17546"},{"taxonomy":"product_cat","embeddable":true,"href":"https:\/\/standify.org\/fr\/wp-json\/wp\/v2\/product_cat?post=17546"},{"taxonomy":"product_tag","embeddable":true,"href":"https:\/\/standify.org\/fr\/wp-json\/wp\/v2\/product_tag?post=17546"}],"curies":[{"name":"wp","href":"https:\/\/api.w.org\/{rel}","templated":true}]}}