{"id":1696,"date":"2024-02-28T23:11:57","date_gmt":"2024-02-28T13:11:57","guid":{"rendered":"https:\/\/standify.org\/?post_type=product&#038;p=1696"},"modified":"2024-12-25T14:13:10","modified_gmt":"2024-12-25T04:13:10","slug":"anime-sonic-figure-hedgehog-phone-holder-switch-ps4-ps5-xbox-game-controller-holder-action-figure-model-toys-children-fans-gift","status":"publish","type":"product","link":"https:\/\/standify.org\/fr\/boutique\/anime-sonic-figure-hedgehog-phone-holder-switch-ps4-ps5-xbox-game-controller-holder-action-figure-model-toys-children-fans-gift\/","title":{"rendered":"Support pour manette Sonic The Hedgehog"},"content":{"rendered":"<p>Rehaussez votre station de jeu ou votre espace de travail avec une touche de nostalgie du jeu. Notre support pour t\u00e9l\u00e9phone et manette Sonic The Hedgehog n'est pas un simple support, c'est une d\u00e9claration de votre passion, un sujet de conversation et une pi\u00e8ce d'apparat.<\/p>\n<p><strong>\ud83c\udf1f Pourquoi choisir le support pour manette de jeu Sonic ?<\/strong><br \/>\n<strong><span data-mce-fragment=\"1\">\ud83d\udc4c\u00a0<\/span>Fabrication de haute qualit\u00e9 :<\/strong> Fabriqu\u00e9 avec la plus grande attention aux d\u00e9tails, il est forg\u00e9 \u00e0 partir d'un mat\u00e9riau PVC de premi\u00e8re qualit\u00e9, garantissant une durabilit\u00e9 qui r\u00e9siste \u00e0 l'\u00e9preuve du temps.<br \/>\n<strong><span data-mce-fragment=\"1\">\ud83e\udd94\u00a0<\/span>Pose dynamique embl\u00e9matique de l'\u00e9crasement :<\/strong> Sonic entre en action les mains tendues, pr\u00eat \u00e0 prot\u00e9ger votre t\u00e9l\u00e9phone ou votre manette contre les obstacles de la vie r\u00e9elle.<br \/>\n<strong><span data-mce-fragment=\"1\">\ud83d\udc8e\u00a0<\/span>Solide et digne de confiance :<\/strong> Gr\u00e2ce \u00e0 sa base solide, vous \u00eates assur\u00e9 que vos biens les plus pr\u00e9cieux resteront bien en place, sans vaciller ni faire de faux pas.<br \/>\n<strong><span data-mce-fragment=\"1\">\ud83c\udf81\u00a0<\/span>Pour le fan ultime :<\/strong> Ce n'est pas seulement un support, c'est un clin d'\u0153il \u00e0 un classique. Que vous collectionniez des souvenirs de Sonic ou que vous commenciez \u00e0 peine, il s'agit d'une pi\u00e8ce essentielle que vous ne voudrez pas manquer.<br \/>\n<strong><span data-mce-fragment=\"1\">\ud83c\udfae\u00a0<\/span>Polyvalent et multifonctionnel :<\/strong> Au-del\u00e0 de son aspect \u00e9blouissant, il est \u00e0 double usage. Mettez-le en valeur en tant que pi\u00e8ce d\u00e9corative ou utilisez sa fonctionnalit\u00e9 pour tenir votre manette ou votre t\u00e9l\u00e9phone.<\/p>\n<p><strong>Sp\u00e9cifications :<\/strong><\/p>\n<ul>\n<li><strong>Taille :<\/strong> 18 cm de pure nostalgie iconique !<\/li>\n<li><strong>Mat\u00e9riau :<\/strong> PVC de premi\u00e8re qualit\u00e9<\/li>\n<li><strong>Conception :<\/strong> Double usage - Un support fonctionnel qui se double d'un chef-d'\u0153uvre d\u00e9coratif !<\/li>\n<\/ul>\n<p>Ne laissez pas cette vitesse vous d\u00e9passer. Ajoutez une touche de l'univers Sonic \u00e0 votre espace d\u00e8s aujourd'hui. Que ce soit pour jouer ou pour exposer, le support pour t\u00e9l\u00e9phone et manette Sonic The Hedgehog est la mise \u00e0 jour que vous attendiez. \ud83c\udf00\ud83c\udfae <em>Prenez le v\u00f4tre d\u00e8s maintenant !<\/em><\/p>\n<div class=\"detailmodule_html\">\n<div class=\"detail-desc-decorate-richtext\"><\/div>\n<\/div>","protected":false},"excerpt":{"rendered":"<p>Rehaussez votre station de jeu ou votre espace de travail avec une touche de nostalgie du jeu. Notre t\u00e9l\u00e9phone et notre manette Sonic The Hedgehog<\/p>","protected":false},"featured_media":10932,"comment_status":"open","ping_status":"closed","template":"","meta":[],"product_brand":[],"product_cat":[16,25],"product_tag":[22,24],"class_list":{"0":"post-1696","1":"product","2":"type-product","3":"status-publish","4":"has-post-thumbnail","6":"product_cat-standify","7":"product_cat-controller-stand","8":"product_tag-for-her","9":"product_tag-controller-stand","11":"first","12":"instock","13":"sale","14":"taxable","15":"shipping-taxable","16":"purchasable","17":"product-type-simple"},"jetpack_sharing_enabled":true,"_links":{"self":[{"href":"https:\/\/standify.org\/fr\/wp-json\/wp\/v2\/product\/1696","targetHints":{"allow":["GET"]}}],"collection":[{"href":"https:\/\/standify.org\/fr\/wp-json\/wp\/v2\/product"}],"about":[{"href":"https:\/\/standify.org\/fr\/wp-json\/wp\/v2\/types\/product"}],"replies":[{"embeddable":true,"href":"https:\/\/standify.org\/fr\/wp-json\/wp\/v2\/comments?post=1696"}],"version-history":[{"count":1,"href":"https:\/\/standify.org\/fr\/wp-json\/wp\/v2\/product\/1696\/revisions"}],"predecessor-version":[{"id":21971,"href":"https:\/\/standify.org\/fr\/wp-json\/wp\/v2\/product\/1696\/revisions\/21971"}],"wp:featuredmedia":[{"embeddable":true,"href":"https:\/\/standify.org\/fr\/wp-json\/wp\/v2\/media\/10932"}],"wp:attachment":[{"href":"https:\/\/standify.org\/fr\/wp-json\/wp\/v2\/media?parent=1696"}],"wp:term":[{"taxonomy":"product_brand","embeddable":true,"href":"https:\/\/standify.org\/fr\/wp-json\/wp\/v2\/product_brand?post=1696"},{"taxonomy":"product_cat","embeddable":true,"href":"https:\/\/standify.org\/fr\/wp-json\/wp\/v2\/product_cat?post=1696"},{"taxonomy":"product_tag","embeddable":true,"href":"https:\/\/standify.org\/fr\/wp-json\/wp\/v2\/product_tag?post=1696"}],"curies":[{"name":"wp","href":"https:\/\/api.w.org\/{rel}","templated":true}]}}