{"id":16876,"date":"2024-10-16T22:44:53","date_gmt":"2024-10-16T12:44:53","guid":{"rendered":"https:\/\/standify.org\/shop\/luffys-gear-power-masterpiece-figurine-15cm\/"},"modified":"2026-03-02T10:19:39","modified_gmt":"2026-03-02T00:19:39","slug":"luffys-gear-power-masterpiece-figurine-15cm","status":"publish","type":"product","link":"https:\/\/standify.org\/fr\/boutique\/luffys-gear-power-masterpiece-figurine-15cm\/","title":{"rendered":"Luffy's Gear Power Masterpiece Figurine (15cm)"},"content":{"rendered":"<p>\ud83c\udf1f Appel \u00e0 tous les fans de One Piece ! \ud83c\udf1f<\/p>\n<p>Le pr\u00e9sent <strong>\ud83d\udd25 Luffy's Gear Power Masterpiece (15cm) \ud83c\udff4\u200d\u2620\ufe0f<\/strong> C'est l'occasion d'amener le l\u00e9gendaire <em>Capitaine au chapeau de paille<\/em> \u00e0 la vie sur votre \u00e9tag\u00e8re ! D'une taille id\u00e9ale de 15 cm, cette figurine est parfaite pour tous les fans qui souhaitent une pi\u00e8ce d'exposition compacte mais percutante. Fabriqu\u00e9e avec des d\u00e9tails \u00e9poustouflants, elle repr\u00e9sente Monkey D. Luffy en pleine action, brandissant sa puissance ardente et son chapeau de paille caract\u00e9ristique !<\/p>\n<p><strong>Pourquoi vous avez besoin de ce chef-d'\u0153uvre :<\/strong><\/p>\n<ul>\n<li>\ud83c\udff4\u200d\u2620\ufe0f <strong>Conception \u00e9pique<\/strong> - Luffy au complet <em>Mode d'engrenage<\/em>avec des effets de feu et de fum\u00e9e r\u00e9alistes !<\/li>\n<li>\ud83d\udca5 <strong>Une pose pleine d'action<\/strong> - Ressentez l'\u00e9nergie de Luffy qui s'\u00e9lance dans la bataille, pr\u00eat \u00e0 lib\u00e9rer sa puissance.<\/li>\n<li>\ud83c\udfa8 <strong>Un savoir-faire incroyable<\/strong> - Chaque d\u00e9tail, de son expression d\u00e9termin\u00e9e \u00e0 sa tenue embl\u00e9matique, est parfaitement recr\u00e9\u00e9.<\/li>\n<li>\ud83d\udccf <strong>Taille parfaite (15cm)<\/strong> - De la bonne taille pour tenir sur votre bureau ou votre \u00e9tag\u00e8re, il est \u00e0 la fois compact et remarquable !<\/li>\n<li>\ud83c\udfc6 <strong>Rejoindre l'\u00e9quipe<\/strong> - Plus de <em>10 000 fans satisfaits<\/em> ont fait de Luffy leur pi\u00e8ce ma\u00eetresse ! Vous joindrez-vous \u00e0 eux ?<\/li>\n<\/ul>\n<p>Ne manquez pas cette occasion ! Ajouter <strong>\ud83d\udd25 Luffy's Gear Power Masterpiece (15cm) \ud83c\udff4\u200d\u2620\ufe0f<\/strong> \u00e0 votre collection et montrez votre fiert\u00e9 pour One Piece.<\/p>\n<p><strong>Stock limit\u00e9 disponible - attrapez le v\u00f4tre maintenant avant qu'il ne disparaisse ! \ud83c\udfc3\u200d\u2642\ufe0f\ud83d\udca8<\/strong><\/p>","protected":false},"excerpt":{"rendered":"<p>Appel \u00e0 tous les fans de One Piece ! \ud83c\udf1f Ce \ud83d\udd25 Luffy's Gear Power Masterpiece (15cm) \ud83c\udff4\u200d\u2620\ufe0f est votre chance d'apporter<\/p>","protected":false},"featured_media":16805,"comment_status":"open","ping_status":"closed","template":"","meta":[],"product_brand":[],"product_cat":[696],"product_tag":[683,684],"class_list":{"0":"post-16876","1":"product","2":"type-product","3":"status-publish","4":"has-post-thumbnail","6":"product_cat-one-piece","7":"product_tag-one-piece","8":"product_tag-luffy","10":"first","11":"instock","12":"sale","13":"taxable","14":"shipping-taxable","15":"purchasable","16":"product-type-simple"},"jetpack_sharing_enabled":true,"_links":{"self":[{"href":"https:\/\/standify.org\/fr\/wp-json\/wp\/v2\/product\/16876","targetHints":{"allow":["GET"]}}],"collection":[{"href":"https:\/\/standify.org\/fr\/wp-json\/wp\/v2\/product"}],"about":[{"href":"https:\/\/standify.org\/fr\/wp-json\/wp\/v2\/types\/product"}],"replies":[{"embeddable":true,"href":"https:\/\/standify.org\/fr\/wp-json\/wp\/v2\/comments?post=16876"}],"version-history":[{"count":1,"href":"https:\/\/standify.org\/fr\/wp-json\/wp\/v2\/product\/16876\/revisions"}],"predecessor-version":[{"id":16886,"href":"https:\/\/standify.org\/fr\/wp-json\/wp\/v2\/product\/16876\/revisions\/16886"}],"wp:featuredmedia":[{"embeddable":true,"href":"https:\/\/standify.org\/fr\/wp-json\/wp\/v2\/media\/16805"}],"wp:attachment":[{"href":"https:\/\/standify.org\/fr\/wp-json\/wp\/v2\/media?parent=16876"}],"wp:term":[{"taxonomy":"product_brand","embeddable":true,"href":"https:\/\/standify.org\/fr\/wp-json\/wp\/v2\/product_brand?post=16876"},{"taxonomy":"product_cat","embeddable":true,"href":"https:\/\/standify.org\/fr\/wp-json\/wp\/v2\/product_cat?post=16876"},{"taxonomy":"product_tag","embeddable":true,"href":"https:\/\/standify.org\/fr\/wp-json\/wp\/v2\/product_tag?post=16876"}],"curies":[{"name":"wp","href":"https:\/\/api.w.org\/{rel}","templated":true}]}}