{"id":16803,"date":"2024-10-16T22:43:42","date_gmt":"2024-10-16T12:43:42","guid":{"rendered":"https:\/\/standify.org\/shop\/vinsmoke-sanji-all-blue-dream-collectible-figure-37cm\/"},"modified":"2026-04-19T21:56:28","modified_gmt":"2026-04-19T11:56:28","slug":"vinsmoke-sanji-all-blue-dream-collectible-figure-37cm","status":"publish","type":"product","link":"https:\/\/standify.org\/fr\/boutique\/vinsmoke-sanji-all-blue-dream-collectible-figure-37cm\/","title":{"rendered":"Vinsmoke Sanji \"All Blue Dream\" figurine \u00e0 collectionner 37cm"},"content":{"rendered":"<p><strong>\ud83d\udd25 VINSMOKE SANJI FIGURE - THE FUTURE ALL BLUE COOK FROM ONE PIECE\u2122 \ud83d\udd25<\/strong><\/p>\n<p>\ud83d\udda4 Aim\u00e9e par les fans du monde entier, cette superbe figurine Vinsmoke Sanji est votre chance de poss\u00e9der un morceau de l'histoire de l'humanit\u00e9. <strong>One Piece\u2122<\/strong> l\u00e9gende !<\/p>\n<p><strong>Rejoignez les milliers de collectionneurs qui ch\u00e9rissent d\u00e9j\u00e0 cette figure \u00e9pique !<\/strong><\/p>\n<p>\ud83d\udca5 <strong>Qu'est-ce qui fait de cette figurine un incontournable ?<\/strong><\/p>\n<ul>\n<li>\ud83d\udd25 <strong>Conception dynamique<\/strong>: Avec ses flammes f\u00e9roces et le style caract\u00e9ristique de Sanji, cette figurine refl\u00e8te parfaitement sa personnalit\u00e9 cool.<\/li>\n<li>\ud83d\udd74\ufe0f <strong>Deux looks embl\u00e9matiques<\/strong>: Que vous pr\u00e9f\u00e9riez son \u00e9l\u00e9gant costume noir ou son \u00e9l\u00e9gant costume blanc, cette figurine est livr\u00e9e avec les deux looks !<\/li>\n<li>\ud83d\udcaa <strong>Parfait pour les fans<\/strong>: Le voyage de Sanji \u00e0 la recherche du l\u00e9gendaire All Blue est l'un des arcs les plus inspirants, et cette figurine symbolise cette aventure.<\/li>\n<\/ul>\n<p><strong>Pourquoi Sanji est le favori des fans :<\/strong><\/p>\n<ul>\n<li>\ud83c\udf73 Cuisinier de classe mondiale pour les Pirates au chapeau de paille !<\/li>\n<li>\ud83d\udc4a Des comp\u00e9tences de combat imbattables avec ses coups de pied enflamm\u00e9s !<\/li>\n<li>C\u0153ur d'or et chevalerie pour les dames !<\/li>\n<\/ul>\n<p>\ud83d\udd17 <strong>Ne manquez pas cette occasion !<\/strong> Les autres fans ne tarissent pas d'\u00e9loges sur cette pi\u00e8ce de collection - ajoutez-la \u00e0 votre collection d\u00e8s aujourd'hui !<\/p>","protected":false},"excerpt":{"rendered":"<p>\ud83d\udd25 VINSMOKE SANJI FIGURE \u2014 THE FUTURE ALL BLUE COOK FROM ONE PIECE\u2122 \ud83d\udd25 \ud83d\udda4 Loved by fans all over<\/p>","protected":false},"featured_media":16715,"comment_status":"open","ping_status":"closed","template":"","meta":[],"product_brand":[],"product_cat":[696],"product_tag":[683],"class_list":{"0":"post-16803","1":"product","2":"type-product","3":"status-publish","4":"has-post-thumbnail","6":"product_cat-one-piece","7":"product_tag-one-piece","9":"first","10":"instock","11":"sale","12":"taxable","13":"shipping-taxable","14":"purchasable","15":"product-type-variable","16":"has-default-attributes"},"jetpack_sharing_enabled":true,"_links":{"self":[{"href":"https:\/\/standify.org\/fr\/wp-json\/wp\/v2\/product\/16803","targetHints":{"allow":["GET"]}}],"collection":[{"href":"https:\/\/standify.org\/fr\/wp-json\/wp\/v2\/product"}],"about":[{"href":"https:\/\/standify.org\/fr\/wp-json\/wp\/v2\/types\/product"}],"replies":[{"embeddable":true,"href":"https:\/\/standify.org\/fr\/wp-json\/wp\/v2\/comments?post=16803"}],"version-history":[{"count":2,"href":"https:\/\/standify.org\/fr\/wp-json\/wp\/v2\/product\/16803\/revisions"}],"predecessor-version":[{"id":16900,"href":"https:\/\/standify.org\/fr\/wp-json\/wp\/v2\/product\/16803\/revisions\/16900"}],"wp:featuredmedia":[{"embeddable":true,"href":"https:\/\/standify.org\/fr\/wp-json\/wp\/v2\/media\/16715"}],"wp:attachment":[{"href":"https:\/\/standify.org\/fr\/wp-json\/wp\/v2\/media?parent=16803"}],"wp:term":[{"taxonomy":"product_brand","embeddable":true,"href":"https:\/\/standify.org\/fr\/wp-json\/wp\/v2\/product_brand?post=16803"},{"taxonomy":"product_cat","embeddable":true,"href":"https:\/\/standify.org\/fr\/wp-json\/wp\/v2\/product_cat?post=16803"},{"taxonomy":"product_tag","embeddable":true,"href":"https:\/\/standify.org\/fr\/wp-json\/wp\/v2\/product_tag?post=16803"}],"curies":[{"name":"wp","href":"https:\/\/api.w.org\/{rel}","templated":true}]}}